{"id":786,"date":"2022-05-15T13:17:59","date_gmt":"2022-05-15T13:17:59","guid":{"rendered":"https:\/\/uniquehandsnaturespa.com\/respirez-massages-therapeutiques\/"},"modified":"2024-03-06T12:29:54","modified_gmt":"2024-03-06T12:29:54","slug":"respirez-massages-therapeutiques","status":"publish","type":"page","link":"https:\/\/uniquehandsnaturespa.com\/fr\/respirez-massages-therapeutiques\/","title":{"rendered":"Breathe | Massages th\u00e9rapeutiques"},"content":{"rendered":"\n<p><\/p>\n\n<h2 class=\"wp-block-heading\">RESPIREZ \u00c0 NOUVEAU<\/h2>\n\n<h3 class=\"wp-block-heading\" id=\"massagem-terapeutica\"><br\/>Massage th\u00e9rapeutique &#8211; 60min.<\/h3>\n\n<p>Inspirez &#8230; Expirez &#8230;<br\/>La massoth\u00e9rapie est d\u00e9di\u00e9e \u00e0 la r\u00e9cup\u00e9ration des blessures, \u00e0 l&rsquo;\u00e9limination des douleurs musculaires et des tensions localis\u00e9es. Cette pratique th\u00e9rapeutique combin\u00e9e \u00e0 l&rsquo;aromath\u00e9rapie favorise la production de s\u00e9rotonine et d&rsquo;endorphines, hormones du plaisir et du bien-\u00eatre, tout en r\u00e9duisant l&rsquo;anxi\u00e9t\u00e9 et le stress accumul\u00e9s. Inspirez&#8230; expirez&#8230; au bout d&rsquo;une heure, votre corps se sentira rafra\u00eechi et plein d&rsquo;\u00e9nergie positive !<\/p>\n\n<h3 class=\"wp-block-heading\" id=\"massagem-desportiva\">Massage sportif &#8211; 60min<\/h3>\n\n<p>Donnez \u00e0 votre corps plus de sant\u00e9 !<br\/>Le massage sportif apporte la l\u00e9g\u00e8ret\u00e9 n\u00e9cessaire \u00e0 ceux qui pratiquent un sport, car il favorise le bien-\u00eatre physique et mental, avant ou apr\u00e8s votre entra\u00eenement sportif. Profonde, avec un rythme intense et les bienfaits de l&rsquo;aromath\u00e9rapie, cette pratique th\u00e9rapeutique favorise la relaxation musculo-squelettique, pr\u00e9vient les blessures et soulage les tensions musculaires. Ce massage revigore votre corps, favorisant ainsi de meilleures performances lors de la pratique sportive.<\/p>\n\n<h3 class=\"wp-block-heading\">Massage respiratoire des jambes &#8211; 30min.<\/h3>\n\n<p>Donnez des ailes \u00e0 vos jambes&#8230;<br\/>Sentez la l\u00e9g\u00e8ret\u00e9 et le soulagement des jambes fatigu\u00e9es que vous procurera le massage Breathe Legs. Ce massage utilise des techniques sp\u00e9cifiques qui favorisent l&rsquo;activation de la circulation sanguine et lymphatique, am\u00e9liorant ainsi les sympt\u00f4mes de fatigue et de gonflement des jambes. Les huiles essentielles utilis\u00e9es renforceront l&rsquo;effet th\u00e9rapeutique du massage et apporteront une fra\u00eecheur et une l\u00e9g\u00e8ret\u00e9 imm\u00e9diates.<\/p>\n\n<h3 class=\"wp-block-heading\">R\u00e9flexologie [M\u00e3os \/ P\u00e9s] &#8211; 30min.\/60min.<\/h3>\n\n<p>Reflet de la sant\u00e9 !<br\/>La r\u00e9flexologie est une th\u00e9rapie pratiqu\u00e9e sur les pieds et les mains par pression sur des \u00ab\u00a0points r\u00e9flexes\u00a0\u00bb qui vise \u00e0 stimuler une zone, une glande ou un organe du corps, en r\u00e9tablissant son \u00e9quilibre naturel. En toute simplicit\u00e9, cette th\u00e9rapie naturelle vise \u00e0 restaurer la sant\u00e9 du corps et de l&rsquo;esprit, en r\u00e9tablissant le flux d&rsquo;\u00e9nergie vitale et en favorisant un sentiment unique de bien-\u00eatre.<\/p>\n\n<h3 class=\"wp-block-heading\">Massage intuitif &#8211; 60min.\/90min.<\/h3>\n\n<p>Le massage intuitif est une exp\u00e9rience transformatrice.  <\/p>\n\n<p>Lors de chaque s\u00e9ance, nous explorons la respiration \u00e9nerg\u00e9tique consciente, combin\u00e9e \u00e0 un massage th\u00e9rapeutique qui incorpore des mouvements d&rsquo;activation et de purification \u00e9nerg\u00e9tiques, permettant un enracinement et un centrage profonds.<\/p>\n\n<p>Parfois, des chants de gu\u00e9rison et un travail vocal peuvent appara\u00eetre, \u00e9largissant la voie vers un r\u00e9\u00e9quilibrage \u00e9motionnel.<\/p>\n\n<p>Permettez-vous de voyager vers l&rsquo;int\u00e9rieur, en utilisant le corps physique comme un canal pour ce voyage unique de d\u00e9couverte de soi.<\/p>\n\n<p><\/p>\n","protected":false},"excerpt":{"rendered":"<p>RESPIREZ \u00c0 NOUVEAU Massage th\u00e9rapeutique &#8211; 60min. Inspirez &#8230; Expirez &#8230;La massoth\u00e9rapie est d\u00e9di\u00e9e \u00e0 la r\u00e9cup\u00e9ration des blessures, \u00e0 l&rsquo;\u00e9limination des douleurs musculaires et des tensions localis\u00e9es. Cette pratique th\u00e9rapeutique combin\u00e9e \u00e0 l&rsquo;aromath\u00e9rapie favorise la production de s\u00e9rotonine et d&rsquo;endorphines, hormones du plaisir et du bien-\u00eatre, tout en r\u00e9duisant l&rsquo;anxi\u00e9t\u00e9 et le stress accumul\u00e9s. [&hellip;]<\/p>\n","protected":false},"author":1,"featured_media":787,"parent":0,"menu_order":0,"comment_status":"closed","ping_status":"closed","template":"","meta":{"_et_pb_use_builder":"on","_et_pb_old_content":"","_et_gb_content_width":"","footnotes":""},"class_list":["post-786","page","type-page","status-publish","has-post-thumbnail","hentry"],"yoast_head":"<!-- This site is optimized with the Yoast SEO plugin v27.1.1 - https:\/\/yoast.com\/product\/yoast-seo-wordpress\/ -->\n<title>Breathe | Massages th\u00e9rapeutiques - Unique Hands Nature Spa<\/title>\n<meta name=\"robots\" content=\"index, follow, max-snippet:-1, max-image-preview:large, max-video-preview:-1\" \/>\n<link rel=\"canonical\" href=\"https:\/\/uniquehandsnaturespa.com\/respirez-massages-therapeutiques\/\" \/>\n<meta property=\"og:locale\" content=\"fr_FR\" \/>\n<meta property=\"og:type\" content=\"article\" \/>\n<meta property=\"og:title\" content=\"Breathe | Massages th\u00e9rapeutiques - Unique Hands Nature Spa\" \/>\n<meta property=\"og:description\" content=\"RESPIREZ \u00c0 NOUVEAU Massage th\u00e9rapeutique - 60min. Inspirez ... Expirez ...La massoth\u00e9rapie est d\u00e9di\u00e9e \u00e0 la r\u00e9cup\u00e9ration des blessures, \u00e0 l&#039;\u00e9limination des douleurs musculaires et des tensions localis\u00e9es. Cette pratique th\u00e9rapeutique combin\u00e9e \u00e0 l&#039;aromath\u00e9rapie favorise la production de s\u00e9rotonine et d&#039;endorphines, hormones du plaisir et du bien-\u00eatre, tout en r\u00e9duisant l&#039;anxi\u00e9t\u00e9 et le stress accumul\u00e9s. [&hellip;]\" \/>\n<meta property=\"og:url\" content=\"https:\/\/uniquehandsnaturespa.com\/respirez-massages-therapeutiques\/\" \/>\n<meta property=\"og:site_name\" content=\"Unique Hands Nature Spa\" \/>\n<meta property=\"article:publisher\" content=\"https:\/\/www.facebook.com\/uniquehandsurbanspa\/\" \/>\n<meta property=\"article:modified_time\" content=\"2024-03-06T12:29:54+00:00\" \/>\n<meta property=\"og:image\" content=\"https:\/\/uniquehandsnaturespa.com\/wp-content\/uploads\/2022\/05\/breathe-massagens-unique.jpg\" \/>\n\t<meta property=\"og:image:width\" content=\"1180\" \/>\n\t<meta property=\"og:image:height\" content=\"435\" \/>\n\t<meta property=\"og:image:type\" content=\"image\/jpeg\" \/>\n<meta name=\"twitter:card\" content=\"summary_large_image\" \/>\n<meta name=\"twitter:label1\" content=\"Dur\u00e9e de lecture estim\u00e9e\" \/>\n\t<meta name=\"twitter:data1\" content=\"2 minutes\" \/>\n<script type=\"application\/ld+json\" class=\"yoast-schema-graph\">{\"@context\":\"https:\/\/schema.org\",\"@graph\":[{\"@type\":\"WebPage\",\"@id\":\"https:\/\/uniquehandsnaturespa.com\/respirez-massages-therapeutiques\/\",\"url\":\"https:\/\/uniquehandsnaturespa.com\/respirez-massages-therapeutiques\/\",\"name\":\"Breathe | Massages th\u00e9rapeutiques - Unique Hands Nature Spa\",\"isPartOf\":{\"@id\":\"https:\/\/uniquehandsnaturespa.com\/#website\"},\"primaryImageOfPage\":{\"@id\":\"https:\/\/uniquehandsnaturespa.com\/respirez-massages-therapeutiques\/#primaryimage\"},\"image\":{\"@id\":\"https:\/\/uniquehandsnaturespa.com\/respirez-massages-therapeutiques\/#primaryimage\"},\"thumbnailUrl\":\"https:\/\/uniquehandsnaturespa.com\/wp-content\/uploads\/2022\/05\/breathe-massagens-unique.jpg\",\"datePublished\":\"2022-05-15T13:17:59+00:00\",\"dateModified\":\"2024-03-06T12:29:54+00:00\",\"breadcrumb\":{\"@id\":\"https:\/\/uniquehandsnaturespa.com\/respirez-massages-therapeutiques\/#breadcrumb\"},\"inLanguage\":\"fr-FR\",\"potentialAction\":[{\"@type\":\"ReadAction\",\"target\":[\"https:\/\/uniquehandsnaturespa.com\/respirez-massages-therapeutiques\/\"]}]},{\"@type\":\"ImageObject\",\"inLanguage\":\"fr-FR\",\"@id\":\"https:\/\/uniquehandsnaturespa.com\/respirez-massages-therapeutiques\/#primaryimage\",\"url\":\"https:\/\/uniquehandsnaturespa.com\/wp-content\/uploads\/2022\/05\/breathe-massagens-unique.jpg\",\"contentUrl\":\"https:\/\/uniquehandsnaturespa.com\/wp-content\/uploads\/2022\/05\/breathe-massagens-unique.jpg\",\"width\":1180,\"height\":435},{\"@type\":\"BreadcrumbList\",\"@id\":\"https:\/\/uniquehandsnaturespa.com\/respirez-massages-therapeutiques\/#breadcrumb\",\"itemListElement\":[{\"@type\":\"ListItem\",\"position\":1,\"name\":\"Home\",\"item\":\"https:\/\/uniquehandsnaturespa.com\/fr\/\"},{\"@type\":\"ListItem\",\"position\":2,\"name\":\"Breathe | Massages th\u00e9rapeutiques\"}]},{\"@type\":\"WebSite\",\"@id\":\"https:\/\/uniquehandsnaturespa.com\/#website\",\"url\":\"https:\/\/uniquehandsnaturespa.com\/\",\"name\":\"Unique Hands Nature Spa\",\"description\":\"Massages et Wellness Spa \u00e0 Cascais\",\"publisher\":{\"@id\":\"https:\/\/uniquehandsnaturespa.com\/#organization\"},\"potentialAction\":[{\"@type\":\"SearchAction\",\"target\":{\"@type\":\"EntryPoint\",\"urlTemplate\":\"https:\/\/uniquehandsnaturespa.com\/?s={search_term_string}\"},\"query-input\":{\"@type\":\"PropertyValueSpecification\",\"valueRequired\":true,\"valueName\":\"search_term_string\"}}],\"inLanguage\":\"fr-FR\"},{\"@type\":\"Organization\",\"@id\":\"https:\/\/uniquehandsnaturespa.com\/#organization\",\"name\":\"Unique Hands Nature Spa\",\"url\":\"https:\/\/uniquehandsnaturespa.com\/\",\"logo\":{\"@type\":\"ImageObject\",\"inLanguage\":\"fr-FR\",\"@id\":\"https:\/\/uniquehandsnaturespa.com\/#\/schema\/logo\/image\/\",\"url\":\"https:\/\/uniquehandsnaturespa.com\/wp-content\/uploads\/2022\/05\/L_Dourado-1.png\",\"contentUrl\":\"https:\/\/uniquehandsnaturespa.com\/wp-content\/uploads\/2022\/05\/L_Dourado-1.png\",\"width\":491,\"height\":187,\"caption\":\"Unique Hands Nature Spa\"},\"image\":{\"@id\":\"https:\/\/uniquehandsnaturespa.com\/#\/schema\/logo\/image\/\"},\"sameAs\":[\"https:\/\/www.facebook.com\/uniquehandsurbanspa\/\",\"https:\/\/www.instagram.com\/unique_hands_._urban_spa\/\"]}]}<\/script>\n<!-- \/ Yoast SEO plugin. -->","yoast_head_json":{"title":"Breathe | Massages th\u00e9rapeutiques - Unique Hands Nature Spa","robots":{"index":"index","follow":"follow","max-snippet":"max-snippet:-1","max-image-preview":"max-image-preview:large","max-video-preview":"max-video-preview:-1"},"canonical":"https:\/\/uniquehandsnaturespa.com\/respirez-massages-therapeutiques\/","og_locale":"fr_FR","og_type":"article","og_title":"Breathe | Massages th\u00e9rapeutiques - Unique Hands Nature Spa","og_description":"RESPIREZ \u00c0 NOUVEAU Massage th\u00e9rapeutique - 60min. Inspirez ... Expirez ...La massoth\u00e9rapie est d\u00e9di\u00e9e \u00e0 la r\u00e9cup\u00e9ration des blessures, \u00e0 l'\u00e9limination des douleurs musculaires et des tensions localis\u00e9es. Cette pratique th\u00e9rapeutique combin\u00e9e \u00e0 l'aromath\u00e9rapie favorise la production de s\u00e9rotonine et d'endorphines, hormones du plaisir et du bien-\u00eatre, tout en r\u00e9duisant l'anxi\u00e9t\u00e9 et le stress accumul\u00e9s. [&hellip;]","og_url":"https:\/\/uniquehandsnaturespa.com\/respirez-massages-therapeutiques\/","og_site_name":"Unique Hands Nature Spa","article_publisher":"https:\/\/www.facebook.com\/uniquehandsurbanspa\/","article_modified_time":"2024-03-06T12:29:54+00:00","og_image":[{"width":1180,"height":435,"url":"https:\/\/uniquehandsnaturespa.com\/wp-content\/uploads\/2022\/05\/breathe-massagens-unique.jpg","type":"image\/jpeg"}],"twitter_card":"summary_large_image","twitter_misc":{"Dur\u00e9e de lecture estim\u00e9e":"2 minutes"},"schema":{"@context":"https:\/\/schema.org","@graph":[{"@type":"WebPage","@id":"https:\/\/uniquehandsnaturespa.com\/respirez-massages-therapeutiques\/","url":"https:\/\/uniquehandsnaturespa.com\/respirez-massages-therapeutiques\/","name":"Breathe | Massages th\u00e9rapeutiques - Unique Hands Nature Spa","isPartOf":{"@id":"https:\/\/uniquehandsnaturespa.com\/#website"},"primaryImageOfPage":{"@id":"https:\/\/uniquehandsnaturespa.com\/respirez-massages-therapeutiques\/#primaryimage"},"image":{"@id":"https:\/\/uniquehandsnaturespa.com\/respirez-massages-therapeutiques\/#primaryimage"},"thumbnailUrl":"https:\/\/uniquehandsnaturespa.com\/wp-content\/uploads\/2022\/05\/breathe-massagens-unique.jpg","datePublished":"2022-05-15T13:17:59+00:00","dateModified":"2024-03-06T12:29:54+00:00","breadcrumb":{"@id":"https:\/\/uniquehandsnaturespa.com\/respirez-massages-therapeutiques\/#breadcrumb"},"inLanguage":"fr-FR","potentialAction":[{"@type":"ReadAction","target":["https:\/\/uniquehandsnaturespa.com\/respirez-massages-therapeutiques\/"]}]},{"@type":"ImageObject","inLanguage":"fr-FR","@id":"https:\/\/uniquehandsnaturespa.com\/respirez-massages-therapeutiques\/#primaryimage","url":"https:\/\/uniquehandsnaturespa.com\/wp-content\/uploads\/2022\/05\/breathe-massagens-unique.jpg","contentUrl":"https:\/\/uniquehandsnaturespa.com\/wp-content\/uploads\/2022\/05\/breathe-massagens-unique.jpg","width":1180,"height":435},{"@type":"BreadcrumbList","@id":"https:\/\/uniquehandsnaturespa.com\/respirez-massages-therapeutiques\/#breadcrumb","itemListElement":[{"@type":"ListItem","position":1,"name":"Home","item":"https:\/\/uniquehandsnaturespa.com\/fr\/"},{"@type":"ListItem","position":2,"name":"Breathe | Massages th\u00e9rapeutiques"}]},{"@type":"WebSite","@id":"https:\/\/uniquehandsnaturespa.com\/#website","url":"https:\/\/uniquehandsnaturespa.com\/","name":"Unique Hands Nature Spa","description":"Massages et Wellness Spa \u00e0 Cascais","publisher":{"@id":"https:\/\/uniquehandsnaturespa.com\/#organization"},"potentialAction":[{"@type":"SearchAction","target":{"@type":"EntryPoint","urlTemplate":"https:\/\/uniquehandsnaturespa.com\/?s={search_term_string}"},"query-input":{"@type":"PropertyValueSpecification","valueRequired":true,"valueName":"search_term_string"}}],"inLanguage":"fr-FR"},{"@type":"Organization","@id":"https:\/\/uniquehandsnaturespa.com\/#organization","name":"Unique Hands Nature Spa","url":"https:\/\/uniquehandsnaturespa.com\/","logo":{"@type":"ImageObject","inLanguage":"fr-FR","@id":"https:\/\/uniquehandsnaturespa.com\/#\/schema\/logo\/image\/","url":"https:\/\/uniquehandsnaturespa.com\/wp-content\/uploads\/2022\/05\/L_Dourado-1.png","contentUrl":"https:\/\/uniquehandsnaturespa.com\/wp-content\/uploads\/2022\/05\/L_Dourado-1.png","width":491,"height":187,"caption":"Unique Hands Nature Spa"},"image":{"@id":"https:\/\/uniquehandsnaturespa.com\/#\/schema\/logo\/image\/"},"sameAs":["https:\/\/www.facebook.com\/uniquehandsurbanspa\/","https:\/\/www.instagram.com\/unique_hands_._urban_spa\/"]}]}},"_links":{"self":[{"href":"https:\/\/uniquehandsnaturespa.com\/fr\/wp-json\/wp\/v2\/pages\/786","targetHints":{"allow":["GET"]}}],"collection":[{"href":"https:\/\/uniquehandsnaturespa.com\/fr\/wp-json\/wp\/v2\/pages"}],"about":[{"href":"https:\/\/uniquehandsnaturespa.com\/fr\/wp-json\/wp\/v2\/types\/page"}],"author":[{"embeddable":true,"href":"https:\/\/uniquehandsnaturespa.com\/fr\/wp-json\/wp\/v2\/users\/1"}],"replies":[{"embeddable":true,"href":"https:\/\/uniquehandsnaturespa.com\/fr\/wp-json\/wp\/v2\/comments?post=786"}],"version-history":[{"count":5,"href":"https:\/\/uniquehandsnaturespa.com\/fr\/wp-json\/wp\/v2\/pages\/786\/revisions"}],"predecessor-version":[{"id":1835,"href":"https:\/\/uniquehandsnaturespa.com\/fr\/wp-json\/wp\/v2\/pages\/786\/revisions\/1835"}],"wp:featuredmedia":[{"embeddable":true,"href":"https:\/\/uniquehandsnaturespa.com\/fr\/wp-json\/wp\/v2\/media\/787"}],"wp:attachment":[{"href":"https:\/\/uniquehandsnaturespa.com\/fr\/wp-json\/wp\/v2\/media?parent=786"}],"curies":[{"name":"wp","href":"https:\/\/api.w.org\/{rel}","templated":true}]}}