{"id":803,"date":"2022-05-15T11:11:30","date_gmt":"2022-05-15T11:11:30","guid":{"rendered":"https:\/\/uniquehandsnaturespa.com\/corporatif\/"},"modified":"2024-03-06T15:16:05","modified_gmt":"2024-03-06T15:16:05","slug":"corporatif","status":"publish","type":"page","link":"https:\/\/uniquehandsnaturespa.com\/fr\/corporatif\/","title":{"rendered":"Entreprise"},"content":{"rendered":"<p>[et_pb_section fb_built=\u00a0\u00bb1&Prime; _builder_version=\u00a0\u00bb4.17.3&Prime; _module_preset=\u00a0\u00bbdefault\u00a0\u00bb use_background_color_gradient=\u00a0\u00bbon\u00a0\u00bb background_color_gradient_direction=\u00a0\u00bb135deg\u00a0\u00bb background_color_gradient_stops=\u00a0\u00bb#c49a6c 0%|#9ea38f 100%\u00a0\u00bb background_enable_image=\u00a0\u00bboff\u00a0\u00bb background_enable_pattern_style=\u00a0\u00bbon\u00a0\u00bb background_pattern_style=\u00a0\u00bbscallops\u00a0\u00bb background_pattern_color=\u00a0\u00bbrgba(0,0,0,0.03)\u00a0\u00bb custom_margin=\u00a0\u00bb||||false|false\u00a0\u00bb custom_padding=\u00a0\u00bb6em||6em||true|false\u00a0\u00bb global_colors_info=\u00a0\u00bb{}\u00a0\u00bb][et_pb_row _builder_version=\u00a0\u00bb4.17.3&Prime; _module_preset=\u00a0\u00bbdefault\u00a0\u00bb global_colors_info=\u00a0\u00bb{}\u00a0\u00bb][et_pb_column type=\u00a0\u00bb4_4&Prime; _builder_version=\u00a0\u00bb4.17.3&Prime; _module_preset=\u00a0\u00bbdefault\u00a0\u00bb global_colors_info=\u00a0\u00bb{}\u00a0\u00bb][et_pb_text _builder_version=\u00a0\u00bb4.17.3&Prime; _dynamic_attributes=\u00a0\u00bbcontent\u00a0\u00bb _module_preset=\u00a0\u00bbdefault\u00a0\u00bb text_font=\u00a0\u00bb|600||on|||||\u00a0\u00bb text_text_color=\u00a0\u00bb#FFFFFF\u00a0\u00bb text_font_size=\u00a0\u00bb45px\u00a0\u00bb global_colors_info=\u00a0\u00bb{}\u00a0\u00bb]@ET-DC@eyJkeW5hbWljIjp0cnVlLCJjb250ZW50IjoicG9zdF90aXRsZSIsInNldHRpbmdzIjp7ImJlZm9yZSI6IiIsImFmdGVyIjoiIiwiZW5hYmxlX2h0bWwiOiJvZmYifX0=@[\/et_pb_text][\/et_pb_column][\/et_pb_row][\/et_pb_section][et_pb_section fb_built=\u00a0\u00bb1&Prime; _builder_version=\u00a0\u00bb4.17.3&Prime; _module_preset=\u00a0\u00bbdefault\u00a0\u00bb global_colors_info=\u00a0\u00bb{}\u00a0\u00bb][et_pb_row _builder_version=\u00a0\u00bb4.17.3&Prime; _module_preset=\u00a0\u00bbdefault\u00a0\u00bb global_colors_info=\u00a0\u00bb{}\u00a0\u00bb][et_pb_column type=\u00a0\u00bb4_4&Prime; _builder_version=\u00a0\u00bb4.17.3&Prime; _module_preset=\u00a0\u00bbdefault\u00a0\u00bb global_colors_info=\u00a0\u00bb{}\u00a0\u00bb][et_pb_text _builder_version=\u00a0\u00bb4.17.3&Prime; _module_preset=\u00a0\u00bbdefault\u00a0\u00bb text_text_color=\u00a0\u00bbrgba(51,51,51,0.77)\u00a0\u00bb text_font_size=\u00a0\u00bb16px\u00a0\u00bb link_text_color=\u00a0\u00bb#C49A6C\u00a0\u00bb global_colors_info=\u00a0\u00bb{}\u00a0\u00bb]<\/p>\n<p>Chez Unique Hands, nous avons cr\u00e9\u00e9 un concept d&rsquo;entreprise, o\u00f9 \u00ab\u00a0en dehors des portes\u00a0\u00bb, nous transportons un temps unique jusqu&rsquo;\u00e0 la fin de l&rsquo;ann\u00e9e.<span> <\/span><a href=\"http:\/\/uniquehandsurbanspa.com\/corporate\/empresas\/\"><span>Entreprises<\/span><\/a><span> <\/span>ou<span> <\/span><a href=\"http:\/\/uniquehandsurbanspa.com\/corporate\/eventos\/\"><br \/>\n  <span>\u00c9v\u00e9nements sp\u00e9ciaux<\/span><br \/>\n<\/a>. De mani\u00e8re d\u00e9tendue, offrez un traitement de massage rapide dans l&rsquo;espace de votre choix, offrant un massage revigorant bas\u00e9 sur des techniques de massage shiatsu et occidentales.<\/p>\n<p>A<span> <\/span><a href=\"http:\/\/uniquehandsurbanspa.com\/tratamentos\/time-massagens-de-relaxamento\/\"><br \/>\n  <span>Massage rapide<\/span><br \/>\n<\/a><span> <\/span>est une pratique th\u00e9rapeutique reconnue comme un \u00e9l\u00e9ment d&rsquo;inspiration et de motivation, favorisant imm\u00e9diatement la sant\u00e9 physique et mentale.<\/p>\n<p>[\/et_pb_text][\/et_pb_column][\/et_pb_row][\/et_pb_section][et_pb_section fb_built=\u00a0\u00bb1&Prime; module_id=\u00a0\u00bbentreprises\u00a0\u00bb _builder_version=\u00a0\u00bb4.17.3&Prime; _module_preset=\u00a0\u00bbdefault\u00a0\u00bb background_color=\u00a0\u00bb#F9F9F9&Prime; global_colors_info=\u00a0\u00bb{}\u00a0\u00bb][et_pb_row column_structure=\u00a0\u00bb1_2,1_2&Prime; _builder_version=\u00a0\u00bb4.17.3&Prime; _module_preset=\u00a0\u00bbdefault\u00a0\u00bb global_colors_info=\u00a0\u00bb{}\u00a0\u00bb custom_css_main_element_last_edited=\u00a0\u00bbon|tablet\u00a0\u00bb custom_css_main_element_tablet=\u00a0\u00bbdisplay:flex;||flex-direction: column-reverse;\u00a0\u00bb custom_css_main_element_phone=\u00a0\u00bbdisplay:flex;||flex-direction: column-reverse;\u00a0\u00bb][et_pb_column type=\u00a0\u00bb1_2&Prime; _builder_version=\u00a0\u00bb4.17.3&Prime; _module_preset=\u00a0\u00bbdefault\u00a0\u00bb global_colors_info=\u00a0\u00bb{}\u00a0\u00bb][et_pb_image src=\u00a0\u00bbhttps:\/\/uniquehandsnaturespa.com\/wp-content\/uploads\/2022\/06\/corporate-unique.jpeg\u00a0\u00bb title_text=\u00a0\u00bbunique en son genre\u00a0\u00bb _builder_version=\u00a0\u00bb4.17.4&Prime; _module_preset=\u00a0\u00bbdefault\u00a0\u00bb custom_padding=\u00a0\u00bb||||false|false\u00a0\u00bb custom_padding_tablet=\u00a0\u00bb2em||||false|false\u00a0\u00bb custom_padding_phone=\u00a0\u00bb2em||||false|false\u00a0\u00bb custom_padding_last_edited=\u00a0\u00bbon|tablet\u00a0\u00bb global_colors_info=\u00a0\u00bb{}\u00a0\u00bb][\/et_pb_image][\/et_pb_column][et_pb_column type=\u00a0\u00bb1_2&Prime; _builder_version=\u00a0\u00bb4.17.3&Prime; _module_preset=\u00a0\u00bbdefault\u00a0\u00bb global_colors_info=\u00a0\u00bb{}\u00a0\u00bb][et_pb_text _builder_version=\u00a0\u00bb4.17.3&Prime; _module_preset=\u00a0\u00bbdefault\u00a0\u00bb text_text_color=\u00a0\u00bbrgba(51,51,51,0.77)\u00a0\u00bb text_font_size=\u00a0\u00bb16px\u00a0\u00bb link_text_color=\u00a0\u00bb#C49A6C\u00a0\u00bb global_colors_info=\u00a0\u00bb{}\u00a0\u00bb]<\/p>\n<h2 bis_size=\"{\"x\":11,\"y\":19,\"w\":309,\"h\":72,\"abs_x\":77,\"abs_y\":503}\">NOUS AIMONS LES ENTREPRISES HEUREUSES !<\/h2>\n<p bis_size=\"{\"x\":11,\"y\":111,\"w\":309,\"h\":96,\"abs_x\":77,\"abs_y\":595}\">\n<p bis_size=\"{\"x\":11,\"y\":111,\"w\":309,\"h\":96,\"abs_x\":77,\"abs_y\":595}\">Unique Hands vous accompagne sur ce chemin pour devenir une entreprise plus orient\u00e9e vers la sant\u00e9, le bien-\u00eatre et le bonheur de ses employ\u00e9s.<\/p>\n<p bis_size=\"{\"x\":11,\"y\":223,\"w\":309,\"h\":144,\"abs_x\":77,\"abs_y\":707}\">Nous pouvons vous accompagner gr\u00e2ce \u00e0 des partenariats d&rsquo;entreprise, dans le cadre desquels les employ\u00e9s b\u00e9n\u00e9ficieront de conditions sp\u00e9ciales lors de l&rsquo;achat de traitements au Nature Spa, sur pr\u00e9sentation de leur pi\u00e8ce d&rsquo;identit\u00e9.<\/p>\n<p bis_size=\"{\"x\":11,\"y\":383,\"w\":309,\"h\":192,\"abs_x\":77,\"abs_y\":867}\">Nous sommes \u00e9galement pr\u00e9sents dans votre entreprise avec Quick Massage sur le lieu de travail. Nous pensons que les avantages tels que l&rsquo;augmentation de la concentration et de la cr\u00e9ativit\u00e9, la motivation, la sant\u00e9 et l&rsquo;\u00e9nergie positive favoriseront la productivit\u00e9 et l&rsquo;obtention de meilleurs r\u00e9sultats.<\/p>\n<p bis_size=\"{\"x\":11,\"y\":591,\"w\":309,\"h\":48,\"abs_x\":77,\"abs_y\":1075}\"><span bis_size=\"{\"x\":9,\"y\":593,\"w\":97,\"h\":19,\"abs_x\":75,\"abs_y\":1077}\"><br \/>\n  <a href=\"https:\/\/uniquehandsnaturespa.com\/fr\/contacts\/\" bis_size=\"{\"x\":9,\"y\":593,\"w\":97,\"h\":19,\"abs_x\":75,\"abs_y\":1077}\">Contactez nous<\/a><br \/>\n<\/span><span bis_size=\"{\"x\":104,\"y\":593,\"w\":3,\"h\":19,\"abs_x\":170,\"abs_y\":1077}\"> <\/span>pour en savoir plus sur ce service unique.<\/p>\n<p bis_size=\"{\"x\":11,\"y\":655,\"w\":309,\"h\":216,\"abs_x\":77,\"abs_y\":1139}\">[Le massage rapide est une pratique th\u00e9rapeutique bas\u00e9e sur les techniques de<span bis_size=\"{\"x\":27,\"y\":705,\"w\":3,\"h\":19,\"abs_x\":93,\"abs_y\":1189}\"> <\/span><em bis_size=\"{\"x\":31,\"y\":705,\"w\":51,\"h\":19,\"abs_x\":97,\"abs_y\":1189}\">shiatsu<\/em><span bis_size=\"{\"x\":83,\"y\":705,\"w\":3,\"h\":19,\"abs_x\":149,\"abs_y\":1189}\"> <\/span>et le massage occidental. Le massage dure 15 minutes et agit sur les zones les plus tendues &#8211; le dos, les bras, la nuque et la t\u00eate &#8211; et est tr\u00e8s pratique car il ne n\u00e9cessite pas l&rsquo;utilisation de cr\u00e8mes ou d&rsquo;huiles et s&rsquo;effectue sur les v\u00eatements].<\/p>\n<p>[\/et_pb_text][\/et_pb_column][\/et_pb_row][\/et_pb_section][et_pb_section fb_built=\u00a0\u00bb1&Prime; module_id=\u00a0\u00bb\u00e9v\u00e9nements\u00a0\u00bb _builder_version=\u00a0\u00bb4.17.3&Prime; _module_preset=\u00a0\u00bbdefault\u00a0\u00bb global_colors_info=\u00a0\u00bb{}\u00a0\u00bb][et_pb_row column_structure=\u00a0\u00bb1_2,1_2&Prime; _builder_version=\u00a0\u00bb4.17.3&Prime; _module_preset=\u00a0\u00bbdefault\u00a0\u00bb global_colors_info=\u00a0\u00bb{}\u00a0\u00bb][et_pb_column type=\u00a0\u00bb1_2&Prime; _builder_version=\u00a0\u00bb4.17.3&Prime; _module_preset=\u00a0\u00bbdefault\u00a0\u00bb global_colors_info=\u00a0\u00bb{}\u00a0\u00bb][et_pb_text _builder_version=\u00a0\u00bb4.17.3&Prime; _module_preset=\u00a0\u00bbdefault\u00a0\u00bb text_text_color=\u00a0\u00bbrgba(51,51,51,0.77)\u00a0\u00bb text_font_size=\u00a0\u00bb16px\u00a0\u00bb link_text_color=\u00a0\u00bb#C49A6C\u00a0\u00bb global_colors_info=\u00a0\u00bb{}\u00a0\u00bb]<\/p>\n<h2 bis_size=\"{\"x\":11,\"y\":19,\"w\":309,\"h\":36,\"abs_x\":78,\"abs_y\":503}\">NOUS AIMONS LES \u00c9V\u00c9NEMENTS !<\/h2>\n<p bis_size=\"{\"x\":11,\"y\":115,\"w\":309,\"h\":48,\"abs_x\":78,\"abs_y\":599}\">\n<p bis_size=\"{\"x\":11,\"y\":115,\"w\":309,\"h\":48,\"abs_x\":78,\"abs_y\":599}\">Les jours sp\u00e9ciaux appellent des moments sp\u00e9ciaux !<\/p>\n<p bis_size=\"{\"x\":11,\"y\":179,\"w\":309,\"h\":144,\"abs_x\":78,\"abs_y\":663}\">Unique Hands a cr\u00e9\u00e9 un concept qui apporte le meilleur d&rsquo;un spa \u00ab\u00a0en plein air\u00a0\u00bb \u00e0 vos \u00e9v\u00e9nements. Cr\u00e9ez un moment diff\u00e9rent, simple et relaxant en offrant \u00e0 vos invit\u00e9s 15 minutes de massage rapide.<\/p>\n<p bis_size=\"{\"x\":11,\"y\":339,\"w\":309,\"h\":24,\"abs_x\":78,\"abs_y\":823}\"><em bis_size=\"{\"x\":11,\"y\":341,\"w\":131,\"h\":19,\"abs_x\":78,\"abs_y\":825}\">Fabriqu\u00e9 avec amour par<\/em><span bis_size=\"{\"x\":142,\"y\":341,\"w\":3,\"h\":19,\"abs_x\":209,\"abs_y\":825}\"> <\/span>Unique Hands&#8230;<\/p>\n<p bis_size=\"{\"x\":11,\"y\":379,\"w\":309,\"h\":48,\"abs_x\":78,\"abs_y\":863}\"><a href=\"https:\/\/uniquehandsnaturespa.com\/fr\/contacts\/\" target=\"_blank\" rel=\"noopener noreferrer\">Contactez-nous<\/a> pour en savoir plus sur ce service unique.<\/p>\n<p bis_size=\"{\"x\":11,\"y\":443,\"w\":309,\"h\":216,\"abs_x\":78,\"abs_y\":927}\">[Le massage rapide est une pratique th\u00e9rapeutique bas\u00e9e sur les techniques du shiatsu et du massage occidental. Le massage dure 15 minutes et agit sur les zones de tension musculaire les plus importantes &#8211; le dos, les bras, la nuque et la t\u00eate &#8211; et est tr\u00e8s pratique, car il ne n\u00e9cessite pas l&rsquo;utilisation de cr\u00e8mes ou d&rsquo;huiles et s&rsquo;effectue sur les v\u00eatements].<\/p>\n<p>[\/et_pb_text][\/et_pb_column][et_pb_column type=\u00a0\u00bb1_2&Prime; _builder_version=\u00a0\u00bb4.17.3&Prime; _module_preset=\u00a0\u00bbdefault\u00a0\u00bb global_colors_info=\u00a0\u00bb{}\u00a0\u00bb][et_pb_image src=\u00a0\u00bbhttps:\/\/uniquehandsnaturespa.com\/wp-content\/uploads\/2022\/06\/urban-spa-25.jpg\u00a0\u00bb title_text=\u00a0\u00bburban-spa-25&Prime; _builder_version=\u00a0\u00bb4.17.4&Prime; _module_preset=\u00a0\u00bbdefault\u00a0\u00bb global_colors_info=\u00a0\u00bb{}\u00a0\u00bb][\/et_pb_image][\/et_pb_column][\/et_pb_row][\/et_pb_section]<\/p>\n","protected":false},"excerpt":{"rendered":"<p>Chez Unique Hands, nous avons cr\u00e9\u00e9 un concept d&rsquo;entreprise, o\u00f9 \u00ab\u00a0en dehors des portes\u00a0\u00bb, nous transportons un temps unique jusqu&rsquo;\u00e0 la fin de l&rsquo;ann\u00e9e. Entreprises ou \u00c9v\u00e9nements sp\u00e9ciaux . De mani\u00e8re d\u00e9tendue, offrez un traitement de massage rapide dans l&rsquo;espace de votre choix, offrant un massage revigorant bas\u00e9 sur des techniques de massage shiatsu et [&hellip;]<\/p>\n","protected":false},"author":1,"featured_media":0,"parent":0,"menu_order":0,"comment_status":"closed","ping_status":"closed","template":"","meta":{"_et_pb_use_builder":"on","_et_pb_old_content":"","_et_gb_content_width":"","footnotes":""},"class_list":["post-803","page","type-page","status-publish","hentry"],"yoast_head":"<!-- This site is optimized with the Yoast SEO plugin v27.1.1 - https:\/\/yoast.com\/product\/yoast-seo-wordpress\/ -->\n<title>Entreprise - Unique Hands Nature Spa<\/title>\n<meta name=\"robots\" content=\"index, follow, max-snippet:-1, max-image-preview:large, max-video-preview:-1\" \/>\n<link rel=\"canonical\" href=\"https:\/\/uniquehandsnaturespa.com\/corporatif\/\" \/>\n<meta property=\"og:locale\" content=\"fr_FR\" \/>\n<meta property=\"og:type\" content=\"article\" \/>\n<meta property=\"og:title\" content=\"Entreprise - Unique Hands Nature Spa\" \/>\n<meta property=\"og:description\" content=\"Chez Unique Hands, nous avons cr\u00e9\u00e9 un concept d&#039;entreprise, o\u00f9 &quot;en dehors des portes&quot;, nous transportons un temps unique jusqu&#039;\u00e0 la fin de l&#039;ann\u00e9e. Entreprises ou \u00c9v\u00e9nements sp\u00e9ciaux . De mani\u00e8re d\u00e9tendue, offrez un traitement de massage rapide dans l&#039;espace de votre choix, offrant un massage revigorant bas\u00e9 sur des techniques de massage shiatsu et [&hellip;]\" \/>\n<meta property=\"og:url\" content=\"https:\/\/uniquehandsnaturespa.com\/corporatif\/\" \/>\n<meta property=\"og:site_name\" content=\"Unique Hands Nature Spa\" \/>\n<meta property=\"article:publisher\" content=\"https:\/\/www.facebook.com\/uniquehandsurbanspa\/\" \/>\n<meta property=\"article:modified_time\" content=\"2024-03-06T15:16:05+00:00\" \/>\n<meta name=\"twitter:card\" content=\"summary_large_image\" \/>\n<meta name=\"twitter:label1\" content=\"Dur\u00e9e de lecture estim\u00e9e\" \/>\n\t<meta name=\"twitter:data1\" content=\"5 minutes\" \/>\n<script type=\"application\/ld+json\" class=\"yoast-schema-graph\">{\"@context\":\"https:\/\/schema.org\",\"@graph\":[{\"@type\":\"WebPage\",\"@id\":\"https:\/\/uniquehandsnaturespa.com\/corporatif\/\",\"url\":\"https:\/\/uniquehandsnaturespa.com\/corporatif\/\",\"name\":\"Entreprise - Unique Hands Nature Spa\",\"isPartOf\":{\"@id\":\"https:\/\/uniquehandsnaturespa.com\/#website\"},\"datePublished\":\"2022-05-15T11:11:30+00:00\",\"dateModified\":\"2024-03-06T15:16:05+00:00\",\"breadcrumb\":{\"@id\":\"https:\/\/uniquehandsnaturespa.com\/corporatif\/#breadcrumb\"},\"inLanguage\":\"fr-FR\",\"potentialAction\":[{\"@type\":\"ReadAction\",\"target\":[\"https:\/\/uniquehandsnaturespa.com\/corporatif\/\"]}]},{\"@type\":\"BreadcrumbList\",\"@id\":\"https:\/\/uniquehandsnaturespa.com\/corporatif\/#breadcrumb\",\"itemListElement\":[{\"@type\":\"ListItem\",\"position\":1,\"name\":\"Home\",\"item\":\"https:\/\/uniquehandsnaturespa.com\/fr\/\"},{\"@type\":\"ListItem\",\"position\":2,\"name\":\"Entreprise\"}]},{\"@type\":\"WebSite\",\"@id\":\"https:\/\/uniquehandsnaturespa.com\/#website\",\"url\":\"https:\/\/uniquehandsnaturespa.com\/\",\"name\":\"Unique Hands Nature Spa\",\"description\":\"Massages et Wellness Spa \u00e0 Cascais\",\"publisher\":{\"@id\":\"https:\/\/uniquehandsnaturespa.com\/#organization\"},\"potentialAction\":[{\"@type\":\"SearchAction\",\"target\":{\"@type\":\"EntryPoint\",\"urlTemplate\":\"https:\/\/uniquehandsnaturespa.com\/?s={search_term_string}\"},\"query-input\":{\"@type\":\"PropertyValueSpecification\",\"valueRequired\":true,\"valueName\":\"search_term_string\"}}],\"inLanguage\":\"fr-FR\"},{\"@type\":\"Organization\",\"@id\":\"https:\/\/uniquehandsnaturespa.com\/#organization\",\"name\":\"Unique Hands Nature Spa\",\"url\":\"https:\/\/uniquehandsnaturespa.com\/\",\"logo\":{\"@type\":\"ImageObject\",\"inLanguage\":\"fr-FR\",\"@id\":\"https:\/\/uniquehandsnaturespa.com\/#\/schema\/logo\/image\/\",\"url\":\"https:\/\/uniquehandsnaturespa.com\/wp-content\/uploads\/2022\/05\/L_Dourado-1.png\",\"contentUrl\":\"https:\/\/uniquehandsnaturespa.com\/wp-content\/uploads\/2022\/05\/L_Dourado-1.png\",\"width\":491,\"height\":187,\"caption\":\"Unique Hands Nature Spa\"},\"image\":{\"@id\":\"https:\/\/uniquehandsnaturespa.com\/#\/schema\/logo\/image\/\"},\"sameAs\":[\"https:\/\/www.facebook.com\/uniquehandsurbanspa\/\",\"https:\/\/www.instagram.com\/unique_hands_._urban_spa\/\"]}]}<\/script>\n<!-- \/ Yoast SEO plugin. -->","yoast_head_json":{"title":"Entreprise - Unique Hands Nature Spa","robots":{"index":"index","follow":"follow","max-snippet":"max-snippet:-1","max-image-preview":"max-image-preview:large","max-video-preview":"max-video-preview:-1"},"canonical":"https:\/\/uniquehandsnaturespa.com\/corporatif\/","og_locale":"fr_FR","og_type":"article","og_title":"Entreprise - Unique Hands Nature Spa","og_description":"Chez Unique Hands, nous avons cr\u00e9\u00e9 un concept d'entreprise, o\u00f9 \"en dehors des portes\", nous transportons un temps unique jusqu'\u00e0 la fin de l'ann\u00e9e. Entreprises ou \u00c9v\u00e9nements sp\u00e9ciaux . De mani\u00e8re d\u00e9tendue, offrez un traitement de massage rapide dans l'espace de votre choix, offrant un massage revigorant bas\u00e9 sur des techniques de massage shiatsu et [&hellip;]","og_url":"https:\/\/uniquehandsnaturespa.com\/corporatif\/","og_site_name":"Unique Hands Nature Spa","article_publisher":"https:\/\/www.facebook.com\/uniquehandsurbanspa\/","article_modified_time":"2024-03-06T15:16:05+00:00","twitter_card":"summary_large_image","twitter_misc":{"Dur\u00e9e de lecture estim\u00e9e":"5 minutes"},"schema":{"@context":"https:\/\/schema.org","@graph":[{"@type":"WebPage","@id":"https:\/\/uniquehandsnaturespa.com\/corporatif\/","url":"https:\/\/uniquehandsnaturespa.com\/corporatif\/","name":"Entreprise - Unique Hands Nature Spa","isPartOf":{"@id":"https:\/\/uniquehandsnaturespa.com\/#website"},"datePublished":"2022-05-15T11:11:30+00:00","dateModified":"2024-03-06T15:16:05+00:00","breadcrumb":{"@id":"https:\/\/uniquehandsnaturespa.com\/corporatif\/#breadcrumb"},"inLanguage":"fr-FR","potentialAction":[{"@type":"ReadAction","target":["https:\/\/uniquehandsnaturespa.com\/corporatif\/"]}]},{"@type":"BreadcrumbList","@id":"https:\/\/uniquehandsnaturespa.com\/corporatif\/#breadcrumb","itemListElement":[{"@type":"ListItem","position":1,"name":"Home","item":"https:\/\/uniquehandsnaturespa.com\/fr\/"},{"@type":"ListItem","position":2,"name":"Entreprise"}]},{"@type":"WebSite","@id":"https:\/\/uniquehandsnaturespa.com\/#website","url":"https:\/\/uniquehandsnaturespa.com\/","name":"Unique Hands Nature Spa","description":"Massages et Wellness Spa \u00e0 Cascais","publisher":{"@id":"https:\/\/uniquehandsnaturespa.com\/#organization"},"potentialAction":[{"@type":"SearchAction","target":{"@type":"EntryPoint","urlTemplate":"https:\/\/uniquehandsnaturespa.com\/?s={search_term_string}"},"query-input":{"@type":"PropertyValueSpecification","valueRequired":true,"valueName":"search_term_string"}}],"inLanguage":"fr-FR"},{"@type":"Organization","@id":"https:\/\/uniquehandsnaturespa.com\/#organization","name":"Unique Hands Nature Spa","url":"https:\/\/uniquehandsnaturespa.com\/","logo":{"@type":"ImageObject","inLanguage":"fr-FR","@id":"https:\/\/uniquehandsnaturespa.com\/#\/schema\/logo\/image\/","url":"https:\/\/uniquehandsnaturespa.com\/wp-content\/uploads\/2022\/05\/L_Dourado-1.png","contentUrl":"https:\/\/uniquehandsnaturespa.com\/wp-content\/uploads\/2022\/05\/L_Dourado-1.png","width":491,"height":187,"caption":"Unique Hands Nature Spa"},"image":{"@id":"https:\/\/uniquehandsnaturespa.com\/#\/schema\/logo\/image\/"},"sameAs":["https:\/\/www.facebook.com\/uniquehandsurbanspa\/","https:\/\/www.instagram.com\/unique_hands_._urban_spa\/"]}]}},"_links":{"self":[{"href":"https:\/\/uniquehandsnaturespa.com\/fr\/wp-json\/wp\/v2\/pages\/803","targetHints":{"allow":["GET"]}}],"collection":[{"href":"https:\/\/uniquehandsnaturespa.com\/fr\/wp-json\/wp\/v2\/pages"}],"about":[{"href":"https:\/\/uniquehandsnaturespa.com\/fr\/wp-json\/wp\/v2\/types\/page"}],"author":[{"embeddable":true,"href":"https:\/\/uniquehandsnaturespa.com\/fr\/wp-json\/wp\/v2\/users\/1"}],"replies":[{"embeddable":true,"href":"https:\/\/uniquehandsnaturespa.com\/fr\/wp-json\/wp\/v2\/comments?post=803"}],"version-history":[{"count":5,"href":"https:\/\/uniquehandsnaturespa.com\/fr\/wp-json\/wp\/v2\/pages\/803\/revisions"}],"predecessor-version":[{"id":1887,"href":"https:\/\/uniquehandsnaturespa.com\/fr\/wp-json\/wp\/v2\/pages\/803\/revisions\/1887"}],"wp:attachment":[{"href":"https:\/\/uniquehandsnaturespa.com\/fr\/wp-json\/wp\/v2\/media?parent=803"}],"curies":[{"name":"wp","href":"https:\/\/api.w.org\/{rel}","templated":true}]}}