{"id":825,"date":"2022-06-05T15:36:17","date_gmt":"2022-06-05T15:36:17","guid":{"rendered":"https:\/\/uniquehandsnaturespa.com\/termes-et-conditions\/"},"modified":"2022-07-20T15:22:04","modified_gmt":"2022-07-20T15:22:04","slug":"termes-et-conditions","status":"publish","type":"page","link":"https:\/\/uniquehandsnaturespa.com\/fr\/termes-et-conditions\/","title":{"rendered":"Termes et conditions"},"content":{"rendered":"\n<p><\/p>\n\n<h3 class=\"wp-block-heading\">Conditions d\u2019acc\u00e8s<\/h3>\n\n<p>Pour entrer dans l\u2019espace, il est obligatoire d\u2019utiliser des pantoufles, fournies par le spa.<br\/>Les mineurs uniquement accompagn\u00e9s de leurs parents.<br\/>Les gens n\u2019ont pas le droit d\u2019\u00eatre ivres, d\u2019une sorte de substance ou psychologiquement perturb\u00e9s.<br\/>Aucun animal n\u2019est autoris\u00e9 dans l\u2019espace.<br\/>Le spa n\u2019est pas responsable de tout type de vol en son sein.<br\/>Aux fins du paragraphe pr\u00e9c\u00e9dent, vous devez toujours conserver vos actifs<br\/>Les t\u00e9l\u00e9phones portables doivent \u00eatre silencieux ou \u00e9teints afin de ne pas perturber le fonctionnement normal, tout comme le ton de la voix doit \u00eatre bas.<br\/>Le Spa n\u2019est pas responsable des dommages survenus dans l\u2019espace s\u2019il ne respecte pas les r\u00e8gles de celui-ci.<\/p>\n\n<p><\/p>\n\n<h3 class=\"wp-block-heading\">Massages<\/h3>\n\n<p>Vous devez signaler tout type de probl\u00e8me sur la carte client.<br\/>S\u2019il vous pla\u00eet \u00eatre inform\u00e9 que doit arriver 10 min avant le massage, le temps de retard ne sera pas r\u00e9initialis\u00e9 dans le traitement.<br\/>Nous ne massons pas les femmes enceintes de moins de 3 mois.<\/p>\n\n<p>Les revervas doivent \u00eatre effectu\u00e9s au moins un \u00e0 deux jours \u00e0 l\u2019avance par t\u00e9l\u00e9phone ou par e-mail 915623060 uniquehands.bt@gmail.com<\/p>\n\n<h3 class=\"wp-block-heading\">Remboursement<\/h3>\n\n<p>Nous ne remboursons pas les bons et les services en ligne ou en face \u00e0 face, et ne pouvons \u00e9changer que contre d\u2019autres services de m\u00eame valeur.<\/p>\n\n<p>L\u2019achat de bons d\u2019achat peut \u00eatre effectu\u00e9 sur le site Web ou en face \u00e0 face.<br\/>Le bon expire si votre r\u00e9servation n\u2019est pas annul\u00e9e 24 heures \u00e0 l\u2019avance.<br\/>Vous pouvez effectuer le traitement apr\u00e8s la date de p\u00e9remption pour 30% de la m\u00eame chose.<br\/>Il dure 6 mois et n\u2019est pas transf\u00e9rable \u00e0 d\u2019autres personnes<\/p>\n\n<p><\/p>\n\n<h3 class=\"wp-block-heading\">Juridiction et droit applicable<\/h3>\n\n<p>Le contenu et les informations des samscaixilharia.com contenues dans ce site Web ne sont mis \u00e0 la disposition que des utilisateurs du Portugal. Le samscaixilharia.com ne suppose pas que ce contenu et ces informations sont appropri\u00e9s ou disponibles dans d\u2019autres pays.<\/p>\n\n<p>L\u2019utilisateur de cette page et samscaixilharia.com accepter sans r\u00e9serve que tout litige ou litige d\u00e9coulant de l\u2019utilisation de ce site Web sera r\u00e9gi par la loi portugaise, en acceptant comme comp\u00e9tent, avec renonciation expresse de tout autre, la juridiction du district de Lisbonne, Portugal.<\/p>\n\n<p>En cas de litige, conform\u00e9ment \u00e0 la loi n\u00b0 144\/2015 du 8 septembre, le consommateur peut recourir aux entit\u00e9s de r\u00e8glement extrajudiciaire des litiges de consommation (REL) suivantes : \u2013 CNIACC \u2013 Centre national d\u2019information et d\u2019arbitrage des litiges de consommation ; \u2013 Centre d\u2019arbitrage des litiges de consommation de Lisbonne. \u00c9tant donn\u00e9 que toutes les informations et coordonn\u00e9es sont disponibles sur le portail des consommateurs \u00e0 l\u2019adresse  <a rel=\"noreferrer noopener\" href=\"http:\/\/www.consumidor.pt\/\" target=\"_blank\">www.consumidor.pt.<\/a><\/p>\n\n<p><\/p>\n\n<p><strong>Comment pouvez-vous nous contacter?<\/strong><\/p>\n\n<p>Si vous avez des questions ou des commentaires au sujet de cet avis, vous pouvez nous envoyer un courriel \u00e0 uniquehands.bt@gmail.com ou par la poste \u00e0 :<\/p>\n\n<p>Adriano Paulo Oliveira Domingues (NIF: 252531965)<br\/>Rua da Lage 2 Mugideira 2565-775 Torres Vedras<br\/>Portugal<\/p>\n","protected":false},"excerpt":{"rendered":"<p>Conditions d\u2019acc\u00e8s Pour entrer dans l\u2019espace, il est obligatoire d\u2019utiliser des pantoufles, fournies par le spa.Les mineurs uniquement accompagn\u00e9s de leurs parents.Les gens n\u2019ont pas le droit d\u2019\u00eatre ivres, d\u2019une sorte de substance ou psychologiquement perturb\u00e9s.Aucun animal n\u2019est autoris\u00e9 dans l\u2019espace.Le spa n\u2019est pas responsable de tout type de vol en son sein.Aux fins du [&hellip;]<\/p>\n","protected":false},"author":1,"featured_media":0,"parent":0,"menu_order":0,"comment_status":"closed","ping_status":"closed","template":"","meta":{"_et_pb_use_builder":"","_et_pb_old_content":"","_et_gb_content_width":"","footnotes":""},"class_list":["post-825","page","type-page","status-publish","hentry"],"yoast_head":"<!-- This site is optimized with the Yoast SEO plugin v27.1.1 - https:\/\/yoast.com\/product\/yoast-seo-wordpress\/ -->\n<title>Termes et conditions - Unique Hands Nature Spa<\/title>\n<meta name=\"robots\" content=\"index, follow, max-snippet:-1, max-image-preview:large, max-video-preview:-1\" \/>\n<link rel=\"canonical\" href=\"https:\/\/uniquehandsnaturespa.com\/termes-et-conditions\/\" \/>\n<meta property=\"og:locale\" content=\"fr_FR\" \/>\n<meta property=\"og:type\" content=\"article\" \/>\n<meta property=\"og:title\" content=\"Termes et conditions - Unique Hands Nature Spa\" \/>\n<meta property=\"og:description\" content=\"Conditions d\u2019acc\u00e8s Pour entrer dans l\u2019espace, il est obligatoire d\u2019utiliser des pantoufles, fournies par le spa.Les mineurs uniquement accompagn\u00e9s de leurs parents.Les gens n\u2019ont pas le droit d\u2019\u00eatre ivres, d\u2019une sorte de substance ou psychologiquement perturb\u00e9s.Aucun animal n\u2019est autoris\u00e9 dans l\u2019espace.Le spa n\u2019est pas responsable de tout type de vol en son sein.Aux fins du [&hellip;]\" \/>\n<meta property=\"og:url\" content=\"https:\/\/uniquehandsnaturespa.com\/termes-et-conditions\/\" \/>\n<meta property=\"og:site_name\" content=\"Unique Hands Nature Spa\" \/>\n<meta property=\"article:publisher\" content=\"https:\/\/www.facebook.com\/uniquehandsurbanspa\/\" \/>\n<meta property=\"article:modified_time\" content=\"2022-07-20T15:22:04+00:00\" \/>\n<meta name=\"twitter:card\" content=\"summary_large_image\" \/>\n<meta name=\"twitter:label1\" content=\"Dur\u00e9e de lecture estim\u00e9e\" \/>\n\t<meta name=\"twitter:data1\" content=\"3 minutes\" \/>\n<script type=\"application\/ld+json\" class=\"yoast-schema-graph\">{\"@context\":\"https:\/\/schema.org\",\"@graph\":[{\"@type\":\"WebPage\",\"@id\":\"https:\/\/uniquehandsnaturespa.com\/termes-et-conditions\/\",\"url\":\"https:\/\/uniquehandsnaturespa.com\/termes-et-conditions\/\",\"name\":\"Termes et conditions - Unique Hands Nature Spa\",\"isPartOf\":{\"@id\":\"https:\/\/uniquehandsnaturespa.com\/#website\"},\"datePublished\":\"2022-06-05T15:36:17+00:00\",\"dateModified\":\"2022-07-20T15:22:04+00:00\",\"breadcrumb\":{\"@id\":\"https:\/\/uniquehandsnaturespa.com\/termes-et-conditions\/#breadcrumb\"},\"inLanguage\":\"fr-FR\",\"potentialAction\":[{\"@type\":\"ReadAction\",\"target\":[\"https:\/\/uniquehandsnaturespa.com\/termes-et-conditions\/\"]}]},{\"@type\":\"BreadcrumbList\",\"@id\":\"https:\/\/uniquehandsnaturespa.com\/termes-et-conditions\/#breadcrumb\",\"itemListElement\":[{\"@type\":\"ListItem\",\"position\":1,\"name\":\"Home\",\"item\":\"https:\/\/uniquehandsnaturespa.com\/fr\/\"},{\"@type\":\"ListItem\",\"position\":2,\"name\":\"Termes et conditions\"}]},{\"@type\":\"WebSite\",\"@id\":\"https:\/\/uniquehandsnaturespa.com\/#website\",\"url\":\"https:\/\/uniquehandsnaturespa.com\/\",\"name\":\"Unique Hands Nature Spa\",\"description\":\"Massages et Wellness Spa \u00e0 Cascais\",\"publisher\":{\"@id\":\"https:\/\/uniquehandsnaturespa.com\/#organization\"},\"potentialAction\":[{\"@type\":\"SearchAction\",\"target\":{\"@type\":\"EntryPoint\",\"urlTemplate\":\"https:\/\/uniquehandsnaturespa.com\/?s={search_term_string}\"},\"query-input\":{\"@type\":\"PropertyValueSpecification\",\"valueRequired\":true,\"valueName\":\"search_term_string\"}}],\"inLanguage\":\"fr-FR\"},{\"@type\":\"Organization\",\"@id\":\"https:\/\/uniquehandsnaturespa.com\/#organization\",\"name\":\"Unique Hands Nature Spa\",\"url\":\"https:\/\/uniquehandsnaturespa.com\/\",\"logo\":{\"@type\":\"ImageObject\",\"inLanguage\":\"fr-FR\",\"@id\":\"https:\/\/uniquehandsnaturespa.com\/#\/schema\/logo\/image\/\",\"url\":\"https:\/\/uniquehandsnaturespa.com\/wp-content\/uploads\/2022\/05\/L_Dourado-1.png\",\"contentUrl\":\"https:\/\/uniquehandsnaturespa.com\/wp-content\/uploads\/2022\/05\/L_Dourado-1.png\",\"width\":491,\"height\":187,\"caption\":\"Unique Hands Nature Spa\"},\"image\":{\"@id\":\"https:\/\/uniquehandsnaturespa.com\/#\/schema\/logo\/image\/\"},\"sameAs\":[\"https:\/\/www.facebook.com\/uniquehandsurbanspa\/\",\"https:\/\/www.instagram.com\/unique_hands_._urban_spa\/\"]}]}<\/script>\n<!-- \/ Yoast SEO plugin. -->","yoast_head_json":{"title":"Termes et conditions - Unique Hands Nature Spa","robots":{"index":"index","follow":"follow","max-snippet":"max-snippet:-1","max-image-preview":"max-image-preview:large","max-video-preview":"max-video-preview:-1"},"canonical":"https:\/\/uniquehandsnaturespa.com\/termes-et-conditions\/","og_locale":"fr_FR","og_type":"article","og_title":"Termes et conditions - Unique Hands Nature Spa","og_description":"Conditions d\u2019acc\u00e8s Pour entrer dans l\u2019espace, il est obligatoire d\u2019utiliser des pantoufles, fournies par le spa.Les mineurs uniquement accompagn\u00e9s de leurs parents.Les gens n\u2019ont pas le droit d\u2019\u00eatre ivres, d\u2019une sorte de substance ou psychologiquement perturb\u00e9s.Aucun animal n\u2019est autoris\u00e9 dans l\u2019espace.Le spa n\u2019est pas responsable de tout type de vol en son sein.Aux fins du [&hellip;]","og_url":"https:\/\/uniquehandsnaturespa.com\/termes-et-conditions\/","og_site_name":"Unique Hands Nature Spa","article_publisher":"https:\/\/www.facebook.com\/uniquehandsurbanspa\/","article_modified_time":"2022-07-20T15:22:04+00:00","twitter_card":"summary_large_image","twitter_misc":{"Dur\u00e9e de lecture estim\u00e9e":"3 minutes"},"schema":{"@context":"https:\/\/schema.org","@graph":[{"@type":"WebPage","@id":"https:\/\/uniquehandsnaturespa.com\/termes-et-conditions\/","url":"https:\/\/uniquehandsnaturespa.com\/termes-et-conditions\/","name":"Termes et conditions - Unique Hands Nature Spa","isPartOf":{"@id":"https:\/\/uniquehandsnaturespa.com\/#website"},"datePublished":"2022-06-05T15:36:17+00:00","dateModified":"2022-07-20T15:22:04+00:00","breadcrumb":{"@id":"https:\/\/uniquehandsnaturespa.com\/termes-et-conditions\/#breadcrumb"},"inLanguage":"fr-FR","potentialAction":[{"@type":"ReadAction","target":["https:\/\/uniquehandsnaturespa.com\/termes-et-conditions\/"]}]},{"@type":"BreadcrumbList","@id":"https:\/\/uniquehandsnaturespa.com\/termes-et-conditions\/#breadcrumb","itemListElement":[{"@type":"ListItem","position":1,"name":"Home","item":"https:\/\/uniquehandsnaturespa.com\/fr\/"},{"@type":"ListItem","position":2,"name":"Termes et conditions"}]},{"@type":"WebSite","@id":"https:\/\/uniquehandsnaturespa.com\/#website","url":"https:\/\/uniquehandsnaturespa.com\/","name":"Unique Hands Nature Spa","description":"Massages et Wellness Spa \u00e0 Cascais","publisher":{"@id":"https:\/\/uniquehandsnaturespa.com\/#organization"},"potentialAction":[{"@type":"SearchAction","target":{"@type":"EntryPoint","urlTemplate":"https:\/\/uniquehandsnaturespa.com\/?s={search_term_string}"},"query-input":{"@type":"PropertyValueSpecification","valueRequired":true,"valueName":"search_term_string"}}],"inLanguage":"fr-FR"},{"@type":"Organization","@id":"https:\/\/uniquehandsnaturespa.com\/#organization","name":"Unique Hands Nature Spa","url":"https:\/\/uniquehandsnaturespa.com\/","logo":{"@type":"ImageObject","inLanguage":"fr-FR","@id":"https:\/\/uniquehandsnaturespa.com\/#\/schema\/logo\/image\/","url":"https:\/\/uniquehandsnaturespa.com\/wp-content\/uploads\/2022\/05\/L_Dourado-1.png","contentUrl":"https:\/\/uniquehandsnaturespa.com\/wp-content\/uploads\/2022\/05\/L_Dourado-1.png","width":491,"height":187,"caption":"Unique Hands Nature Spa"},"image":{"@id":"https:\/\/uniquehandsnaturespa.com\/#\/schema\/logo\/image\/"},"sameAs":["https:\/\/www.facebook.com\/uniquehandsurbanspa\/","https:\/\/www.instagram.com\/unique_hands_._urban_spa\/"]}]}},"_links":{"self":[{"href":"https:\/\/uniquehandsnaturespa.com\/fr\/wp-json\/wp\/v2\/pages\/825","targetHints":{"allow":["GET"]}}],"collection":[{"href":"https:\/\/uniquehandsnaturespa.com\/fr\/wp-json\/wp\/v2\/pages"}],"about":[{"href":"https:\/\/uniquehandsnaturespa.com\/fr\/wp-json\/wp\/v2\/types\/page"}],"author":[{"embeddable":true,"href":"https:\/\/uniquehandsnaturespa.com\/fr\/wp-json\/wp\/v2\/users\/1"}],"replies":[{"embeddable":true,"href":"https:\/\/uniquehandsnaturespa.com\/fr\/wp-json\/wp\/v2\/comments?post=825"}],"version-history":[{"count":4,"href":"https:\/\/uniquehandsnaturespa.com\/fr\/wp-json\/wp\/v2\/pages\/825\/revisions"}],"predecessor-version":[{"id":1036,"href":"https:\/\/uniquehandsnaturespa.com\/fr\/wp-json\/wp\/v2\/pages\/825\/revisions\/1036"}],"wp:attachment":[{"href":"https:\/\/uniquehandsnaturespa.com\/fr\/wp-json\/wp\/v2\/media?parent=825"}],"curies":[{"name":"wp","href":"https:\/\/api.w.org\/{rel}","templated":true}]}}