{"id":827,"date":"2022-05-03T22:12:27","date_gmt":"2022-05-03T22:12:27","guid":{"rendered":"https:\/\/uniquehandsnaturespa.com\/therapy\/"},"modified":"2024-03-06T15:12:37","modified_gmt":"2024-03-06T15:12:37","slug":"therapy","status":"publish","type":"page","link":"https:\/\/uniquehandsnaturespa.com\/fr\/therapy\/","title":{"rendered":"Th\u00e9rapie"},"content":{"rendered":"\n<p><\/p>\n\n<p><\/p>\n\n<h3 class=\"wp-block-heading\"><strong>Rebirthing &amp; CBM : Purification et connexion spirituelle<\/strong><\/h3>\n\n<p><strong>Introduction :<\/strong><br\/>Le rebirthing et le CBM utilisent des techniques de respiration et une psychologie spirituelle pour purifier les corps physique, \u00e9motionnel, mental et \u00e9nerg\u00e9tique, en favorisant la connexion avec le c\u0153ur et la prise de conscience des sch\u00e9mas limitatifs. Il incorpore \u00e9galement des pratiques de yoga pour \u00e9liminer les traumatismes \u00e9motionnels et \u00e9nerg\u00e9tiques, en utilisant les \u00e9l\u00e9ments de la nature. Cette int\u00e9gration permet une approche th\u00e9rapeutique compl\u00e8te et efficace.<\/p>\n\n<p><strong>Rebirthing : Purification et conscience :<\/strong><br\/>Le rebirthing est la pierre angulaire de ce travail.<br\/>La respiration est fondamentale pour purifier la m\u00e9moire cellulaire et tous les corps : physique, \u00e9nerg\u00e9tique, \u00e9motionnel et mental.<br\/>Elle s&rsquo;adresse non seulement aux traumatismes individuels, mais aussi aux traumatismes ancestraux et \u00e0 ceux re\u00e7us lors de la conception, de la gestation, de l&rsquo;accouchement et de la croissance.<br\/>Gr\u00e2ce \u00e0 cette purification, nous sommes en mesure de reconna\u00eetre notre v\u00e9ritable \u00eatre au-del\u00e0 des sch\u00e9mas de conditionnement et des croyances.<\/p>\n\n<p>La psychologie spirituelle du Rebirthing travaille sur la prise de conscience et la transformation des sch\u00e9mas et croyances limitatifs, nous permettant de reconna\u00eetre notre infinitude et notre capacit\u00e9 \u00e0 cr\u00e9er notre vie.<\/p>\n\n<p><strong>Purification spirituelle avec Yoga Krya :<\/strong><br\/>La purification spirituelle bas\u00e9e sur le yoga, transmise par Mahabhatar Babaji, le ma\u00eetre ascensionn\u00e9, est essentielle pour nettoyer la pollution \u00e9motionnelle et \u00e9nerg\u00e9tique.<br\/>En utilisant les techniques du Krya Yoga et les \u00e9l\u00e9ments de la nature, cette pratique aide \u00e0 lib\u00e9rer les traumatismes individuels et collectifs provenant des syst\u00e8mes sociaux et de l&rsquo;humanit\u00e9 dans son ensemble.<\/p>\n\n<p><strong>CBM : Int\u00e9gration holistique :<\/strong><br\/>CBM compl\u00e8te le Rebirthing par une approche holistique, incorporant les connaissances ancestrales du chamanisme.<br\/>En utilisant la voix, le mouvement du corps et des techniques intuitives, CBM s&rsquo;inspire de la th\u00e9rapie vibratoire, de la yoga th\u00e9rapie, de la th\u00e9rapie multidimensionnelle et du chamanisme pour nous reconnecter \u00e0 notre essence par le biais d&rsquo;une connexion et d&rsquo;une purification avec les \u00e9l\u00e9ments naturels.<br\/>Cette approche chamanique nous permet de nous rappeler qui nous sommes vraiment, en lib\u00e9rant les armures \u00e9motionnelles et en r\u00e9tablissant l&rsquo;\u00e9quilibre \u00e9nerg\u00e9tique.<\/p>\n\n<p><strong>Int\u00e9gration th\u00e9rapeutique :<\/strong><br\/>L&rsquo;union du Rebirthing et du CBM permet une int\u00e9gration th\u00e9rapeutique puissante.<br\/>En se connectant \u00e0 chaque centre \u00e9nerg\u00e9tique du corps, y compris les chakras, et en comprenant comment les d\u00e9s\u00e9quilibres se manifestent physiquement, nous sommes en mesure de purifier les traumatismes de mani\u00e8re somatique. En plus de la respiration, la conscience du corps et l&rsquo;\u00e9coute de la douleur \u00e9motionnelle facilitent la lib\u00e9ration des c\u0153urs et des armures \u00e9motionnelles, ce qui nous permet de vivre avec plus d&rsquo;authenticit\u00e9 et de pl\u00e9nitude.<\/p>\n\n<p><strong>Conclusion :<\/strong><br\/>Le travail de Rebirthing et de CBM est un voyage de d\u00e9couverte de soi et de gu\u00e9rison profonde. Int\u00e9grant des techniques de respiration, le yoga, la psychologie spirituelle et le chamanisme, il offre une approche compl\u00e8te de la purification physique, \u00e9motionnelle, mentale et \u00e9nerg\u00e9tique.<\/p>\n\n<p>En lib\u00e9rant les traumatismes et les sch\u00e9mas limitatifs, nous sommes en mesure de vivre \u00e0 travers notre vrai moi, qui est la libert\u00e9, l&rsquo;authenticit\u00e9 et la joie.<\/p>\n\n<p><\/p>\n\n<h3 class=\"wp-block-heading\"><strong>MEDITATION<\/strong><\/h3>\n\n<p>Permettez-vous de vivre heureux !<br\/>La m\u00e9ditation est une pratique ancienne qui favorise le bien-\u00eatre physique, \u00e9motionnel et spirituel ! Cette pratique nous permet de nous connecter \u00e0 notre \u00ab\u00a0moi int\u00e9rieur\u00a0\u00bb et favorise la paix int\u00e9rieure d&rsquo;une mani\u00e8re in\u00e9gal\u00e9e, nous donnant ainsi l&rsquo;opportunit\u00e9 de devenir plus conscient de notre \u00eatre.<\/p>\n\n<p>Chez Unique Hands, chaque m\u00e9ditation est unique, et cette opportunit\u00e9 de vivre quelque chose d&rsquo;aussi merveilleux est pour tout le monde ! Chaque th\u00e8me est diff\u00e9rent et nous comptons sur vous pour nous rejoindre et d\u00e9couvrir notre espace !<\/p>\n\n<h3 class=\"wp-block-heading\"><strong>M\u00e9ditation de groupe &#8211; 60min.<\/strong><\/h3>\n\n<p>La m\u00e9ditation de groupe est une pratique de partage et d&rsquo;abandon pour ceux qui recherchent un \u00e9tat de s\u00e9r\u00e9nit\u00e9 et de paix. Chez Unique Hands, nous pensons que nous ne faisons qu&rsquo;un et qu&rsquo;ensemble, nous donnons le meilleur de nous-m\u00eames !<\/p>\n\n<p>[NOTE : Le nombre de participants \u00e0 la m\u00e9ditation de groupe est limit\u00e9. Pour plus d&rsquo;informations, veuillez <a href=\"https:\/\/uniquehandsurbanspa.wordpress.com\/contacte-nos\/\">nous contacter<\/a>.<\/p>\n\n<h3 class=\"wp-block-heading\"><strong>Apprendre \u00e0 respirer &#8211; 90min.<\/strong><\/h3>\n\n<p>Bienvenue \u00e0 nos s\u00e9ances de respiration consciente et d&rsquo;\u00e9nergie vitale. Lors de ces sessions, nous proposons une approche personnalis\u00e9e pour r\u00e9pondre \u00e0 vos besoins sp\u00e9cifiques. Nous pouvons travailler avec des techniques de respiration bas\u00e9es sur les pranayamas du yoga, ou plonger profond\u00e9ment dans la respiration consciente connect\u00e9e, inspir\u00e9e du Rebirthing, pour lib\u00e9rer les blocages \u00e9motionnels et les sch\u00e9mas de pens\u00e9e.<\/p>\n\n<p>Au cours de nos sessions de 90 minutes, vous aurez l&rsquo;occasion d&rsquo;explorer et d&rsquo;exp\u00e9rimenter ces pratiques transformatrices.  <\/p>\n\n<p>L&rsquo;accent est toujours mis sur vos besoins individuels. Qu&rsquo;il s&rsquo;agisse de d\u00e9bloquer des traumatismes pass\u00e9s, de favoriser la clart\u00e9 mentale ou simplement de trouver un espace de calme int\u00e9rieur et de d\u00e9couvrir votre v\u00e9ritable pr\u00e9sence.<\/p>\n\n<p>Nous sommes heureux de vous accompagner dans votre d\u00e9couverte de soi et votre gu\u00e9rison.<\/p>\n\n<h3 class=\"wp-block-heading\"><strong>Reiki &#8211; 60min.<\/strong><\/h3>\n\n<p>Le Reiki est un soin pour le corps et l&rsquo;\u00e2me.  <\/p>\n\n<p>Th\u00e9rapie holistique qui vous apporte la pleine sant\u00e9 en s&rsquo;attaquant directement \u00e0 la racine de vos probl\u00e8mes pour en soigner la cause, et pas seulement le sympt\u00f4me.  <\/p>\n\n<p>Il s&rsquo;agit d&rsquo;une m\u00e9thode naturelle qui vise \u00e0 recouvrer et \u00e0 maintenir la sant\u00e9 physique, mentale, \u00e9motionnelle et spirituelle.  <\/p>\n\n<p>Le th\u00e9rapeute canalise l&rsquo;\u00e9nergie vitale universelle (le moteur de la vie) et transmet l&rsquo;\u00e9nergie par les mains \u00e0 diff\u00e9rents points du corps, dirigeant ainsi l&rsquo;\u00e9nergie l\u00e0 o\u00f9 elle est n\u00e9cessaire.  <\/p>\n\n<p>Tout d\u00e9s\u00e9quilibre ou maladie dans le corps est, en principe, un blocage ou un d\u00e9s\u00e9quilibre \u00e9nerg\u00e9tique. En Reiki, nous utilisons donc l&rsquo;\u00e9nergie subtile pour gu\u00e9rir les exc\u00e8s ou les manques d&rsquo;\u00e9nergie.  <\/p>\n\n<p>Il vous apporte \u00e9quilibre et pl\u00e9nitude, relie, aligne et harmonise toutes vos \u00e9nergies, des plus denses aux plus subtiles.<\/p>\n\n<p>Int\u00e9grer et \u00e9quilibrer l&rsquo;ensemble de votre \u00eatre.<\/p>\n\n<p>Il procure une sensation de d\u00e9tente et de paix imm\u00e9diate.<\/p>\n\n<p>Utiliser le Reiki comme traitement,<\/p>\n\n<p>Sur le plan physique, il soulage les douleurs, d\u00e9sintoxique, purifie et renforce l&rsquo;immunit\u00e9.  <\/p>\n\n<p>Sur le plan mental et \u00e9motionnel, il agit sur l&rsquo;anxi\u00e9t\u00e9, la d\u00e9pression, l&rsquo;insomnie et le stress.<\/p>\n\n<p>Il lib\u00e8re les \u00e9motions stagnantes, la culpabilit\u00e9, le ressentiment, les blessures, la peur, les phobies, ainsi que les sch\u00e9mas et les d\u00e9pendances.  <\/p>\n\n<p>Nettoie, transmute et prot\u00e8ge votre \u00e9nergie.<\/p>\n\n<p>Compatible avec tout type de th\u00e9rapie ou de traitement.  <\/p>\n\n<p>Roi &#8211; \u00e9nergie universelle. Ki &#8211; \u00e9nergie vitale  <\/p>\n\n<p>Reiki Usui<\/p>\n","protected":false},"excerpt":{"rendered":"<p>Rebirthing &amp; CBM : Purification et connexion spirituelle Introduction :Le rebirthing et le CBM utilisent des techniques de respiration et une psychologie spirituelle pour purifier les corps physique, \u00e9motionnel, mental et \u00e9nerg\u00e9tique, en favorisant la connexion avec le c\u0153ur et la prise de conscience des sch\u00e9mas limitatifs. Il incorpore \u00e9galement des pratiques de yoga pour [&hellip;]<\/p>\n","protected":false},"author":1,"featured_media":797,"parent":0,"menu_order":0,"comment_status":"open","ping_status":"open","template":"","meta":{"_et_pb_use_builder":"off","_et_pb_old_content":"","_et_gb_content_width":"","footnotes":""},"class_list":["post-827","page","type-page","status-publish","has-post-thumbnail","hentry"],"yoast_head":"<!-- This site is optimized with the Yoast SEO plugin v27.1.1 - https:\/\/yoast.com\/product\/yoast-seo-wordpress\/ -->\n<title>Th\u00e9rapie - Unique Hands Nature Spa<\/title>\n<meta name=\"robots\" content=\"index, follow, max-snippet:-1, max-image-preview:large, max-video-preview:-1\" \/>\n<link rel=\"canonical\" href=\"https:\/\/uniquehandsnaturespa.com\/therapy\/\" \/>\n<meta property=\"og:locale\" content=\"fr_FR\" \/>\n<meta property=\"og:type\" content=\"article\" \/>\n<meta property=\"og:title\" content=\"Th\u00e9rapie - Unique Hands Nature Spa\" \/>\n<meta property=\"og:description\" content=\"Rebirthing &amp; CBM : Purification et connexion spirituelle Introduction :Le rebirthing et le CBM utilisent des techniques de respiration et une psychologie spirituelle pour purifier les corps physique, \u00e9motionnel, mental et \u00e9nerg\u00e9tique, en favorisant la connexion avec le c\u0153ur et la prise de conscience des sch\u00e9mas limitatifs. Il incorpore \u00e9galement des pratiques de yoga pour [&hellip;]\" \/>\n<meta property=\"og:url\" content=\"https:\/\/uniquehandsnaturespa.com\/therapy\/\" \/>\n<meta property=\"og:site_name\" content=\"Unique Hands Nature Spa\" \/>\n<meta property=\"article:publisher\" content=\"https:\/\/www.facebook.com\/uniquehandsurbanspa\/\" \/>\n<meta property=\"article:modified_time\" content=\"2024-03-06T15:12:37+00:00\" \/>\n<meta property=\"og:image\" content=\"https:\/\/uniquehandsnaturespa.com\/wp-content\/uploads\/2022\/05\/rituais-unique.jpeg\" \/>\n\t<meta property=\"og:image:width\" content=\"1180\" \/>\n\t<meta property=\"og:image:height\" content=\"435\" \/>\n\t<meta property=\"og:image:type\" content=\"image\/jpeg\" \/>\n<meta name=\"twitter:card\" content=\"summary_large_image\" \/>\n<meta name=\"twitter:label1\" content=\"Dur\u00e9e de lecture estim\u00e9e\" \/>\n\t<meta name=\"twitter:data1\" content=\"6 minutes\" \/>\n<script type=\"application\/ld+json\" class=\"yoast-schema-graph\">{\"@context\":\"https:\/\/schema.org\",\"@graph\":[{\"@type\":\"WebPage\",\"@id\":\"https:\/\/uniquehandsnaturespa.com\/therapy\/\",\"url\":\"https:\/\/uniquehandsnaturespa.com\/therapy\/\",\"name\":\"Th\u00e9rapie - Unique Hands Nature Spa\",\"isPartOf\":{\"@id\":\"https:\/\/uniquehandsnaturespa.com\/#website\"},\"primaryImageOfPage\":{\"@id\":\"https:\/\/uniquehandsnaturespa.com\/therapy\/#primaryimage\"},\"image\":{\"@id\":\"https:\/\/uniquehandsnaturespa.com\/therapy\/#primaryimage\"},\"thumbnailUrl\":\"https:\/\/uniquehandsnaturespa.com\/wp-content\/uploads\/2022\/05\/rituais-unique.jpeg\",\"datePublished\":\"2022-05-03T22:12:27+00:00\",\"dateModified\":\"2024-03-06T15:12:37+00:00\",\"breadcrumb\":{\"@id\":\"https:\/\/uniquehandsnaturespa.com\/therapy\/#breadcrumb\"},\"inLanguage\":\"fr-FR\",\"potentialAction\":[{\"@type\":\"ReadAction\",\"target\":[\"https:\/\/uniquehandsnaturespa.com\/therapy\/\"]}]},{\"@type\":\"ImageObject\",\"inLanguage\":\"fr-FR\",\"@id\":\"https:\/\/uniquehandsnaturespa.com\/therapy\/#primaryimage\",\"url\":\"https:\/\/uniquehandsnaturespa.com\/wp-content\/uploads\/2022\/05\/rituais-unique.jpeg\",\"contentUrl\":\"https:\/\/uniquehandsnaturespa.com\/wp-content\/uploads\/2022\/05\/rituais-unique.jpeg\",\"width\":1180,\"height\":435},{\"@type\":\"BreadcrumbList\",\"@id\":\"https:\/\/uniquehandsnaturespa.com\/therapy\/#breadcrumb\",\"itemListElement\":[{\"@type\":\"ListItem\",\"position\":1,\"name\":\"Home\",\"item\":\"https:\/\/uniquehandsnaturespa.com\/fr\/\"},{\"@type\":\"ListItem\",\"position\":2,\"name\":\"Th\u00e9rapie\"}]},{\"@type\":\"WebSite\",\"@id\":\"https:\/\/uniquehandsnaturespa.com\/#website\",\"url\":\"https:\/\/uniquehandsnaturespa.com\/\",\"name\":\"Unique Hands Nature Spa\",\"description\":\"Massages et Wellness Spa \u00e0 Cascais\",\"publisher\":{\"@id\":\"https:\/\/uniquehandsnaturespa.com\/#organization\"},\"potentialAction\":[{\"@type\":\"SearchAction\",\"target\":{\"@type\":\"EntryPoint\",\"urlTemplate\":\"https:\/\/uniquehandsnaturespa.com\/?s={search_term_string}\"},\"query-input\":{\"@type\":\"PropertyValueSpecification\",\"valueRequired\":true,\"valueName\":\"search_term_string\"}}],\"inLanguage\":\"fr-FR\"},{\"@type\":\"Organization\",\"@id\":\"https:\/\/uniquehandsnaturespa.com\/#organization\",\"name\":\"Unique Hands Nature Spa\",\"url\":\"https:\/\/uniquehandsnaturespa.com\/\",\"logo\":{\"@type\":\"ImageObject\",\"inLanguage\":\"fr-FR\",\"@id\":\"https:\/\/uniquehandsnaturespa.com\/#\/schema\/logo\/image\/\",\"url\":\"https:\/\/uniquehandsnaturespa.com\/wp-content\/uploads\/2022\/05\/L_Dourado-1.png\",\"contentUrl\":\"https:\/\/uniquehandsnaturespa.com\/wp-content\/uploads\/2022\/05\/L_Dourado-1.png\",\"width\":491,\"height\":187,\"caption\":\"Unique Hands Nature Spa\"},\"image\":{\"@id\":\"https:\/\/uniquehandsnaturespa.com\/#\/schema\/logo\/image\/\"},\"sameAs\":[\"https:\/\/www.facebook.com\/uniquehandsurbanspa\/\",\"https:\/\/www.instagram.com\/unique_hands_._urban_spa\/\"]}]}<\/script>\n<!-- \/ Yoast SEO plugin. -->","yoast_head_json":{"title":"Th\u00e9rapie - Unique Hands Nature Spa","robots":{"index":"index","follow":"follow","max-snippet":"max-snippet:-1","max-image-preview":"max-image-preview:large","max-video-preview":"max-video-preview:-1"},"canonical":"https:\/\/uniquehandsnaturespa.com\/therapy\/","og_locale":"fr_FR","og_type":"article","og_title":"Th\u00e9rapie - Unique Hands Nature Spa","og_description":"Rebirthing &amp; CBM : Purification et connexion spirituelle Introduction :Le rebirthing et le CBM utilisent des techniques de respiration et une psychologie spirituelle pour purifier les corps physique, \u00e9motionnel, mental et \u00e9nerg\u00e9tique, en favorisant la connexion avec le c\u0153ur et la prise de conscience des sch\u00e9mas limitatifs. Il incorpore \u00e9galement des pratiques de yoga pour [&hellip;]","og_url":"https:\/\/uniquehandsnaturespa.com\/therapy\/","og_site_name":"Unique Hands Nature Spa","article_publisher":"https:\/\/www.facebook.com\/uniquehandsurbanspa\/","article_modified_time":"2024-03-06T15:12:37+00:00","og_image":[{"width":1180,"height":435,"url":"https:\/\/uniquehandsnaturespa.com\/wp-content\/uploads\/2022\/05\/rituais-unique.jpeg","type":"image\/jpeg"}],"twitter_card":"summary_large_image","twitter_misc":{"Dur\u00e9e de lecture estim\u00e9e":"6 minutes"},"schema":{"@context":"https:\/\/schema.org","@graph":[{"@type":"WebPage","@id":"https:\/\/uniquehandsnaturespa.com\/therapy\/","url":"https:\/\/uniquehandsnaturespa.com\/therapy\/","name":"Th\u00e9rapie - Unique Hands Nature Spa","isPartOf":{"@id":"https:\/\/uniquehandsnaturespa.com\/#website"},"primaryImageOfPage":{"@id":"https:\/\/uniquehandsnaturespa.com\/therapy\/#primaryimage"},"image":{"@id":"https:\/\/uniquehandsnaturespa.com\/therapy\/#primaryimage"},"thumbnailUrl":"https:\/\/uniquehandsnaturespa.com\/wp-content\/uploads\/2022\/05\/rituais-unique.jpeg","datePublished":"2022-05-03T22:12:27+00:00","dateModified":"2024-03-06T15:12:37+00:00","breadcrumb":{"@id":"https:\/\/uniquehandsnaturespa.com\/therapy\/#breadcrumb"},"inLanguage":"fr-FR","potentialAction":[{"@type":"ReadAction","target":["https:\/\/uniquehandsnaturespa.com\/therapy\/"]}]},{"@type":"ImageObject","inLanguage":"fr-FR","@id":"https:\/\/uniquehandsnaturespa.com\/therapy\/#primaryimage","url":"https:\/\/uniquehandsnaturespa.com\/wp-content\/uploads\/2022\/05\/rituais-unique.jpeg","contentUrl":"https:\/\/uniquehandsnaturespa.com\/wp-content\/uploads\/2022\/05\/rituais-unique.jpeg","width":1180,"height":435},{"@type":"BreadcrumbList","@id":"https:\/\/uniquehandsnaturespa.com\/therapy\/#breadcrumb","itemListElement":[{"@type":"ListItem","position":1,"name":"Home","item":"https:\/\/uniquehandsnaturespa.com\/fr\/"},{"@type":"ListItem","position":2,"name":"Th\u00e9rapie"}]},{"@type":"WebSite","@id":"https:\/\/uniquehandsnaturespa.com\/#website","url":"https:\/\/uniquehandsnaturespa.com\/","name":"Unique Hands Nature Spa","description":"Massages et Wellness Spa \u00e0 Cascais","publisher":{"@id":"https:\/\/uniquehandsnaturespa.com\/#organization"},"potentialAction":[{"@type":"SearchAction","target":{"@type":"EntryPoint","urlTemplate":"https:\/\/uniquehandsnaturespa.com\/?s={search_term_string}"},"query-input":{"@type":"PropertyValueSpecification","valueRequired":true,"valueName":"search_term_string"}}],"inLanguage":"fr-FR"},{"@type":"Organization","@id":"https:\/\/uniquehandsnaturespa.com\/#organization","name":"Unique Hands Nature Spa","url":"https:\/\/uniquehandsnaturespa.com\/","logo":{"@type":"ImageObject","inLanguage":"fr-FR","@id":"https:\/\/uniquehandsnaturespa.com\/#\/schema\/logo\/image\/","url":"https:\/\/uniquehandsnaturespa.com\/wp-content\/uploads\/2022\/05\/L_Dourado-1.png","contentUrl":"https:\/\/uniquehandsnaturespa.com\/wp-content\/uploads\/2022\/05\/L_Dourado-1.png","width":491,"height":187,"caption":"Unique Hands Nature Spa"},"image":{"@id":"https:\/\/uniquehandsnaturespa.com\/#\/schema\/logo\/image\/"},"sameAs":["https:\/\/www.facebook.com\/uniquehandsurbanspa\/","https:\/\/www.instagram.com\/unique_hands_._urban_spa\/"]}]}},"_links":{"self":[{"href":"https:\/\/uniquehandsnaturespa.com\/fr\/wp-json\/wp\/v2\/pages\/827","targetHints":{"allow":["GET"]}}],"collection":[{"href":"https:\/\/uniquehandsnaturespa.com\/fr\/wp-json\/wp\/v2\/pages"}],"about":[{"href":"https:\/\/uniquehandsnaturespa.com\/fr\/wp-json\/wp\/v2\/types\/page"}],"author":[{"embeddable":true,"href":"https:\/\/uniquehandsnaturespa.com\/fr\/wp-json\/wp\/v2\/users\/1"}],"replies":[{"embeddable":true,"href":"https:\/\/uniquehandsnaturespa.com\/fr\/wp-json\/wp\/v2\/comments?post=827"}],"version-history":[{"count":22,"href":"https:\/\/uniquehandsnaturespa.com\/fr\/wp-json\/wp\/v2\/pages\/827\/revisions"}],"predecessor-version":[{"id":1866,"href":"https:\/\/uniquehandsnaturespa.com\/fr\/wp-json\/wp\/v2\/pages\/827\/revisions\/1866"}],"wp:featuredmedia":[{"embeddable":true,"href":"https:\/\/uniquehandsnaturespa.com\/fr\/wp-json\/wp\/v2\/media\/797"}],"wp:attachment":[{"href":"https:\/\/uniquehandsnaturespa.com\/fr\/wp-json\/wp\/v2\/media?parent=827"}],"curies":[{"name":"wp","href":"https:\/\/api.w.org\/{rel}","templated":true}]}}