{"id":858,"date":"2022-05-03T19:54:14","date_gmt":"2022-05-03T19:54:14","guid":{"rendered":"https:\/\/uniquehandsnaturespa.com\/inspire-massagens-orientais\/"},"modified":"2023-11-16T20:56:00","modified_gmt":"2023-11-16T20:56:00","slug":"inspire-massagens-orientais","status":"publish","type":"page","link":"https:\/\/uniquehandsnaturespa.com\/fr\/inspire-massagens-orientais\/","title":{"rendered":"Inspire | Massages orientaux"},"content":{"rendered":"<p>[et_pb_section fb_built=\u00a0\u00bb1&Prime; _builder_version=\u00a0\u00bb4.16&Prime; global_colors_info=\u00a0\u00bb{}\u00a0\u00bb theme_builder_area=\u00a0\u00bbpost_content\u00a0\u00bb][et_pb_row _builder_version=\u00a0\u00bb4.16&Prime; background_size=\u00a0\u00bbinitial\u00a0\u00bb background_position=\u00a0\u00bbtop_left\u00a0\u00bb background_repeat=\u00a0\u00bbrepeat\u00a0\u00bb global_colors_info=\u00a0\u00bb{}\u00a0\u00bb theme_builder_area=\u00a0\u00bbpost_content\u00a0\u00bb][et_pb_column type=\u00a0\u00bb4_4&Prime; _builder_version=\u00a0\u00bb4.16&Prime; custom_padding=\u00a0\u00bb|||\u00a0\u00bb global_colors_info=\u00a0\u00bb{}\u00a0\u00bb custom_padding__hover=\u00a0\u00bb|||\u00a0\u00bb theme_builder_area=\u00a0\u00bbpost_content\u00a0\u00bb][et_pb_text _builder_version=\u00a0\u00bb4.23.1&Prime; background_size=\u00a0\u00bbinitial\u00a0\u00bb background_position=\u00a0\u00bbtop_left\u00a0\u00bb background_repeat=\u00a0\u00bbrepeat\u00a0\u00bb global_colors_info=\u00a0\u00bb{}\u00a0\u00bb theme_builder_area=\u00a0\u00bbpost_content\u00a0\u00bb]<\/p>\n<h2>LE TEMPS DE L&rsquo;INSPIRATION<\/h2>\n<h3>Tui Na<\/h3>\n<p><!-- divi:heading {\"level\":3} --><\/p>\n<p><!-- divi:paragraph -->Le massage Tui Na, originaire de Chine, est intrins\u00e8quement li\u00e9 \u00e0 la m\u00e9decine traditionnelle chinoise. Ce massage comporte un tr\u00e8s large \u00e9ventail de techniques appliqu\u00e9es aux points d&rsquo;acupuncture et aux m\u00e9ridiens, aux groupes musculaires et aux structures anatomiques g\u00e9n\u00e9rales. De plus, ces techniques sont choisies en fonction de la nature des pathologies pr\u00e9sent\u00e9es et sont sp\u00e9cifiques \u00e0 chaque personne !<br \/>Parmi les innombrables avantages que procure le Tui Na, les plus importants sont le r\u00e9\u00e9quilibrage de l&rsquo;\u00e9nergie et du sang, un meilleur fonctionnement des organes internes, une r\u00e9solution plus rapide des probl\u00e8mes ost\u00e9o-tendineux-articulaires et, bien s\u00fbr, une relaxation g\u00e9n\u00e9rale du corps et de l&rsquo;esprit !<\/p>\n<p><!-- divi:heading {\"level\":3} --><\/p>\n<h3>Acupuncture<\/h3>\n<p> <!-- divi:paragraph -->L&rsquo;acupuncture est une th\u00e9rapie ancienne d&rsquo;origine chinoise qui consiste \u00e0 appliquer des aiguilles sur des points sp\u00e9cifiques du corps.<br \/>Les techniques d&rsquo;acupuncture reposent sur l&rsquo;id\u00e9e que le corps est constitu\u00e9 d&rsquo;\u00e9nergie, accumul\u00e9e dans diff\u00e9rentes r\u00e9gions appel\u00e9es m\u00e9ridiens. Si le flux d&rsquo;\u00e9nergie dans ces m\u00e9ridiens est d\u00e9s\u00e9quilibr\u00e9, il provoque une inflammation dans le corps, entra\u00eenant des sympt\u00f4mes tels que la douleur, la fatigue et la faiblesse. Le traitement par acupuncture vise donc \u00e0 r\u00e9tablir l&rsquo;\u00e9quilibre de l&rsquo;organisme en facilitant la circulation de l&rsquo;\u00e9nergie et en d\u00e9clenchant des effets analg\u00e9siques et anti-inflammatoires.<br \/>Ces techniques vari\u00e9es peuvent \u00eatre utilis\u00e9es pour renforcer le syst\u00e8me immunitaire et traiter les douleurs aigu\u00ebs et chroniques.<\/p>\n<p>Les pathologies les plus courantes trait\u00e9es par la m\u00e9decine traditionnelle chinoise sont : les probl\u00e8mes de bouche et de visage, les maladies respiratoires, les maladies oculaires, les probl\u00e8mes neurologiques, gastro-intestinaux ou orthop\u00e9diques et les troubles du sommeil. Outre ces probl\u00e8mes, l&rsquo;acupuncture peut \u00e9galement \u00eatre utilis\u00e9e comme traitement compl\u00e9mentaire pour les allergies telles que la rhinite et l&rsquo;asthme, les naus\u00e9es et vomissements induits par la chimioth\u00e9rapie et les troubles \u00e9motionnels tels que l&rsquo;anxi\u00e9t\u00e9, le stress et la d\u00e9pression.<\/p>\n<h3><!-- divi:paragraph --><strong>Shiatsu<\/strong><\/h3>\n<p>Le shiatsu est une th\u00e9rapie japonaise de r\u00e9\u00e9quilibrage physique et \u00e9nerg\u00e9tique, pratiqu\u00e9e \u00e0 l&rsquo;aide de points de pression le long des m\u00e9ridiens. Il s&rsquo;agit d&rsquo;une th\u00e9rapie holistique qui vise \u00e0 r\u00e9guler et \u00e0 renforcer le fonctionnement des organes et du syst\u00e8me immunitaire.<\/p>\n<p><!-- \/divi:paragraph --><\/p>\n<p>[\/et_pb_text][\/et_pb_column][\/et_pb_row][\/et_pb_section]<\/p>\n","protected":false},"excerpt":{"rendered":"<p>LE TEMPS DE L&rsquo;INSPIRATION Tui Na Le massage Tui Na, originaire de Chine, est intrins\u00e8quement li\u00e9 \u00e0 la m\u00e9decine traditionnelle chinoise. Ce massage comporte un tr\u00e8s large \u00e9ventail de techniques appliqu\u00e9es aux points d&rsquo;acupuncture et aux m\u00e9ridiens, aux groupes musculaires et aux structures anatomiques g\u00e9n\u00e9rales. De plus, ces techniques sont choisies en fonction de la [&hellip;]<\/p>\n","protected":false},"author":1,"featured_media":843,"parent":0,"menu_order":0,"comment_status":"open","ping_status":"open","template":"","meta":{"_et_pb_use_builder":"on","_et_pb_old_content":"","_et_gb_content_width":"","footnotes":""},"class_list":["post-858","page","type-page","status-publish","has-post-thumbnail","hentry"],"yoast_head":"<!-- This site is optimized with the Yoast SEO plugin v27.1.1 - https:\/\/yoast.com\/product\/yoast-seo-wordpress\/ -->\n<title>Inspire | Massages orientaux - Unique Hands Nature Spa<\/title>\n<meta name=\"robots\" content=\"index, follow, max-snippet:-1, max-image-preview:large, max-video-preview:-1\" \/>\n<link rel=\"canonical\" href=\"https:\/\/uniquehandsnaturespa.com\/inspire-massagens-orientais\/\" \/>\n<meta property=\"og:locale\" content=\"fr_FR\" \/>\n<meta property=\"og:type\" content=\"article\" \/>\n<meta property=\"og:title\" content=\"Inspire | Massages orientaux - Unique Hands Nature Spa\" \/>\n<meta property=\"og:description\" content=\"LE TEMPS DE L&#039;INSPIRATION Tui Na Le massage Tui Na, originaire de Chine, est intrins\u00e8quement li\u00e9 \u00e0 la m\u00e9decine traditionnelle chinoise. Ce massage comporte un tr\u00e8s large \u00e9ventail de techniques appliqu\u00e9es aux points d&#039;acupuncture et aux m\u00e9ridiens, aux groupes musculaires et aux structures anatomiques g\u00e9n\u00e9rales. De plus, ces techniques sont choisies en fonction de la [&hellip;]\" \/>\n<meta property=\"og:url\" content=\"https:\/\/uniquehandsnaturespa.com\/inspire-massagens-orientais\/\" \/>\n<meta property=\"og:site_name\" content=\"Unique Hands Nature Spa\" \/>\n<meta property=\"article:publisher\" content=\"https:\/\/www.facebook.com\/uniquehandsurbanspa\/\" \/>\n<meta property=\"article:modified_time\" content=\"2023-11-16T20:56:00+00:00\" \/>\n<meta property=\"og:image\" content=\"https:\/\/uniquehandsnaturespa.com\/wp-content\/uploads\/2022\/05\/inspire-massagens-orientais-unique.jpeg\" \/>\n\t<meta property=\"og:image:width\" content=\"1180\" \/>\n\t<meta property=\"og:image:height\" content=\"435\" \/>\n\t<meta property=\"og:image:type\" content=\"image\/jpeg\" \/>\n<meta name=\"twitter:card\" content=\"summary_large_image\" \/>\n<meta name=\"twitter:label1\" content=\"Dur\u00e9e de lecture estim\u00e9e\" \/>\n\t<meta name=\"twitter:data1\" content=\"2 minutes\" \/>\n<script type=\"application\/ld+json\" class=\"yoast-schema-graph\">{\"@context\":\"https:\/\/schema.org\",\"@graph\":[{\"@type\":\"WebPage\",\"@id\":\"https:\/\/uniquehandsnaturespa.com\/inspire-massagens-orientais\/\",\"url\":\"https:\/\/uniquehandsnaturespa.com\/inspire-massagens-orientais\/\",\"name\":\"Inspire | Massages orientaux - Unique Hands Nature Spa\",\"isPartOf\":{\"@id\":\"https:\/\/uniquehandsnaturespa.com\/#website\"},\"primaryImageOfPage\":{\"@id\":\"https:\/\/uniquehandsnaturespa.com\/inspire-massagens-orientais\/#primaryimage\"},\"image\":{\"@id\":\"https:\/\/uniquehandsnaturespa.com\/inspire-massagens-orientais\/#primaryimage\"},\"thumbnailUrl\":\"https:\/\/uniquehandsnaturespa.com\/wp-content\/uploads\/2022\/05\/inspire-massagens-orientais-unique.jpeg\",\"datePublished\":\"2022-05-03T19:54:14+00:00\",\"dateModified\":\"2023-11-16T20:56:00+00:00\",\"breadcrumb\":{\"@id\":\"https:\/\/uniquehandsnaturespa.com\/inspire-massagens-orientais\/#breadcrumb\"},\"inLanguage\":\"fr-FR\",\"potentialAction\":[{\"@type\":\"ReadAction\",\"target\":[\"https:\/\/uniquehandsnaturespa.com\/inspire-massagens-orientais\/\"]}]},{\"@type\":\"ImageObject\",\"inLanguage\":\"fr-FR\",\"@id\":\"https:\/\/uniquehandsnaturespa.com\/inspire-massagens-orientais\/#primaryimage\",\"url\":\"https:\/\/uniquehandsnaturespa.com\/wp-content\/uploads\/2022\/05\/inspire-massagens-orientais-unique.jpeg\",\"contentUrl\":\"https:\/\/uniquehandsnaturespa.com\/wp-content\/uploads\/2022\/05\/inspire-massagens-orientais-unique.jpeg\",\"width\":1180,\"height\":435},{\"@type\":\"BreadcrumbList\",\"@id\":\"https:\/\/uniquehandsnaturespa.com\/inspire-massagens-orientais\/#breadcrumb\",\"itemListElement\":[{\"@type\":\"ListItem\",\"position\":1,\"name\":\"Home\",\"item\":\"https:\/\/uniquehandsnaturespa.com\/fr\/\"},{\"@type\":\"ListItem\",\"position\":2,\"name\":\"Inspire | Massages orientaux\"}]},{\"@type\":\"WebSite\",\"@id\":\"https:\/\/uniquehandsnaturespa.com\/#website\",\"url\":\"https:\/\/uniquehandsnaturespa.com\/\",\"name\":\"Unique Hands Nature Spa\",\"description\":\"Massages et Wellness Spa \u00e0 Cascais\",\"publisher\":{\"@id\":\"https:\/\/uniquehandsnaturespa.com\/#organization\"},\"potentialAction\":[{\"@type\":\"SearchAction\",\"target\":{\"@type\":\"EntryPoint\",\"urlTemplate\":\"https:\/\/uniquehandsnaturespa.com\/?s={search_term_string}\"},\"query-input\":{\"@type\":\"PropertyValueSpecification\",\"valueRequired\":true,\"valueName\":\"search_term_string\"}}],\"inLanguage\":\"fr-FR\"},{\"@type\":\"Organization\",\"@id\":\"https:\/\/uniquehandsnaturespa.com\/#organization\",\"name\":\"Unique Hands Nature Spa\",\"url\":\"https:\/\/uniquehandsnaturespa.com\/\",\"logo\":{\"@type\":\"ImageObject\",\"inLanguage\":\"fr-FR\",\"@id\":\"https:\/\/uniquehandsnaturespa.com\/#\/schema\/logo\/image\/\",\"url\":\"https:\/\/uniquehandsnaturespa.com\/wp-content\/uploads\/2022\/05\/L_Dourado-1.png\",\"contentUrl\":\"https:\/\/uniquehandsnaturespa.com\/wp-content\/uploads\/2022\/05\/L_Dourado-1.png\",\"width\":491,\"height\":187,\"caption\":\"Unique Hands Nature Spa\"},\"image\":{\"@id\":\"https:\/\/uniquehandsnaturespa.com\/#\/schema\/logo\/image\/\"},\"sameAs\":[\"https:\/\/www.facebook.com\/uniquehandsurbanspa\/\",\"https:\/\/www.instagram.com\/unique_hands_._urban_spa\/\"]}]}<\/script>\n<!-- \/ Yoast SEO plugin. -->","yoast_head_json":{"title":"Inspire | Massages orientaux - Unique Hands Nature Spa","robots":{"index":"index","follow":"follow","max-snippet":"max-snippet:-1","max-image-preview":"max-image-preview:large","max-video-preview":"max-video-preview:-1"},"canonical":"https:\/\/uniquehandsnaturespa.com\/inspire-massagens-orientais\/","og_locale":"fr_FR","og_type":"article","og_title":"Inspire | Massages orientaux - Unique Hands Nature Spa","og_description":"LE TEMPS DE L'INSPIRATION Tui Na Le massage Tui Na, originaire de Chine, est intrins\u00e8quement li\u00e9 \u00e0 la m\u00e9decine traditionnelle chinoise. Ce massage comporte un tr\u00e8s large \u00e9ventail de techniques appliqu\u00e9es aux points d'acupuncture et aux m\u00e9ridiens, aux groupes musculaires et aux structures anatomiques g\u00e9n\u00e9rales. De plus, ces techniques sont choisies en fonction de la [&hellip;]","og_url":"https:\/\/uniquehandsnaturespa.com\/inspire-massagens-orientais\/","og_site_name":"Unique Hands Nature Spa","article_publisher":"https:\/\/www.facebook.com\/uniquehandsurbanspa\/","article_modified_time":"2023-11-16T20:56:00+00:00","og_image":[{"width":1180,"height":435,"url":"https:\/\/uniquehandsnaturespa.com\/wp-content\/uploads\/2022\/05\/inspire-massagens-orientais-unique.jpeg","type":"image\/jpeg"}],"twitter_card":"summary_large_image","twitter_misc":{"Dur\u00e9e de lecture estim\u00e9e":"2 minutes"},"schema":{"@context":"https:\/\/schema.org","@graph":[{"@type":"WebPage","@id":"https:\/\/uniquehandsnaturespa.com\/inspire-massagens-orientais\/","url":"https:\/\/uniquehandsnaturespa.com\/inspire-massagens-orientais\/","name":"Inspire | Massages orientaux - Unique Hands Nature Spa","isPartOf":{"@id":"https:\/\/uniquehandsnaturespa.com\/#website"},"primaryImageOfPage":{"@id":"https:\/\/uniquehandsnaturespa.com\/inspire-massagens-orientais\/#primaryimage"},"image":{"@id":"https:\/\/uniquehandsnaturespa.com\/inspire-massagens-orientais\/#primaryimage"},"thumbnailUrl":"https:\/\/uniquehandsnaturespa.com\/wp-content\/uploads\/2022\/05\/inspire-massagens-orientais-unique.jpeg","datePublished":"2022-05-03T19:54:14+00:00","dateModified":"2023-11-16T20:56:00+00:00","breadcrumb":{"@id":"https:\/\/uniquehandsnaturespa.com\/inspire-massagens-orientais\/#breadcrumb"},"inLanguage":"fr-FR","potentialAction":[{"@type":"ReadAction","target":["https:\/\/uniquehandsnaturespa.com\/inspire-massagens-orientais\/"]}]},{"@type":"ImageObject","inLanguage":"fr-FR","@id":"https:\/\/uniquehandsnaturespa.com\/inspire-massagens-orientais\/#primaryimage","url":"https:\/\/uniquehandsnaturespa.com\/wp-content\/uploads\/2022\/05\/inspire-massagens-orientais-unique.jpeg","contentUrl":"https:\/\/uniquehandsnaturespa.com\/wp-content\/uploads\/2022\/05\/inspire-massagens-orientais-unique.jpeg","width":1180,"height":435},{"@type":"BreadcrumbList","@id":"https:\/\/uniquehandsnaturespa.com\/inspire-massagens-orientais\/#breadcrumb","itemListElement":[{"@type":"ListItem","position":1,"name":"Home","item":"https:\/\/uniquehandsnaturespa.com\/fr\/"},{"@type":"ListItem","position":2,"name":"Inspire | Massages orientaux"}]},{"@type":"WebSite","@id":"https:\/\/uniquehandsnaturespa.com\/#website","url":"https:\/\/uniquehandsnaturespa.com\/","name":"Unique Hands Nature Spa","description":"Massages et Wellness Spa \u00e0 Cascais","publisher":{"@id":"https:\/\/uniquehandsnaturespa.com\/#organization"},"potentialAction":[{"@type":"SearchAction","target":{"@type":"EntryPoint","urlTemplate":"https:\/\/uniquehandsnaturespa.com\/?s={search_term_string}"},"query-input":{"@type":"PropertyValueSpecification","valueRequired":true,"valueName":"search_term_string"}}],"inLanguage":"fr-FR"},{"@type":"Organization","@id":"https:\/\/uniquehandsnaturespa.com\/#organization","name":"Unique Hands Nature Spa","url":"https:\/\/uniquehandsnaturespa.com\/","logo":{"@type":"ImageObject","inLanguage":"fr-FR","@id":"https:\/\/uniquehandsnaturespa.com\/#\/schema\/logo\/image\/","url":"https:\/\/uniquehandsnaturespa.com\/wp-content\/uploads\/2022\/05\/L_Dourado-1.png","contentUrl":"https:\/\/uniquehandsnaturespa.com\/wp-content\/uploads\/2022\/05\/L_Dourado-1.png","width":491,"height":187,"caption":"Unique Hands Nature Spa"},"image":{"@id":"https:\/\/uniquehandsnaturespa.com\/#\/schema\/logo\/image\/"},"sameAs":["https:\/\/www.facebook.com\/uniquehandsurbanspa\/","https:\/\/www.instagram.com\/unique_hands_._urban_spa\/"]}]}},"_links":{"self":[{"href":"https:\/\/uniquehandsnaturespa.com\/fr\/wp-json\/wp\/v2\/pages\/858","targetHints":{"allow":["GET"]}}],"collection":[{"href":"https:\/\/uniquehandsnaturespa.com\/fr\/wp-json\/wp\/v2\/pages"}],"about":[{"href":"https:\/\/uniquehandsnaturespa.com\/fr\/wp-json\/wp\/v2\/types\/page"}],"author":[{"embeddable":true,"href":"https:\/\/uniquehandsnaturespa.com\/fr\/wp-json\/wp\/v2\/users\/1"}],"replies":[{"embeddable":true,"href":"https:\/\/uniquehandsnaturespa.com\/fr\/wp-json\/wp\/v2\/comments?post=858"}],"version-history":[{"count":22,"href":"https:\/\/uniquehandsnaturespa.com\/fr\/wp-json\/wp\/v2\/pages\/858\/revisions"}],"predecessor-version":[{"id":1781,"href":"https:\/\/uniquehandsnaturespa.com\/fr\/wp-json\/wp\/v2\/pages\/858\/revisions\/1781"}],"wp:featuredmedia":[{"embeddable":true,"href":"https:\/\/uniquehandsnaturespa.com\/fr\/wp-json\/wp\/v2\/media\/843"}],"wp:attachment":[{"href":"https:\/\/uniquehandsnaturespa.com\/fr\/wp-json\/wp\/v2\/media?parent=858"}],"curies":[{"name":"wp","href":"https:\/\/api.w.org\/{rel}","templated":true}]}}