{"id":864,"date":"2022-05-03T22:13:11","date_gmt":"2022-05-03T22:13:11","guid":{"rendered":"https:\/\/uniquehandsnaturespa.com\/inspire-classes-yoga\/"},"modified":"2024-03-06T15:20:49","modified_gmt":"2024-03-06T15:20:49","slug":"inspire-classes-yoga","status":"publish","type":"page","link":"https:\/\/uniquehandsnaturespa.com\/fr\/inspire-classes-yoga\/","title":{"rendered":"Inspirer le bien-\u00eatre Sant\u00e9"},"content":{"rendered":"\n<p><\/p>\n\n<h2 class=\"wp-block-heading\">YOGA<\/h2>\n\n<p>Chez Unique Hands, nous croyons que les pratiques holistiques telles que le YOGA aident l&rsquo;\u00caTRE HUMAIN \u00e0 se reconnecter \u00e0 son essence, \u00e0 la partie la plus pure de son \u00caTRE.<br\/>Gr\u00e2ce aux postures, \u00e0 la respiration et \u00e0 la m\u00e9ditation, la pratique du YOGA favorise le bien-\u00eatre physique, \u00e9motionnel et spirituel. Outre la tranquillit\u00e9 et la relaxation profonde qu&rsquo;il procure, le YOGA am\u00e9liore la concentration, renforce le corps et d\u00e9veloppe la souplesse. Notre exp\u00e9rience nous permet de croire que le YOGA devient une philosophie de vie, o\u00f9 nous avons la possibilit\u00e9 de nous connecter avec nous-m\u00eames, avec la vie et avec l&rsquo;univers tout entier.<\/p>\n\n<h2 class=\"wp-block-heading\">COURS DE YOGA<\/h2>\n\n<h3 class=\"wp-block-heading\"><strong>Yoga pur &#8211; 60min.<\/strong><\/h3>\n\n<p>Cours de yoga une fois par semaine.<\/p>\n\n<h3 class=\"wp-block-heading\"><strong>Yoga Detox &#8211; 60min.<\/strong><\/h3>\n\n<p>Cours de yoga deux fois par semaine.<\/p>\n\n<h3 class=\"wp-block-heading\"><strong>Dur\u00e9e du yoga &#8211; 60min.<\/strong><\/h3>\n\n<p>Cours de yoga disponibles s\u00e9par\u00e9ment.<\/p>\n\n<h3 class=\"wp-block-heading\"><strong>PT Yoga &#8211; 60min.\/90min.<\/strong><\/h3>\n\n<p>Cours de yoga personnalis\u00e9s et individuels.<\/p>\n\n<h3 class=\"wp-block-heading\"><strong>Pilates &#8211; 60min.<\/strong><\/h3>\n\n<h4 class=\"wp-block-heading\">Paquet 4\/8<\/h4>\n\n<p>Le Pilates est une pratique globale qui offre des avantages physiques et mentaux, bas\u00e9e sur une routine d&rsquo;exercices pour ceux qui cherchent \u00e0 am\u00e9liorer leur force, leur flexibilit\u00e9, leur posture et leur bien-\u00eatre. La m\u00e9thode met l&rsquo;accent sur l&rsquo;alignement correct du corps, ce qui permet d&rsquo;obtenir des am\u00e9liorations significatives dans la r\u00e9duction des douleurs et de l&rsquo;inconfort. Les exercices sont con\u00e7us pour am\u00e9liorer l&rsquo;\u00e9quilibre et la coordination, vous apprenant \u00e0 bouger votre corps avec plus d&rsquo;efficacit\u00e9 et de contr\u00f4le. La pratique du Pilates exige que vous portiez toute votre attention sur votre propre corps, vos mouvements et votre respiration. Cela peut aider \u00e0 am\u00e9liorer la concentration et la conscience du corps dans de nombreux domaines de la vie. En outre, le Pilates renforce les muscles autour de la colonne vert\u00e9brale, am\u00e9liorant ainsi sa sant\u00e9 et son fonctionnement.<\/p>\n\n<h3 class=\"wp-block-heading\"><strong>Entra\u00eeneur personnel &#8211; 60min.<\/strong><\/h3>\n\n<h4 class=\"wp-block-heading\">Paquet 4\/8<\/h4>\n\n<p>La formation accompagn\u00e9e apporte une s\u00e9rie d&rsquo;avantages qui peuvent transformer compl\u00e8tement l&rsquo;exp\u00e9rience de l&rsquo;exercice physique, en garantissant non seulement de meilleurs r\u00e9sultats, mais aussi un processus plus s\u00fbr et plus personnalis\u00e9. Un entra\u00eeneur personnel suit de pr\u00e8s les progr\u00e8s r\u00e9alis\u00e9s et ajuste les plans d&rsquo;entra\u00eenement si n\u00e9cessaire. Cela vous permet de continuer \u00e0 progresser vers vos objectifs.  <\/p>\n\n<p>Les principaux avantages sont les suivants<\/p>\n\n<p><strong>Personnalisation<\/strong>: s\u00e9quences d&rsquo;exercices sur mesure, adapt\u00e9es aux besoins individuels.<\/p>\n\n<p><strong>Am\u00e9lioration<\/strong>: l&rsquo;enseignement d&rsquo;une technique correcte minimise le risque de blessure et maximise l&rsquo;efficacit\u00e9 de l&rsquo;entra\u00eenement.<\/p>\n\n<p><strong>Cr\u00e9er des habitudes saines<\/strong>: veiller \u00e0 ce que les b\u00e9n\u00e9fices de vos efforts soient maintenus \u00e0 long terme.<\/p>\n\n<p><strong>Motivation<\/strong>: les encouragements, les d\u00e9fis et la c\u00e9l\u00e9bration des r\u00e9ussites peuvent faire une grande diff\u00e9rence.<\/p>\n\n<p>Investir dans un entra\u00eeneur personnel peut donc \u00eatre l&rsquo;une des d\u00e9cisions les plus importantes pour votre sant\u00e9 et votre bien-\u00eatre, en vous offrant un moyen personnalis\u00e9, s\u00fbr et efficace d&rsquo;atteindre vos objectifs.<\/p>\n\n<p><br\/><\/p>\n","protected":false},"excerpt":{"rendered":"<p>YOGA Chez Unique Hands, nous croyons que les pratiques holistiques telles que le YOGA aident l&rsquo;\u00caTRE HUMAIN \u00e0 se reconnecter \u00e0 son essence, \u00e0 la partie la plus pure de son \u00caTRE.Gr\u00e2ce aux postures, \u00e0 la respiration et \u00e0 la m\u00e9ditation, la pratique du YOGA favorise le bien-\u00eatre physique, \u00e9motionnel et spirituel. Outre la tranquillit\u00e9 [&hellip;]<\/p>\n","protected":false},"author":1,"featured_media":843,"parent":0,"menu_order":0,"comment_status":"open","ping_status":"closed","template":"","meta":{"_et_pb_use_builder":"off","_et_pb_old_content":"","_et_gb_content_width":"","footnotes":""},"class_list":["post-864","page","type-page","status-publish","has-post-thumbnail","hentry"],"yoast_head":"<!-- This site is optimized with the Yoast SEO plugin v27.1.1 - https:\/\/yoast.com\/product\/yoast-seo-wordpress\/ -->\n<title>Inspirer le bien-\u00eatre Sant\u00e9 - Unique Hands Nature Spa<\/title>\n<meta name=\"robots\" content=\"index, follow, max-snippet:-1, max-image-preview:large, max-video-preview:-1\" \/>\n<link rel=\"canonical\" href=\"https:\/\/uniquehandsnaturespa.com\/inspire-classes-yoga\/\" \/>\n<meta property=\"og:locale\" content=\"fr_FR\" \/>\n<meta property=\"og:type\" content=\"article\" \/>\n<meta property=\"og:title\" content=\"Inspirer le bien-\u00eatre Sant\u00e9 - Unique Hands Nature Spa\" \/>\n<meta property=\"og:description\" content=\"YOGA Chez Unique Hands, nous croyons que les pratiques holistiques telles que le YOGA aident l&rsquo;\u00caTRE HUMAIN \u00e0 se reconnecter \u00e0 son essence, \u00e0 la partie la plus pure de son \u00caTRE.Gr\u00e2ce aux postures, \u00e0 la respiration et \u00e0 la m\u00e9ditation, la pratique du YOGA favorise le bien-\u00eatre physique, \u00e9motionnel et spirituel. Outre la tranquillit\u00e9 [&hellip;]\" \/>\n<meta property=\"og:url\" content=\"https:\/\/uniquehandsnaturespa.com\/inspire-classes-yoga\/\" \/>\n<meta property=\"og:site_name\" content=\"Unique Hands Nature Spa\" \/>\n<meta property=\"article:publisher\" content=\"https:\/\/www.facebook.com\/uniquehandsurbanspa\/\" \/>\n<meta property=\"article:modified_time\" content=\"2024-03-06T15:20:49+00:00\" \/>\n<meta property=\"og:image\" content=\"https:\/\/uniquehandsnaturespa.com\/wp-content\/uploads\/2022\/05\/inspire-massagens-orientais-unique.jpeg\" \/>\n\t<meta property=\"og:image:width\" content=\"1180\" \/>\n\t<meta property=\"og:image:height\" content=\"435\" \/>\n\t<meta property=\"og:image:type\" content=\"image\/jpeg\" \/>\n<meta name=\"twitter:card\" content=\"summary_large_image\" \/>\n<meta name=\"twitter:label1\" content=\"Dur\u00e9e de lecture estim\u00e9e\" \/>\n\t<meta name=\"twitter:data1\" content=\"2 minutes\" \/>\n<script type=\"application\/ld+json\" class=\"yoast-schema-graph\">{\"@context\":\"https:\/\/schema.org\",\"@graph\":[{\"@type\":\"WebPage\",\"@id\":\"https:\/\/uniquehandsnaturespa.com\/inspire-classes-yoga\/\",\"url\":\"https:\/\/uniquehandsnaturespa.com\/inspire-classes-yoga\/\",\"name\":\"Inspirer le bien-\u00eatre Sant\u00e9 - Unique Hands Nature Spa\",\"isPartOf\":{\"@id\":\"https:\/\/uniquehandsnaturespa.com\/#website\"},\"primaryImageOfPage\":{\"@id\":\"https:\/\/uniquehandsnaturespa.com\/inspire-classes-yoga\/#primaryimage\"},\"image\":{\"@id\":\"https:\/\/uniquehandsnaturespa.com\/inspire-classes-yoga\/#primaryimage\"},\"thumbnailUrl\":\"https:\/\/uniquehandsnaturespa.com\/wp-content\/uploads\/2022\/05\/inspire-massagens-orientais-unique.jpeg\",\"datePublished\":\"2022-05-03T22:13:11+00:00\",\"dateModified\":\"2024-03-06T15:20:49+00:00\",\"breadcrumb\":{\"@id\":\"https:\/\/uniquehandsnaturespa.com\/inspire-classes-yoga\/#breadcrumb\"},\"inLanguage\":\"fr-FR\",\"potentialAction\":[{\"@type\":\"ReadAction\",\"target\":[\"https:\/\/uniquehandsnaturespa.com\/inspire-classes-yoga\/\"]}]},{\"@type\":\"ImageObject\",\"inLanguage\":\"fr-FR\",\"@id\":\"https:\/\/uniquehandsnaturespa.com\/inspire-classes-yoga\/#primaryimage\",\"url\":\"https:\/\/uniquehandsnaturespa.com\/wp-content\/uploads\/2022\/05\/inspire-massagens-orientais-unique.jpeg\",\"contentUrl\":\"https:\/\/uniquehandsnaturespa.com\/wp-content\/uploads\/2022\/05\/inspire-massagens-orientais-unique.jpeg\",\"width\":1180,\"height\":435},{\"@type\":\"BreadcrumbList\",\"@id\":\"https:\/\/uniquehandsnaturespa.com\/inspire-classes-yoga\/#breadcrumb\",\"itemListElement\":[{\"@type\":\"ListItem\",\"position\":1,\"name\":\"Home\",\"item\":\"https:\/\/uniquehandsnaturespa.com\/fr\/\"},{\"@type\":\"ListItem\",\"position\":2,\"name\":\"Inspirer le bien-\u00eatre Sant\u00e9\"}]},{\"@type\":\"WebSite\",\"@id\":\"https:\/\/uniquehandsnaturespa.com\/#website\",\"url\":\"https:\/\/uniquehandsnaturespa.com\/\",\"name\":\"Unique Hands Nature Spa\",\"description\":\"Massages et Wellness Spa \u00e0 Cascais\",\"publisher\":{\"@id\":\"https:\/\/uniquehandsnaturespa.com\/#organization\"},\"potentialAction\":[{\"@type\":\"SearchAction\",\"target\":{\"@type\":\"EntryPoint\",\"urlTemplate\":\"https:\/\/uniquehandsnaturespa.com\/?s={search_term_string}\"},\"query-input\":{\"@type\":\"PropertyValueSpecification\",\"valueRequired\":true,\"valueName\":\"search_term_string\"}}],\"inLanguage\":\"fr-FR\"},{\"@type\":\"Organization\",\"@id\":\"https:\/\/uniquehandsnaturespa.com\/#organization\",\"name\":\"Unique Hands Nature Spa\",\"url\":\"https:\/\/uniquehandsnaturespa.com\/\",\"logo\":{\"@type\":\"ImageObject\",\"inLanguage\":\"fr-FR\",\"@id\":\"https:\/\/uniquehandsnaturespa.com\/#\/schema\/logo\/image\/\",\"url\":\"https:\/\/uniquehandsnaturespa.com\/wp-content\/uploads\/2022\/05\/L_Dourado-1.png\",\"contentUrl\":\"https:\/\/uniquehandsnaturespa.com\/wp-content\/uploads\/2022\/05\/L_Dourado-1.png\",\"width\":491,\"height\":187,\"caption\":\"Unique Hands Nature Spa\"},\"image\":{\"@id\":\"https:\/\/uniquehandsnaturespa.com\/#\/schema\/logo\/image\/\"},\"sameAs\":[\"https:\/\/www.facebook.com\/uniquehandsurbanspa\/\",\"https:\/\/www.instagram.com\/unique_hands_._urban_spa\/\"]}]}<\/script>\n<!-- \/ Yoast SEO plugin. -->","yoast_head_json":{"title":"Inspirer le bien-\u00eatre Sant\u00e9 - Unique Hands Nature Spa","robots":{"index":"index","follow":"follow","max-snippet":"max-snippet:-1","max-image-preview":"max-image-preview:large","max-video-preview":"max-video-preview:-1"},"canonical":"https:\/\/uniquehandsnaturespa.com\/inspire-classes-yoga\/","og_locale":"fr_FR","og_type":"article","og_title":"Inspirer le bien-\u00eatre Sant\u00e9 - Unique Hands Nature Spa","og_description":"YOGA Chez Unique Hands, nous croyons que les pratiques holistiques telles que le YOGA aident l&rsquo;\u00caTRE HUMAIN \u00e0 se reconnecter \u00e0 son essence, \u00e0 la partie la plus pure de son \u00caTRE.Gr\u00e2ce aux postures, \u00e0 la respiration et \u00e0 la m\u00e9ditation, la pratique du YOGA favorise le bien-\u00eatre physique, \u00e9motionnel et spirituel. Outre la tranquillit\u00e9 [&hellip;]","og_url":"https:\/\/uniquehandsnaturespa.com\/inspire-classes-yoga\/","og_site_name":"Unique Hands Nature Spa","article_publisher":"https:\/\/www.facebook.com\/uniquehandsurbanspa\/","article_modified_time":"2024-03-06T15:20:49+00:00","og_image":[{"width":1180,"height":435,"url":"https:\/\/uniquehandsnaturespa.com\/wp-content\/uploads\/2022\/05\/inspire-massagens-orientais-unique.jpeg","type":"image\/jpeg"}],"twitter_card":"summary_large_image","twitter_misc":{"Dur\u00e9e de lecture estim\u00e9e":"2 minutes"},"schema":{"@context":"https:\/\/schema.org","@graph":[{"@type":"WebPage","@id":"https:\/\/uniquehandsnaturespa.com\/inspire-classes-yoga\/","url":"https:\/\/uniquehandsnaturespa.com\/inspire-classes-yoga\/","name":"Inspirer le bien-\u00eatre Sant\u00e9 - Unique Hands Nature Spa","isPartOf":{"@id":"https:\/\/uniquehandsnaturespa.com\/#website"},"primaryImageOfPage":{"@id":"https:\/\/uniquehandsnaturespa.com\/inspire-classes-yoga\/#primaryimage"},"image":{"@id":"https:\/\/uniquehandsnaturespa.com\/inspire-classes-yoga\/#primaryimage"},"thumbnailUrl":"https:\/\/uniquehandsnaturespa.com\/wp-content\/uploads\/2022\/05\/inspire-massagens-orientais-unique.jpeg","datePublished":"2022-05-03T22:13:11+00:00","dateModified":"2024-03-06T15:20:49+00:00","breadcrumb":{"@id":"https:\/\/uniquehandsnaturespa.com\/inspire-classes-yoga\/#breadcrumb"},"inLanguage":"fr-FR","potentialAction":[{"@type":"ReadAction","target":["https:\/\/uniquehandsnaturespa.com\/inspire-classes-yoga\/"]}]},{"@type":"ImageObject","inLanguage":"fr-FR","@id":"https:\/\/uniquehandsnaturespa.com\/inspire-classes-yoga\/#primaryimage","url":"https:\/\/uniquehandsnaturespa.com\/wp-content\/uploads\/2022\/05\/inspire-massagens-orientais-unique.jpeg","contentUrl":"https:\/\/uniquehandsnaturespa.com\/wp-content\/uploads\/2022\/05\/inspire-massagens-orientais-unique.jpeg","width":1180,"height":435},{"@type":"BreadcrumbList","@id":"https:\/\/uniquehandsnaturespa.com\/inspire-classes-yoga\/#breadcrumb","itemListElement":[{"@type":"ListItem","position":1,"name":"Home","item":"https:\/\/uniquehandsnaturespa.com\/fr\/"},{"@type":"ListItem","position":2,"name":"Inspirer le bien-\u00eatre Sant\u00e9"}]},{"@type":"WebSite","@id":"https:\/\/uniquehandsnaturespa.com\/#website","url":"https:\/\/uniquehandsnaturespa.com\/","name":"Unique Hands Nature Spa","description":"Massages et Wellness Spa \u00e0 Cascais","publisher":{"@id":"https:\/\/uniquehandsnaturespa.com\/#organization"},"potentialAction":[{"@type":"SearchAction","target":{"@type":"EntryPoint","urlTemplate":"https:\/\/uniquehandsnaturespa.com\/?s={search_term_string}"},"query-input":{"@type":"PropertyValueSpecification","valueRequired":true,"valueName":"search_term_string"}}],"inLanguage":"fr-FR"},{"@type":"Organization","@id":"https:\/\/uniquehandsnaturespa.com\/#organization","name":"Unique Hands Nature Spa","url":"https:\/\/uniquehandsnaturespa.com\/","logo":{"@type":"ImageObject","inLanguage":"fr-FR","@id":"https:\/\/uniquehandsnaturespa.com\/#\/schema\/logo\/image\/","url":"https:\/\/uniquehandsnaturespa.com\/wp-content\/uploads\/2022\/05\/L_Dourado-1.png","contentUrl":"https:\/\/uniquehandsnaturespa.com\/wp-content\/uploads\/2022\/05\/L_Dourado-1.png","width":491,"height":187,"caption":"Unique Hands Nature Spa"},"image":{"@id":"https:\/\/uniquehandsnaturespa.com\/#\/schema\/logo\/image\/"},"sameAs":["https:\/\/www.facebook.com\/uniquehandsurbanspa\/","https:\/\/www.instagram.com\/unique_hands_._urban_spa\/"]}]}},"_links":{"self":[{"href":"https:\/\/uniquehandsnaturespa.com\/fr\/wp-json\/wp\/v2\/pages\/864","targetHints":{"allow":["GET"]}}],"collection":[{"href":"https:\/\/uniquehandsnaturespa.com\/fr\/wp-json\/wp\/v2\/pages"}],"about":[{"href":"https:\/\/uniquehandsnaturespa.com\/fr\/wp-json\/wp\/v2\/types\/page"}],"author":[{"embeddable":true,"href":"https:\/\/uniquehandsnaturespa.com\/fr\/wp-json\/wp\/v2\/users\/1"}],"replies":[{"embeddable":true,"href":"https:\/\/uniquehandsnaturespa.com\/fr\/wp-json\/wp\/v2\/comments?post=864"}],"version-history":[{"count":15,"href":"https:\/\/uniquehandsnaturespa.com\/fr\/wp-json\/wp\/v2\/pages\/864\/revisions"}],"predecessor-version":[{"id":1901,"href":"https:\/\/uniquehandsnaturespa.com\/fr\/wp-json\/wp\/v2\/pages\/864\/revisions\/1901"}],"wp:featuredmedia":[{"embeddable":true,"href":"https:\/\/uniquehandsnaturespa.com\/fr\/wp-json\/wp\/v2\/media\/843"}],"wp:attachment":[{"href":"https:\/\/uniquehandsnaturespa.com\/fr\/wp-json\/wp\/v2\/media?parent=864"}],"curies":[{"name":"wp","href":"https:\/\/api.w.org\/{rel}","templated":true}]}}