{"id":870,"date":"2022-05-03T22:09:37","date_gmt":"2022-05-03T22:09:37","guid":{"rendered":"https:\/\/uniquehandsnaturespa.com\/pure-beauty-tratamentos-de-corpo\/"},"modified":"2022-07-18T14:33:35","modified_gmt":"2022-07-18T14:33:35","slug":"pure-beauty-tratamentos-de-corpo","status":"publish","type":"page","link":"https:\/\/uniquehandsnaturespa.com\/fr\/pure-beauty-tratamentos-de-corpo\/","title":{"rendered":"pure beaut\u00e9 | Traitements corporels"},"content":{"rendered":"\n<p><\/p>\n\n<h2 class=\"wp-block-heading\">VOTRE BEAUT\u00c9 HOLISTIQUE<\/h2>\n\n<p><\/p>\n\n<h3 class=\"wp-block-heading\"><strong>Exfoliation de la peau sensible \u2022 35min.<\/strong><\/h3>\n\n<p>Donnez \u00e0 votre peau un \u00e9clat naturel&#8230;<br\/>Un traitement corporel efficace pour \u00e9liminer les cellules mortes de la peau. En effectuant une exfoliation de peau sensible, vous pouvez voir et sentir une peau s\u00e8che, \u00e9blouissante et lumineuse. Pour compl\u00e9ter le traitement est effectu\u00e9 une hydratation, massant tout le corps.<\/p>\n\n<h3 class=\"wp-block-heading\"><strong>Exfoliation D\u00e9tox de l\u2019Himalaya \u2022 40min.<\/strong><\/h3>\n\n<p>Purifiez votre corps&#8230;<br\/>Himalayan Detox Exfoliation est un traitement d\u00e9toxifiant et purifiant pour votre corps qui a pour protagoniste principal le sel de l\u2019Himalaya. Un traitement corporel d\u00e9tox riche en min\u00e9raux et efficace pour \u00e9liminer les cellules mortes de la peau qui promet de vous faire sentir purifi\u00e9 et rafra\u00eechi!<\/p>\n\n<p><\/p>\n\n<p><strong>L\u2019exfoliation et ses bienfaits :<br\/><\/strong> L\u2019exfoliation est un traitement qui a pour but principal d\u2019\u00e9liminer les cellules mortes de la peau, am\u00e9liorant ainsi leur apparence naturelle et uniforme. Il am\u00e9liore encore la circulation sanguine, stimule le syst\u00e8me m\u00e9tabolique, d\u00e9toxifie le corps et restitue l\u2019aspect sain que votre corps m\u00e9rite.<br\/>Que ce soit en \u00e9t\u00e9 ou en hiver, prenez soin de votre corps.<\/p>\n\n<p>On peut \u00e9galement louer \u00e0 quel point il est important d\u2019effectuer une exfoliation avant d\u2019autres traitements corporels, car cela am\u00e9liore l\u2019effet du traitement suivant.<\/p>\n\n<p>[REMARQUE: Nous vous avertissons que vous devriez \u00e9viter l\u2019\u00e9pilation \u00e0 la cire le jour ou la veille de l\u2019exfoliation, car les exfoliants peuvent l\u00e9g\u00e8rement irriter votre peau, ce qui rend le traitement moins agr\u00e9able.]<\/p>\n\n<hr class=\"wp-block-separator\"\/>\n\n<h3 class=\"wp-block-heading\"><strong>Implication D\u00e9tox \u2022 40min.<\/strong><\/h3>\n\n<p>Une peau qui respire la sant\u00e9 !<br\/>Un traitement d\u00e9toxifiant tr\u00e8s efficace dans l\u2019\u00e9limination des toxines et des impuret\u00e9s de la peau, favorisant le renouvellement cellulaire. Un traitement riche en sels min\u00e9raux, oligo-\u00e9l\u00e9ments qui a pour principaux avantages l\u2019effet r\u00e9g\u00e9n\u00e9rant, d\u00e9toxifiant, remin\u00e9ralisant et revitalisant. Donnez \u00e0 votre corps un sentiment unique de bien-\u00eatre.<\/p>\n\n<h3 class=\"wp-block-heading\"><strong>Emballage nutritionnel \u2022 40min.<\/strong><\/h3>\n\n<p>Un r\u00e9gal pour votre peau!<br\/>Pour nourrir et chouchouter votre peau, Unique Hands a sp\u00e9cialement pr\u00e9par\u00e9 \u00e0 vous un soin hydratant pur, id\u00e9al pour purifier et hydrater la peau. Un traitement consistant en une implication avec une action d\u00e9toxifiante et remin\u00e9ralisante, compl\u00e9t\u00e9 par une hydratation \u00e0 base d\u2019huiles de baies de Goji, Mac\u00e2damia, Babassu et Jojoba.<\/p>\n\n<h3 class=\"wp-block-heading\"><strong>Age Diamond Implication \u2022 40min.<\/strong><\/h3>\n\n<p>Une peau soign\u00e9e comme un diamant !<br\/>Nous traitons votre corps comme un diamant et pr\u00e9parons un traitement sp\u00e9cial pour les peaux plus matures. Age Diamond Wrapping hydrate, purifie, stimule, tonifie et donne de la luminosit\u00e9 \u00e0 votre peau. Pour compl\u00e9ter le traitement sera effectu\u00e9 une hydratation anti-\u00e2ge qui favorise le renouvellement cellulaire, la production de collag\u00e8ne, en plus d\u2019assurer une hydratation profonde de la peau. Un \u00e9clat de diamant d\u00e9di\u00e9 \u00e0 votre peau.<\/p>\n\n<p>[REMARQUE: Pour am\u00e9liorer les effets des traitements corporels, nous vous conseillons de faire d\u2019abord une exfoliation.]<\/p>\n","protected":false},"excerpt":{"rendered":"<p>VOTRE BEAUT\u00c9 HOLISTIQUE Exfoliation de la peau sensible \u2022 35min. Donnez \u00e0 votre peau un \u00e9clat naturel&#8230;Un traitement corporel efficace pour \u00e9liminer les cellules mortes de la peau. En effectuant une exfoliation de peau sensible, vous pouvez voir et sentir une peau s\u00e8che, \u00e9blouissante et lumineuse. Pour compl\u00e9ter le traitement est effectu\u00e9 une hydratation, massant [&hellip;]<\/p>\n","protected":false},"author":1,"featured_media":855,"parent":0,"menu_order":0,"comment_status":"open","ping_status":"open","template":"","meta":{"_et_pb_use_builder":"off","_et_pb_old_content":"","_et_gb_content_width":"","footnotes":""},"class_list":["post-870","page","type-page","status-publish","has-post-thumbnail","hentry"],"yoast_head":"<!-- This site is optimized with the Yoast SEO plugin v27.1.1 - https:\/\/yoast.com\/product\/yoast-seo-wordpress\/ -->\n<title>pure beaut\u00e9 | Traitements corporels - Unique Hands Nature Spa<\/title>\n<meta name=\"robots\" content=\"index, follow, max-snippet:-1, max-image-preview:large, max-video-preview:-1\" \/>\n<link rel=\"canonical\" href=\"https:\/\/uniquehandsnaturespa.com\/pure-beauty-tratamentos-de-corpo\/\" \/>\n<meta property=\"og:locale\" content=\"fr_FR\" \/>\n<meta property=\"og:type\" content=\"article\" \/>\n<meta property=\"og:title\" content=\"pure beaut\u00e9 | Traitements corporels - Unique Hands Nature Spa\" \/>\n<meta property=\"og:description\" content=\"VOTRE BEAUT\u00c9 HOLISTIQUE Exfoliation de la peau sensible \u2022 35min. Donnez \u00e0 votre peau un \u00e9clat naturel&#8230;Un traitement corporel efficace pour \u00e9liminer les cellules mortes de la peau. En effectuant une exfoliation de peau sensible, vous pouvez voir et sentir une peau s\u00e8che, \u00e9blouissante et lumineuse. Pour compl\u00e9ter le traitement est effectu\u00e9 une hydratation, massant [&hellip;]\" \/>\n<meta property=\"og:url\" content=\"https:\/\/uniquehandsnaturespa.com\/pure-beauty-tratamentos-de-corpo\/\" \/>\n<meta property=\"og:site_name\" content=\"Unique Hands Nature Spa\" \/>\n<meta property=\"article:publisher\" content=\"https:\/\/www.facebook.com\/uniquehandsurbanspa\/\" \/>\n<meta property=\"article:modified_time\" content=\"2022-07-18T14:33:35+00:00\" \/>\n<meta property=\"og:image\" content=\"https:\/\/uniquehandsnaturespa.com\/wp-content\/uploads\/2022\/05\/pure-beauty-corpo-unique.jpeg\" \/>\n\t<meta property=\"og:image:width\" content=\"1180\" \/>\n\t<meta property=\"og:image:height\" content=\"435\" \/>\n\t<meta property=\"og:image:type\" content=\"image\/jpeg\" \/>\n<meta name=\"twitter:card\" content=\"summary_large_image\" \/>\n<meta name=\"twitter:label1\" content=\"Dur\u00e9e de lecture estim\u00e9e\" \/>\n\t<meta name=\"twitter:data1\" content=\"2 minutes\" \/>\n<script type=\"application\/ld+json\" class=\"yoast-schema-graph\">{\"@context\":\"https:\/\/schema.org\",\"@graph\":[{\"@type\":\"WebPage\",\"@id\":\"https:\/\/uniquehandsnaturespa.com\/pure-beauty-tratamentos-de-corpo\/\",\"url\":\"https:\/\/uniquehandsnaturespa.com\/pure-beauty-tratamentos-de-corpo\/\",\"name\":\"pure beaut\u00e9 | Traitements corporels - Unique Hands Nature Spa\",\"isPartOf\":{\"@id\":\"https:\/\/uniquehandsnaturespa.com\/#website\"},\"primaryImageOfPage\":{\"@id\":\"https:\/\/uniquehandsnaturespa.com\/pure-beauty-tratamentos-de-corpo\/#primaryimage\"},\"image\":{\"@id\":\"https:\/\/uniquehandsnaturespa.com\/pure-beauty-tratamentos-de-corpo\/#primaryimage\"},\"thumbnailUrl\":\"https:\/\/uniquehandsnaturespa.com\/wp-content\/uploads\/2022\/05\/pure-beauty-corpo-unique.jpeg\",\"datePublished\":\"2022-05-03T22:09:37+00:00\",\"dateModified\":\"2022-07-18T14:33:35+00:00\",\"breadcrumb\":{\"@id\":\"https:\/\/uniquehandsnaturespa.com\/pure-beauty-tratamentos-de-corpo\/#breadcrumb\"},\"inLanguage\":\"fr-FR\",\"potentialAction\":[{\"@type\":\"ReadAction\",\"target\":[\"https:\/\/uniquehandsnaturespa.com\/pure-beauty-tratamentos-de-corpo\/\"]}]},{\"@type\":\"ImageObject\",\"inLanguage\":\"fr-FR\",\"@id\":\"https:\/\/uniquehandsnaturespa.com\/pure-beauty-tratamentos-de-corpo\/#primaryimage\",\"url\":\"https:\/\/uniquehandsnaturespa.com\/wp-content\/uploads\/2022\/05\/pure-beauty-corpo-unique.jpeg\",\"contentUrl\":\"https:\/\/uniquehandsnaturespa.com\/wp-content\/uploads\/2022\/05\/pure-beauty-corpo-unique.jpeg\",\"width\":1180,\"height\":435},{\"@type\":\"BreadcrumbList\",\"@id\":\"https:\/\/uniquehandsnaturespa.com\/pure-beauty-tratamentos-de-corpo\/#breadcrumb\",\"itemListElement\":[{\"@type\":\"ListItem\",\"position\":1,\"name\":\"Home\",\"item\":\"https:\/\/uniquehandsnaturespa.com\/fr\/\"},{\"@type\":\"ListItem\",\"position\":2,\"name\":\"pure beaut\u00e9 | Traitements corporels\"}]},{\"@type\":\"WebSite\",\"@id\":\"https:\/\/uniquehandsnaturespa.com\/#website\",\"url\":\"https:\/\/uniquehandsnaturespa.com\/\",\"name\":\"Unique Hands Nature Spa\",\"description\":\"Massages et Wellness Spa \u00e0 Cascais\",\"publisher\":{\"@id\":\"https:\/\/uniquehandsnaturespa.com\/#organization\"},\"potentialAction\":[{\"@type\":\"SearchAction\",\"target\":{\"@type\":\"EntryPoint\",\"urlTemplate\":\"https:\/\/uniquehandsnaturespa.com\/?s={search_term_string}\"},\"query-input\":{\"@type\":\"PropertyValueSpecification\",\"valueRequired\":true,\"valueName\":\"search_term_string\"}}],\"inLanguage\":\"fr-FR\"},{\"@type\":\"Organization\",\"@id\":\"https:\/\/uniquehandsnaturespa.com\/#organization\",\"name\":\"Unique Hands Nature Spa\",\"url\":\"https:\/\/uniquehandsnaturespa.com\/\",\"logo\":{\"@type\":\"ImageObject\",\"inLanguage\":\"fr-FR\",\"@id\":\"https:\/\/uniquehandsnaturespa.com\/#\/schema\/logo\/image\/\",\"url\":\"https:\/\/uniquehandsnaturespa.com\/wp-content\/uploads\/2022\/05\/L_Dourado-1.png\",\"contentUrl\":\"https:\/\/uniquehandsnaturespa.com\/wp-content\/uploads\/2022\/05\/L_Dourado-1.png\",\"width\":491,\"height\":187,\"caption\":\"Unique Hands Nature Spa\"},\"image\":{\"@id\":\"https:\/\/uniquehandsnaturespa.com\/#\/schema\/logo\/image\/\"},\"sameAs\":[\"https:\/\/www.facebook.com\/uniquehandsurbanspa\/\",\"https:\/\/www.instagram.com\/unique_hands_._urban_spa\/\"]}]}<\/script>\n<!-- \/ Yoast SEO plugin. -->","yoast_head_json":{"title":"pure beaut\u00e9 | Traitements corporels - Unique Hands Nature Spa","robots":{"index":"index","follow":"follow","max-snippet":"max-snippet:-1","max-image-preview":"max-image-preview:large","max-video-preview":"max-video-preview:-1"},"canonical":"https:\/\/uniquehandsnaturespa.com\/pure-beauty-tratamentos-de-corpo\/","og_locale":"fr_FR","og_type":"article","og_title":"pure beaut\u00e9 | Traitements corporels - Unique Hands Nature Spa","og_description":"VOTRE BEAUT\u00c9 HOLISTIQUE Exfoliation de la peau sensible \u2022 35min. Donnez \u00e0 votre peau un \u00e9clat naturel&#8230;Un traitement corporel efficace pour \u00e9liminer les cellules mortes de la peau. En effectuant une exfoliation de peau sensible, vous pouvez voir et sentir une peau s\u00e8che, \u00e9blouissante et lumineuse. Pour compl\u00e9ter le traitement est effectu\u00e9 une hydratation, massant [&hellip;]","og_url":"https:\/\/uniquehandsnaturespa.com\/pure-beauty-tratamentos-de-corpo\/","og_site_name":"Unique Hands Nature Spa","article_publisher":"https:\/\/www.facebook.com\/uniquehandsurbanspa\/","article_modified_time":"2022-07-18T14:33:35+00:00","og_image":[{"width":1180,"height":435,"url":"https:\/\/uniquehandsnaturespa.com\/wp-content\/uploads\/2022\/05\/pure-beauty-corpo-unique.jpeg","type":"image\/jpeg"}],"twitter_card":"summary_large_image","twitter_misc":{"Dur\u00e9e de lecture estim\u00e9e":"2 minutes"},"schema":{"@context":"https:\/\/schema.org","@graph":[{"@type":"WebPage","@id":"https:\/\/uniquehandsnaturespa.com\/pure-beauty-tratamentos-de-corpo\/","url":"https:\/\/uniquehandsnaturespa.com\/pure-beauty-tratamentos-de-corpo\/","name":"pure beaut\u00e9 | Traitements corporels - Unique Hands Nature Spa","isPartOf":{"@id":"https:\/\/uniquehandsnaturespa.com\/#website"},"primaryImageOfPage":{"@id":"https:\/\/uniquehandsnaturespa.com\/pure-beauty-tratamentos-de-corpo\/#primaryimage"},"image":{"@id":"https:\/\/uniquehandsnaturespa.com\/pure-beauty-tratamentos-de-corpo\/#primaryimage"},"thumbnailUrl":"https:\/\/uniquehandsnaturespa.com\/wp-content\/uploads\/2022\/05\/pure-beauty-corpo-unique.jpeg","datePublished":"2022-05-03T22:09:37+00:00","dateModified":"2022-07-18T14:33:35+00:00","breadcrumb":{"@id":"https:\/\/uniquehandsnaturespa.com\/pure-beauty-tratamentos-de-corpo\/#breadcrumb"},"inLanguage":"fr-FR","potentialAction":[{"@type":"ReadAction","target":["https:\/\/uniquehandsnaturespa.com\/pure-beauty-tratamentos-de-corpo\/"]}]},{"@type":"ImageObject","inLanguage":"fr-FR","@id":"https:\/\/uniquehandsnaturespa.com\/pure-beauty-tratamentos-de-corpo\/#primaryimage","url":"https:\/\/uniquehandsnaturespa.com\/wp-content\/uploads\/2022\/05\/pure-beauty-corpo-unique.jpeg","contentUrl":"https:\/\/uniquehandsnaturespa.com\/wp-content\/uploads\/2022\/05\/pure-beauty-corpo-unique.jpeg","width":1180,"height":435},{"@type":"BreadcrumbList","@id":"https:\/\/uniquehandsnaturespa.com\/pure-beauty-tratamentos-de-corpo\/#breadcrumb","itemListElement":[{"@type":"ListItem","position":1,"name":"Home","item":"https:\/\/uniquehandsnaturespa.com\/fr\/"},{"@type":"ListItem","position":2,"name":"pure beaut\u00e9 | Traitements corporels"}]},{"@type":"WebSite","@id":"https:\/\/uniquehandsnaturespa.com\/#website","url":"https:\/\/uniquehandsnaturespa.com\/","name":"Unique Hands Nature Spa","description":"Massages et Wellness Spa \u00e0 Cascais","publisher":{"@id":"https:\/\/uniquehandsnaturespa.com\/#organization"},"potentialAction":[{"@type":"SearchAction","target":{"@type":"EntryPoint","urlTemplate":"https:\/\/uniquehandsnaturespa.com\/?s={search_term_string}"},"query-input":{"@type":"PropertyValueSpecification","valueRequired":true,"valueName":"search_term_string"}}],"inLanguage":"fr-FR"},{"@type":"Organization","@id":"https:\/\/uniquehandsnaturespa.com\/#organization","name":"Unique Hands Nature Spa","url":"https:\/\/uniquehandsnaturespa.com\/","logo":{"@type":"ImageObject","inLanguage":"fr-FR","@id":"https:\/\/uniquehandsnaturespa.com\/#\/schema\/logo\/image\/","url":"https:\/\/uniquehandsnaturespa.com\/wp-content\/uploads\/2022\/05\/L_Dourado-1.png","contentUrl":"https:\/\/uniquehandsnaturespa.com\/wp-content\/uploads\/2022\/05\/L_Dourado-1.png","width":491,"height":187,"caption":"Unique Hands Nature Spa"},"image":{"@id":"https:\/\/uniquehandsnaturespa.com\/#\/schema\/logo\/image\/"},"sameAs":["https:\/\/www.facebook.com\/uniquehandsurbanspa\/","https:\/\/www.instagram.com\/unique_hands_._urban_spa\/"]}]}},"_links":{"self":[{"href":"https:\/\/uniquehandsnaturespa.com\/fr\/wp-json\/wp\/v2\/pages\/870","targetHints":{"allow":["GET"]}}],"collection":[{"href":"https:\/\/uniquehandsnaturespa.com\/fr\/wp-json\/wp\/v2\/pages"}],"about":[{"href":"https:\/\/uniquehandsnaturespa.com\/fr\/wp-json\/wp\/v2\/types\/page"}],"author":[{"embeddable":true,"href":"https:\/\/uniquehandsnaturespa.com\/fr\/wp-json\/wp\/v2\/users\/1"}],"replies":[{"embeddable":true,"href":"https:\/\/uniquehandsnaturespa.com\/fr\/wp-json\/wp\/v2\/comments?post=870"}],"version-history":[{"count":2,"href":"https:\/\/uniquehandsnaturespa.com\/fr\/wp-json\/wp\/v2\/pages\/870\/revisions"}],"predecessor-version":[{"id":874,"href":"https:\/\/uniquehandsnaturespa.com\/fr\/wp-json\/wp\/v2\/pages\/870\/revisions\/874"}],"wp:featuredmedia":[{"embeddable":true,"href":"https:\/\/uniquehandsnaturespa.com\/fr\/wp-json\/wp\/v2\/media\/855"}],"wp:attachment":[{"href":"https:\/\/uniquehandsnaturespa.com\/fr\/wp-json\/wp\/v2\/media?parent=870"}],"curies":[{"name":"wp","href":"https:\/\/api.w.org\/{rel}","templated":true}]}}