{"id":876,"date":"2022-05-03T19:55:47","date_gmt":"2022-05-03T19:55:47","guid":{"rendered":"https:\/\/uniquehandsnaturespa.com\/pure-beauty-tratamentos-de-rosto\/"},"modified":"2022-07-18T14:35:53","modified_gmt":"2022-07-18T14:35:53","slug":"pure-beauty-tratamentos-de-rosto","status":"publish","type":"page","link":"https:\/\/uniquehandsnaturespa.com\/fr\/pure-beauty-tratamentos-de-rosto\/","title":{"rendered":"pure beaut\u00e9 | Traitements du visage"},"content":{"rendered":"\n<p><\/p>\n\n<h2 class=\"wp-block-heading\">VOTRE BEAUT\u00c9 HOLISTIQUE<\/h2>\n\n<p><\/p>\n\n<h3 class=\"wp-block-heading\" id=\"quick-facial-beauty\"><strong>Beaut\u00e9 rapide du visage \u2022 30min.<\/strong><\/h3>\n\n<p>De pr\u00e9cieuses minutes pour votre peau !<br\/>Un soin du visage rapide et id\u00e9al pour \u00e9liminer les impuret\u00e9s de votre peau, l\u2019hydrater et lui redonner son \u00e9clat naturel.<br\/>C\u2019est un traitement recommand\u00e9 pour tous les types de peau, en particulier les peaux d\u00e9shydrat\u00e9es, fatigu\u00e9es, stress\u00e9es et mal nourries.<\/p>\n\n<h3 class=\"wp-block-heading\"><strong>Puret\u00e9 active \u2022 50min.<\/strong><\/h3>\n\n<p>Purifiant et d\u00e9licat&#8230;<br\/>Traitement pour un nettoyage en profondeur qui offre \u00e0 votre peau un aspect lumineux, lisse et uniforme. Intense et d\u00e9licate, elle r\u00e9\u00e9quilibre et normalise la peau, la laissant fra\u00eeche et ferme.<\/p>\n\n<p><strong>Avantages:<\/strong><br\/>Lisse et am\u00e9liore la texture de la peau.<br\/>Purifie et r\u00e9g\u00e9n\u00e8re.<br\/>\u00c9quilibre les niveaux de s\u00e9bum et d\u2019hydratation.<\/p>\n\n<h3 class=\"wp-block-heading\" id=\"equilibrium-touch\"><strong>Equilibrium Touch \u2022 50min.<\/strong><\/h3>\n\n<p>Une touche d\u2019\u00e9quilibre !<br\/>Soin hydratation profonde pour le visage, le cou et le d\u00e9collet\u00e9, qui renouvelle l\u2019hydratation de la peau et sa douceur. Tonifie et am\u00e9liore votre tonus et votre luminosit\u00e9. Aide \u00e0 garder la peau douce et \u00e9lastique, pr\u00e9venant la d\u00e9shydratation et le vieillissement pr\u00e9matur\u00e9.<\/p>\n\n<p><strong>Avantages:<\/strong><br\/>Teint hydratant et frais.<br\/>Nourrit la peau et aide \u00e0 la garder \u00e9lastique et flexible.<br\/>Pr\u00e9vient le vieillissement pr\u00e9matur\u00e9.<\/p>\n\n<h3 class=\"wp-block-heading\"><strong>Age Diamond \u2022 50 min<\/strong><\/h3>\n\n<p>Un diamant pour votre peau !<br\/>Un traitement <em>anti-\u00e2ge <\/em>liftant et redensibilisant pour le visage et le cou. Le massage liftant <em>effectu\u00e9<\/em> sur votre visage restaure la pl\u00e9nitude de la peau et red\u00e9finit le volume du visage.<\/p>\n\n<p><strong>Avantages<\/strong> :<br\/>Stimule <em>un lifting imm\u00e9diat<\/em> et rensifie l\u2019ovale du visage.<br\/>Nourrit, \u00e9claircit et tonifie.<br\/>Les rides profondes et les ridules deviennent plus lisses et att\u00e9nu\u00e9es.<\/p>\n\n<h3 class=\"wp-block-heading\"><strong>Main-d\u2019\u0153uvre \u2022 50 min<\/strong><\/h3>\n\n<p>Pour les hommes qui prennent soin de vous!<br\/>Traitement de l\u2019hydratation et de la nutrition profonde pour le visage, qui restaure l\u2019hydratation et la douceur de la peau. Un soin qui apaise votre peau en laissant une agr\u00e9able sensation de bien-\u00eatre !<\/p>\n\n<p><strong>Avantages<\/strong> :<br\/>Tonifie et am\u00e9liore le tonus et la luminosit\u00e9 de la peau.<br\/>Nourrit la peau et aide \u00e0 la garder \u00e9lastique et flexible.<br\/>Pr\u00e9vient le vieillissement pr\u00e9matur\u00e9.<\/p>\n","protected":false},"excerpt":{"rendered":"<p>VOTRE BEAUT\u00c9 HOLISTIQUE Beaut\u00e9 rapide du visage \u2022 30min. De pr\u00e9cieuses minutes pour votre peau !Un soin du visage rapide et id\u00e9al pour \u00e9liminer les impuret\u00e9s de votre peau, l\u2019hydrater et lui redonner son \u00e9clat naturel.C\u2019est un traitement recommand\u00e9 pour tous les types de peau, en particulier les peaux d\u00e9shydrat\u00e9es, fatigu\u00e9es, stress\u00e9es et mal nourries. [&hellip;]<\/p>\n","protected":false},"author":1,"featured_media":852,"parent":0,"menu_order":0,"comment_status":"open","ping_status":"open","template":"","meta":{"_et_pb_use_builder":"off","_et_pb_old_content":"","_et_gb_content_width":"","footnotes":""},"class_list":["post-876","page","type-page","status-publish","has-post-thumbnail","hentry"],"yoast_head":"<!-- This site is optimized with the Yoast SEO plugin v27.1.1 - https:\/\/yoast.com\/product\/yoast-seo-wordpress\/ -->\n<title>pure beaut\u00e9 | Traitements du visage - Unique Hands Nature Spa<\/title>\n<meta name=\"robots\" content=\"index, follow, max-snippet:-1, max-image-preview:large, max-video-preview:-1\" \/>\n<link rel=\"canonical\" href=\"https:\/\/uniquehandsnaturespa.com\/pure-beauty-tratamentos-de-rosto\/\" \/>\n<meta property=\"og:locale\" content=\"fr_FR\" \/>\n<meta property=\"og:type\" content=\"article\" \/>\n<meta property=\"og:title\" content=\"pure beaut\u00e9 | Traitements du visage - Unique Hands Nature Spa\" \/>\n<meta property=\"og:description\" content=\"VOTRE BEAUT\u00c9 HOLISTIQUE Beaut\u00e9 rapide du visage \u2022 30min. De pr\u00e9cieuses minutes pour votre peau !Un soin du visage rapide et id\u00e9al pour \u00e9liminer les impuret\u00e9s de votre peau, l\u2019hydrater et lui redonner son \u00e9clat naturel.C\u2019est un traitement recommand\u00e9 pour tous les types de peau, en particulier les peaux d\u00e9shydrat\u00e9es, fatigu\u00e9es, stress\u00e9es et mal nourries. [&hellip;]\" \/>\n<meta property=\"og:url\" content=\"https:\/\/uniquehandsnaturespa.com\/pure-beauty-tratamentos-de-rosto\/\" \/>\n<meta property=\"og:site_name\" content=\"Unique Hands Nature Spa\" \/>\n<meta property=\"article:publisher\" content=\"https:\/\/www.facebook.com\/uniquehandsurbanspa\/\" \/>\n<meta property=\"article:modified_time\" content=\"2022-07-18T14:35:53+00:00\" \/>\n<meta property=\"og:image\" content=\"https:\/\/uniquehandsnaturespa.com\/wp-content\/uploads\/2022\/05\/pure-beauty-corpo-rosto.jpeg\" \/>\n\t<meta property=\"og:image:width\" content=\"1180\" \/>\n\t<meta property=\"og:image:height\" content=\"435\" \/>\n\t<meta property=\"og:image:type\" content=\"image\/jpeg\" \/>\n<meta name=\"twitter:card\" content=\"summary_large_image\" \/>\n<meta name=\"twitter:label1\" content=\"Dur\u00e9e de lecture estim\u00e9e\" \/>\n\t<meta name=\"twitter:data1\" content=\"2 minutes\" \/>\n<script type=\"application\/ld+json\" class=\"yoast-schema-graph\">{\"@context\":\"https:\/\/schema.org\",\"@graph\":[{\"@type\":\"WebPage\",\"@id\":\"https:\/\/uniquehandsnaturespa.com\/pure-beauty-tratamentos-de-rosto\/\",\"url\":\"https:\/\/uniquehandsnaturespa.com\/pure-beauty-tratamentos-de-rosto\/\",\"name\":\"pure beaut\u00e9 | Traitements du visage - Unique Hands Nature Spa\",\"isPartOf\":{\"@id\":\"https:\/\/uniquehandsnaturespa.com\/#website\"},\"primaryImageOfPage\":{\"@id\":\"https:\/\/uniquehandsnaturespa.com\/pure-beauty-tratamentos-de-rosto\/#primaryimage\"},\"image\":{\"@id\":\"https:\/\/uniquehandsnaturespa.com\/pure-beauty-tratamentos-de-rosto\/#primaryimage\"},\"thumbnailUrl\":\"https:\/\/uniquehandsnaturespa.com\/wp-content\/uploads\/2022\/05\/pure-beauty-corpo-rosto.jpeg\",\"datePublished\":\"2022-05-03T19:55:47+00:00\",\"dateModified\":\"2022-07-18T14:35:53+00:00\",\"breadcrumb\":{\"@id\":\"https:\/\/uniquehandsnaturespa.com\/pure-beauty-tratamentos-de-rosto\/#breadcrumb\"},\"inLanguage\":\"fr-FR\",\"potentialAction\":[{\"@type\":\"ReadAction\",\"target\":[\"https:\/\/uniquehandsnaturespa.com\/pure-beauty-tratamentos-de-rosto\/\"]}]},{\"@type\":\"ImageObject\",\"inLanguage\":\"fr-FR\",\"@id\":\"https:\/\/uniquehandsnaturespa.com\/pure-beauty-tratamentos-de-rosto\/#primaryimage\",\"url\":\"https:\/\/uniquehandsnaturespa.com\/wp-content\/uploads\/2022\/05\/pure-beauty-corpo-rosto.jpeg\",\"contentUrl\":\"https:\/\/uniquehandsnaturespa.com\/wp-content\/uploads\/2022\/05\/pure-beauty-corpo-rosto.jpeg\",\"width\":1180,\"height\":435},{\"@type\":\"BreadcrumbList\",\"@id\":\"https:\/\/uniquehandsnaturespa.com\/pure-beauty-tratamentos-de-rosto\/#breadcrumb\",\"itemListElement\":[{\"@type\":\"ListItem\",\"position\":1,\"name\":\"Home\",\"item\":\"https:\/\/uniquehandsnaturespa.com\/fr\/\"},{\"@type\":\"ListItem\",\"position\":2,\"name\":\"pure beaut\u00e9 | Traitements du visage\"}]},{\"@type\":\"WebSite\",\"@id\":\"https:\/\/uniquehandsnaturespa.com\/#website\",\"url\":\"https:\/\/uniquehandsnaturespa.com\/\",\"name\":\"Unique Hands Nature Spa\",\"description\":\"Massages et Wellness Spa \u00e0 Cascais\",\"publisher\":{\"@id\":\"https:\/\/uniquehandsnaturespa.com\/#organization\"},\"potentialAction\":[{\"@type\":\"SearchAction\",\"target\":{\"@type\":\"EntryPoint\",\"urlTemplate\":\"https:\/\/uniquehandsnaturespa.com\/?s={search_term_string}\"},\"query-input\":{\"@type\":\"PropertyValueSpecification\",\"valueRequired\":true,\"valueName\":\"search_term_string\"}}],\"inLanguage\":\"fr-FR\"},{\"@type\":\"Organization\",\"@id\":\"https:\/\/uniquehandsnaturespa.com\/#organization\",\"name\":\"Unique Hands Nature Spa\",\"url\":\"https:\/\/uniquehandsnaturespa.com\/\",\"logo\":{\"@type\":\"ImageObject\",\"inLanguage\":\"fr-FR\",\"@id\":\"https:\/\/uniquehandsnaturespa.com\/#\/schema\/logo\/image\/\",\"url\":\"https:\/\/uniquehandsnaturespa.com\/wp-content\/uploads\/2022\/05\/L_Dourado-1.png\",\"contentUrl\":\"https:\/\/uniquehandsnaturespa.com\/wp-content\/uploads\/2022\/05\/L_Dourado-1.png\",\"width\":491,\"height\":187,\"caption\":\"Unique Hands Nature Spa\"},\"image\":{\"@id\":\"https:\/\/uniquehandsnaturespa.com\/#\/schema\/logo\/image\/\"},\"sameAs\":[\"https:\/\/www.facebook.com\/uniquehandsurbanspa\/\",\"https:\/\/www.instagram.com\/unique_hands_._urban_spa\/\"]}]}<\/script>\n<!-- \/ Yoast SEO plugin. -->","yoast_head_json":{"title":"pure beaut\u00e9 | Traitements du visage - Unique Hands Nature Spa","robots":{"index":"index","follow":"follow","max-snippet":"max-snippet:-1","max-image-preview":"max-image-preview:large","max-video-preview":"max-video-preview:-1"},"canonical":"https:\/\/uniquehandsnaturespa.com\/pure-beauty-tratamentos-de-rosto\/","og_locale":"fr_FR","og_type":"article","og_title":"pure beaut\u00e9 | Traitements du visage - Unique Hands Nature Spa","og_description":"VOTRE BEAUT\u00c9 HOLISTIQUE Beaut\u00e9 rapide du visage \u2022 30min. De pr\u00e9cieuses minutes pour votre peau !Un soin du visage rapide et id\u00e9al pour \u00e9liminer les impuret\u00e9s de votre peau, l\u2019hydrater et lui redonner son \u00e9clat naturel.C\u2019est un traitement recommand\u00e9 pour tous les types de peau, en particulier les peaux d\u00e9shydrat\u00e9es, fatigu\u00e9es, stress\u00e9es et mal nourries. [&hellip;]","og_url":"https:\/\/uniquehandsnaturespa.com\/pure-beauty-tratamentos-de-rosto\/","og_site_name":"Unique Hands Nature Spa","article_publisher":"https:\/\/www.facebook.com\/uniquehandsurbanspa\/","article_modified_time":"2022-07-18T14:35:53+00:00","og_image":[{"width":1180,"height":435,"url":"https:\/\/uniquehandsnaturespa.com\/wp-content\/uploads\/2022\/05\/pure-beauty-corpo-rosto.jpeg","type":"image\/jpeg"}],"twitter_card":"summary_large_image","twitter_misc":{"Dur\u00e9e de lecture estim\u00e9e":"2 minutes"},"schema":{"@context":"https:\/\/schema.org","@graph":[{"@type":"WebPage","@id":"https:\/\/uniquehandsnaturespa.com\/pure-beauty-tratamentos-de-rosto\/","url":"https:\/\/uniquehandsnaturespa.com\/pure-beauty-tratamentos-de-rosto\/","name":"pure beaut\u00e9 | Traitements du visage - Unique Hands Nature Spa","isPartOf":{"@id":"https:\/\/uniquehandsnaturespa.com\/#website"},"primaryImageOfPage":{"@id":"https:\/\/uniquehandsnaturespa.com\/pure-beauty-tratamentos-de-rosto\/#primaryimage"},"image":{"@id":"https:\/\/uniquehandsnaturespa.com\/pure-beauty-tratamentos-de-rosto\/#primaryimage"},"thumbnailUrl":"https:\/\/uniquehandsnaturespa.com\/wp-content\/uploads\/2022\/05\/pure-beauty-corpo-rosto.jpeg","datePublished":"2022-05-03T19:55:47+00:00","dateModified":"2022-07-18T14:35:53+00:00","breadcrumb":{"@id":"https:\/\/uniquehandsnaturespa.com\/pure-beauty-tratamentos-de-rosto\/#breadcrumb"},"inLanguage":"fr-FR","potentialAction":[{"@type":"ReadAction","target":["https:\/\/uniquehandsnaturespa.com\/pure-beauty-tratamentos-de-rosto\/"]}]},{"@type":"ImageObject","inLanguage":"fr-FR","@id":"https:\/\/uniquehandsnaturespa.com\/pure-beauty-tratamentos-de-rosto\/#primaryimage","url":"https:\/\/uniquehandsnaturespa.com\/wp-content\/uploads\/2022\/05\/pure-beauty-corpo-rosto.jpeg","contentUrl":"https:\/\/uniquehandsnaturespa.com\/wp-content\/uploads\/2022\/05\/pure-beauty-corpo-rosto.jpeg","width":1180,"height":435},{"@type":"BreadcrumbList","@id":"https:\/\/uniquehandsnaturespa.com\/pure-beauty-tratamentos-de-rosto\/#breadcrumb","itemListElement":[{"@type":"ListItem","position":1,"name":"Home","item":"https:\/\/uniquehandsnaturespa.com\/fr\/"},{"@type":"ListItem","position":2,"name":"pure beaut\u00e9 | Traitements du visage"}]},{"@type":"WebSite","@id":"https:\/\/uniquehandsnaturespa.com\/#website","url":"https:\/\/uniquehandsnaturespa.com\/","name":"Unique Hands Nature Spa","description":"Massages et Wellness Spa \u00e0 Cascais","publisher":{"@id":"https:\/\/uniquehandsnaturespa.com\/#organization"},"potentialAction":[{"@type":"SearchAction","target":{"@type":"EntryPoint","urlTemplate":"https:\/\/uniquehandsnaturespa.com\/?s={search_term_string}"},"query-input":{"@type":"PropertyValueSpecification","valueRequired":true,"valueName":"search_term_string"}}],"inLanguage":"fr-FR"},{"@type":"Organization","@id":"https:\/\/uniquehandsnaturespa.com\/#organization","name":"Unique Hands Nature Spa","url":"https:\/\/uniquehandsnaturespa.com\/","logo":{"@type":"ImageObject","inLanguage":"fr-FR","@id":"https:\/\/uniquehandsnaturespa.com\/#\/schema\/logo\/image\/","url":"https:\/\/uniquehandsnaturespa.com\/wp-content\/uploads\/2022\/05\/L_Dourado-1.png","contentUrl":"https:\/\/uniquehandsnaturespa.com\/wp-content\/uploads\/2022\/05\/L_Dourado-1.png","width":491,"height":187,"caption":"Unique Hands Nature Spa"},"image":{"@id":"https:\/\/uniquehandsnaturespa.com\/#\/schema\/logo\/image\/"},"sameAs":["https:\/\/www.facebook.com\/uniquehandsurbanspa\/","https:\/\/www.instagram.com\/unique_hands_._urban_spa\/"]}]}},"_links":{"self":[{"href":"https:\/\/uniquehandsnaturespa.com\/fr\/wp-json\/wp\/v2\/pages\/876","targetHints":{"allow":["GET"]}}],"collection":[{"href":"https:\/\/uniquehandsnaturespa.com\/fr\/wp-json\/wp\/v2\/pages"}],"about":[{"href":"https:\/\/uniquehandsnaturespa.com\/fr\/wp-json\/wp\/v2\/types\/page"}],"author":[{"embeddable":true,"href":"https:\/\/uniquehandsnaturespa.com\/fr\/wp-json\/wp\/v2\/users\/1"}],"replies":[{"embeddable":true,"href":"https:\/\/uniquehandsnaturespa.com\/fr\/wp-json\/wp\/v2\/comments?post=876"}],"version-history":[{"count":2,"href":"https:\/\/uniquehandsnaturespa.com\/fr\/wp-json\/wp\/v2\/pages\/876\/revisions"}],"predecessor-version":[{"id":880,"href":"https:\/\/uniquehandsnaturespa.com\/fr\/wp-json\/wp\/v2\/pages\/876\/revisions\/880"}],"wp:featuredmedia":[{"embeddable":true,"href":"https:\/\/uniquehandsnaturespa.com\/fr\/wp-json\/wp\/v2\/media\/852"}],"wp:attachment":[{"href":"https:\/\/uniquehandsnaturespa.com\/fr\/wp-json\/wp\/v2\/media?parent=876"}],"curies":[{"name":"wp","href":"https:\/\/api.w.org\/{rel}","templated":true}]}}