{"id":882,"date":"2022-05-03T19:53:43","date_gmt":"2022-05-03T19:53:43","guid":{"rendered":"https:\/\/uniquehandsnaturespa.com\/time-massagens-de-relaxamento\/"},"modified":"2022-07-18T14:55:17","modified_gmt":"2022-07-18T14:55:17","slug":"time-massagens-de-relaxamento","status":"publish","type":"page","link":"https:\/\/uniquehandsnaturespa.com\/fr\/time-massagens-de-relaxamento\/","title":{"rendered":"| Relaxation Massages"},"content":{"rendered":"\n<p><\/p>\n\n<h2 class=\"wp-block-heading\">UN TEMPS UNIQUE<\/h2>\n\n<h3 class=\"wp-block-heading\" id=\"massagem-unique-time\"><strong>Massage \u00e0 temps unique \u2022 60min.\/90min.<\/strong><\/h3>\n\n<p>Et si vous pouviez vous arr\u00eater \u00e0 temps ?<br\/>Unique Time Massage est un massage unique des mains qui favorise les sensations les plus merveilleuses de relaxation! Effectu\u00e9 dans tout le corps et avec les techniques de relaxation les plus efficaces promet de vous faire arr\u00eater \u00e0 temps, o\u00f9 vous vous immergerez dans un \u00e9tat profond de tranquillit\u00e9 et de paix int\u00e9rieure.<\/p>\n\n<h3 class=\"wp-block-heading\"><strong>Massage d\u2019\u00e9t\u00e9 \u2022 60min.\/90min.<\/strong><\/h3>\n\n<p>Rafra\u00eechissez votre \u00e9t\u00e9&#8230;<br\/>Le massage d\u2019\u00e9t\u00e9 est un massage unique des mains, con\u00e7u pour les chaudes journ\u00e9es d\u2019\u00e9t\u00e9. Offrez-vous les ar\u00f4mes les plus frais <em>de la saison idiote<\/em>, dans un massage qui combine des huiles relaxantes et revigorantes avec l\u2019effet rafra\u00eechissant des pierres froides.<\/p>\n\n<h3 class=\"wp-block-heading\"><strong>Massage du dos Relax \u2022 30min.<\/strong><\/h3>\n\n<p>Respirer&#8230; Se d\u00e9tendre&#8230;<br\/>Le dos, les \u00e9paules et le cou proviennent des zones du corps humain qui accumulent une plus grande tension. Avec l\u2019effet th\u00e9rapeutique et relaxant, ce massage vous laissera livr\u00e9 au soulagement profond de toutes les tensions musculaires, qui se sont accumul\u00e9es en raison du stress quotidien.<\/p>\n\n<h3 class=\"wp-block-heading\"><strong>Massage rapide \u2022 20min.<\/strong><\/h3>\n\n<p>Un temps pr\u00e9cieux!<br\/>Nous cr\u00e9ons un temps unique o\u00f9 chaque minute est pr\u00e9cieuse&#8230; Le massage rapide peut vous ramener en quelques minutes \u00e0 la paix int\u00e9rieure n\u00e9cessaire pour continuer votre journ\u00e9e. Tenu dans une chaise sp\u00e9cifique, il peut soulager les principales contraintes de votre dos, de vos \u00e9paules, de vos bras et de votre cou. La praticit\u00e9 est un mot cl\u00e9 pour le massage rapide car il est effectu\u00e9 sur les v\u00eatements et n\u2019utilise pas de cr\u00e8mes \/ huiles.<br\/>Ce massage peut \u00eatre pr\u00e9sent dans <a href=\"https:\/\/uniquehandsnaturespa.com\/fr\/corporatif\/#empresas\">votre<\/a> Entreprise et dans <a href=\"https:\/\/uniquehandsnaturespa.com\/fr\/corporatif\/#eventos\">vos<\/a> Ev\u00e9nements \u00e0 travers notre <a href=\"https:\/\/uniquehandsnaturespa.com\/fr\/corporatif\/\">concept<\/a> Corporate.<\/p>\n","protected":false},"excerpt":{"rendered":"<p>UN TEMPS UNIQUE Massage \u00e0 temps unique \u2022 60min.\/90min. Et si vous pouviez vous arr\u00eater \u00e0 temps ?Unique Time Massage est un massage unique des mains qui favorise les sensations les plus merveilleuses de relaxation! Effectu\u00e9 dans tout le corps et avec les techniques de relaxation les plus efficaces promet de vous faire arr\u00eater \u00e0 [&hellip;]<\/p>\n","protected":false},"author":1,"featured_media":849,"parent":0,"menu_order":0,"comment_status":"open","ping_status":"open","template":"","meta":{"_et_pb_use_builder":"on","_et_pb_old_content":"","_et_gb_content_width":"","footnotes":""},"class_list":["post-882","page","type-page","status-publish","has-post-thumbnail","hentry"],"yoast_head":"<!-- This site is optimized with the Yoast SEO plugin v27.1.1 - https:\/\/yoast.com\/product\/yoast-seo-wordpress\/ -->\n<title>| Relaxation Massages - Unique Hands Nature Spa<\/title>\n<meta name=\"robots\" content=\"index, follow, max-snippet:-1, max-image-preview:large, max-video-preview:-1\" \/>\n<link rel=\"canonical\" href=\"https:\/\/uniquehandsnaturespa.com\/time-massagens-de-relaxamento\/\" \/>\n<meta property=\"og:locale\" content=\"fr_FR\" \/>\n<meta property=\"og:type\" content=\"article\" \/>\n<meta property=\"og:title\" content=\"| Relaxation Massages - Unique Hands Nature Spa\" \/>\n<meta property=\"og:description\" content=\"UN TEMPS UNIQUE Massage \u00e0 temps unique \u2022 60min.\/90min. Et si vous pouviez vous arr\u00eater \u00e0 temps ?Unique Time Massage est un massage unique des mains qui favorise les sensations les plus merveilleuses de relaxation! Effectu\u00e9 dans tout le corps et avec les techniques de relaxation les plus efficaces promet de vous faire arr\u00eater \u00e0 [&hellip;]\" \/>\n<meta property=\"og:url\" content=\"https:\/\/uniquehandsnaturespa.com\/time-massagens-de-relaxamento\/\" \/>\n<meta property=\"og:site_name\" content=\"Unique Hands Nature Spa\" \/>\n<meta property=\"article:publisher\" content=\"https:\/\/www.facebook.com\/uniquehandsurbanspa\/\" \/>\n<meta property=\"article:modified_time\" content=\"2022-07-18T14:55:17+00:00\" \/>\n<meta property=\"og:image\" content=\"https:\/\/uniquehandsnaturespa.com\/wp-content\/uploads\/2022\/05\/time-massagens-relaxamento-unique.jpeg\" \/>\n\t<meta property=\"og:image:width\" content=\"1180\" \/>\n\t<meta property=\"og:image:height\" content=\"435\" \/>\n\t<meta property=\"og:image:type\" content=\"image\/jpeg\" \/>\n<meta name=\"twitter:card\" content=\"summary_large_image\" \/>\n<meta name=\"twitter:label1\" content=\"Dur\u00e9e de lecture estim\u00e9e\" \/>\n\t<meta name=\"twitter:data1\" content=\"1 minute\" \/>\n<script type=\"application\/ld+json\" class=\"yoast-schema-graph\">{\"@context\":\"https:\/\/schema.org\",\"@graph\":[{\"@type\":\"WebPage\",\"@id\":\"https:\/\/uniquehandsnaturespa.com\/time-massagens-de-relaxamento\/\",\"url\":\"https:\/\/uniquehandsnaturespa.com\/time-massagens-de-relaxamento\/\",\"name\":\"| Relaxation Massages - Unique Hands Nature Spa\",\"isPartOf\":{\"@id\":\"https:\/\/uniquehandsnaturespa.com\/#website\"},\"primaryImageOfPage\":{\"@id\":\"https:\/\/uniquehandsnaturespa.com\/time-massagens-de-relaxamento\/#primaryimage\"},\"image\":{\"@id\":\"https:\/\/uniquehandsnaturespa.com\/time-massagens-de-relaxamento\/#primaryimage\"},\"thumbnailUrl\":\"https:\/\/uniquehandsnaturespa.com\/wp-content\/uploads\/2022\/05\/time-massagens-relaxamento-unique.jpeg\",\"datePublished\":\"2022-05-03T19:53:43+00:00\",\"dateModified\":\"2022-07-18T14:55:17+00:00\",\"breadcrumb\":{\"@id\":\"https:\/\/uniquehandsnaturespa.com\/time-massagens-de-relaxamento\/#breadcrumb\"},\"inLanguage\":\"fr-FR\",\"potentialAction\":[{\"@type\":\"ReadAction\",\"target\":[\"https:\/\/uniquehandsnaturespa.com\/time-massagens-de-relaxamento\/\"]}]},{\"@type\":\"ImageObject\",\"inLanguage\":\"fr-FR\",\"@id\":\"https:\/\/uniquehandsnaturespa.com\/time-massagens-de-relaxamento\/#primaryimage\",\"url\":\"https:\/\/uniquehandsnaturespa.com\/wp-content\/uploads\/2022\/05\/time-massagens-relaxamento-unique.jpeg\",\"contentUrl\":\"https:\/\/uniquehandsnaturespa.com\/wp-content\/uploads\/2022\/05\/time-massagens-relaxamento-unique.jpeg\",\"width\":1180,\"height\":435},{\"@type\":\"BreadcrumbList\",\"@id\":\"https:\/\/uniquehandsnaturespa.com\/time-massagens-de-relaxamento\/#breadcrumb\",\"itemListElement\":[{\"@type\":\"ListItem\",\"position\":1,\"name\":\"Home\",\"item\":\"https:\/\/uniquehandsnaturespa.com\/fr\/\"},{\"@type\":\"ListItem\",\"position\":2,\"name\":\"| Relaxation Massages\"}]},{\"@type\":\"WebSite\",\"@id\":\"https:\/\/uniquehandsnaturespa.com\/#website\",\"url\":\"https:\/\/uniquehandsnaturespa.com\/\",\"name\":\"Unique Hands Nature Spa\",\"description\":\"Massages et Wellness Spa \u00e0 Cascais\",\"publisher\":{\"@id\":\"https:\/\/uniquehandsnaturespa.com\/#organization\"},\"potentialAction\":[{\"@type\":\"SearchAction\",\"target\":{\"@type\":\"EntryPoint\",\"urlTemplate\":\"https:\/\/uniquehandsnaturespa.com\/?s={search_term_string}\"},\"query-input\":{\"@type\":\"PropertyValueSpecification\",\"valueRequired\":true,\"valueName\":\"search_term_string\"}}],\"inLanguage\":\"fr-FR\"},{\"@type\":\"Organization\",\"@id\":\"https:\/\/uniquehandsnaturespa.com\/#organization\",\"name\":\"Unique Hands Nature Spa\",\"url\":\"https:\/\/uniquehandsnaturespa.com\/\",\"logo\":{\"@type\":\"ImageObject\",\"inLanguage\":\"fr-FR\",\"@id\":\"https:\/\/uniquehandsnaturespa.com\/#\/schema\/logo\/image\/\",\"url\":\"https:\/\/uniquehandsnaturespa.com\/wp-content\/uploads\/2022\/05\/L_Dourado-1.png\",\"contentUrl\":\"https:\/\/uniquehandsnaturespa.com\/wp-content\/uploads\/2022\/05\/L_Dourado-1.png\",\"width\":491,\"height\":187,\"caption\":\"Unique Hands Nature Spa\"},\"image\":{\"@id\":\"https:\/\/uniquehandsnaturespa.com\/#\/schema\/logo\/image\/\"},\"sameAs\":[\"https:\/\/www.facebook.com\/uniquehandsurbanspa\/\",\"https:\/\/www.instagram.com\/unique_hands_._urban_spa\/\"]}]}<\/script>\n<!-- \/ Yoast SEO plugin. -->","yoast_head_json":{"title":"| Relaxation Massages - Unique Hands Nature Spa","robots":{"index":"index","follow":"follow","max-snippet":"max-snippet:-1","max-image-preview":"max-image-preview:large","max-video-preview":"max-video-preview:-1"},"canonical":"https:\/\/uniquehandsnaturespa.com\/time-massagens-de-relaxamento\/","og_locale":"fr_FR","og_type":"article","og_title":"| Relaxation Massages - Unique Hands Nature Spa","og_description":"UN TEMPS UNIQUE Massage \u00e0 temps unique \u2022 60min.\/90min. Et si vous pouviez vous arr\u00eater \u00e0 temps ?Unique Time Massage est un massage unique des mains qui favorise les sensations les plus merveilleuses de relaxation! Effectu\u00e9 dans tout le corps et avec les techniques de relaxation les plus efficaces promet de vous faire arr\u00eater \u00e0 [&hellip;]","og_url":"https:\/\/uniquehandsnaturespa.com\/time-massagens-de-relaxamento\/","og_site_name":"Unique Hands Nature Spa","article_publisher":"https:\/\/www.facebook.com\/uniquehandsurbanspa\/","article_modified_time":"2022-07-18T14:55:17+00:00","og_image":[{"width":1180,"height":435,"url":"https:\/\/uniquehandsnaturespa.com\/wp-content\/uploads\/2022\/05\/time-massagens-relaxamento-unique.jpeg","type":"image\/jpeg"}],"twitter_card":"summary_large_image","twitter_misc":{"Dur\u00e9e de lecture estim\u00e9e":"1 minute"},"schema":{"@context":"https:\/\/schema.org","@graph":[{"@type":"WebPage","@id":"https:\/\/uniquehandsnaturespa.com\/time-massagens-de-relaxamento\/","url":"https:\/\/uniquehandsnaturespa.com\/time-massagens-de-relaxamento\/","name":"| Relaxation Massages - Unique Hands Nature Spa","isPartOf":{"@id":"https:\/\/uniquehandsnaturespa.com\/#website"},"primaryImageOfPage":{"@id":"https:\/\/uniquehandsnaturespa.com\/time-massagens-de-relaxamento\/#primaryimage"},"image":{"@id":"https:\/\/uniquehandsnaturespa.com\/time-massagens-de-relaxamento\/#primaryimage"},"thumbnailUrl":"https:\/\/uniquehandsnaturespa.com\/wp-content\/uploads\/2022\/05\/time-massagens-relaxamento-unique.jpeg","datePublished":"2022-05-03T19:53:43+00:00","dateModified":"2022-07-18T14:55:17+00:00","breadcrumb":{"@id":"https:\/\/uniquehandsnaturespa.com\/time-massagens-de-relaxamento\/#breadcrumb"},"inLanguage":"fr-FR","potentialAction":[{"@type":"ReadAction","target":["https:\/\/uniquehandsnaturespa.com\/time-massagens-de-relaxamento\/"]}]},{"@type":"ImageObject","inLanguage":"fr-FR","@id":"https:\/\/uniquehandsnaturespa.com\/time-massagens-de-relaxamento\/#primaryimage","url":"https:\/\/uniquehandsnaturespa.com\/wp-content\/uploads\/2022\/05\/time-massagens-relaxamento-unique.jpeg","contentUrl":"https:\/\/uniquehandsnaturespa.com\/wp-content\/uploads\/2022\/05\/time-massagens-relaxamento-unique.jpeg","width":1180,"height":435},{"@type":"BreadcrumbList","@id":"https:\/\/uniquehandsnaturespa.com\/time-massagens-de-relaxamento\/#breadcrumb","itemListElement":[{"@type":"ListItem","position":1,"name":"Home","item":"https:\/\/uniquehandsnaturespa.com\/fr\/"},{"@type":"ListItem","position":2,"name":"| Relaxation Massages"}]},{"@type":"WebSite","@id":"https:\/\/uniquehandsnaturespa.com\/#website","url":"https:\/\/uniquehandsnaturespa.com\/","name":"Unique Hands Nature Spa","description":"Massages et Wellness Spa \u00e0 Cascais","publisher":{"@id":"https:\/\/uniquehandsnaturespa.com\/#organization"},"potentialAction":[{"@type":"SearchAction","target":{"@type":"EntryPoint","urlTemplate":"https:\/\/uniquehandsnaturespa.com\/?s={search_term_string}"},"query-input":{"@type":"PropertyValueSpecification","valueRequired":true,"valueName":"search_term_string"}}],"inLanguage":"fr-FR"},{"@type":"Organization","@id":"https:\/\/uniquehandsnaturespa.com\/#organization","name":"Unique Hands Nature Spa","url":"https:\/\/uniquehandsnaturespa.com\/","logo":{"@type":"ImageObject","inLanguage":"fr-FR","@id":"https:\/\/uniquehandsnaturespa.com\/#\/schema\/logo\/image\/","url":"https:\/\/uniquehandsnaturespa.com\/wp-content\/uploads\/2022\/05\/L_Dourado-1.png","contentUrl":"https:\/\/uniquehandsnaturespa.com\/wp-content\/uploads\/2022\/05\/L_Dourado-1.png","width":491,"height":187,"caption":"Unique Hands Nature Spa"},"image":{"@id":"https:\/\/uniquehandsnaturespa.com\/#\/schema\/logo\/image\/"},"sameAs":["https:\/\/www.facebook.com\/uniquehandsurbanspa\/","https:\/\/www.instagram.com\/unique_hands_._urban_spa\/"]}]}},"_links":{"self":[{"href":"https:\/\/uniquehandsnaturespa.com\/fr\/wp-json\/wp\/v2\/pages\/882","targetHints":{"allow":["GET"]}}],"collection":[{"href":"https:\/\/uniquehandsnaturespa.com\/fr\/wp-json\/wp\/v2\/pages"}],"about":[{"href":"https:\/\/uniquehandsnaturespa.com\/fr\/wp-json\/wp\/v2\/types\/page"}],"author":[{"embeddable":true,"href":"https:\/\/uniquehandsnaturespa.com\/fr\/wp-json\/wp\/v2\/users\/1"}],"replies":[{"embeddable":true,"href":"https:\/\/uniquehandsnaturespa.com\/fr\/wp-json\/wp\/v2\/comments?post=882"}],"version-history":[{"count":4,"href":"https:\/\/uniquehandsnaturespa.com\/fr\/wp-json\/wp\/v2\/pages\/882\/revisions"}],"predecessor-version":[{"id":892,"href":"https:\/\/uniquehandsnaturespa.com\/fr\/wp-json\/wp\/v2\/pages\/882\/revisions\/892"}],"wp:featuredmedia":[{"embeddable":true,"href":"https:\/\/uniquehandsnaturespa.com\/fr\/wp-json\/wp\/v2\/media\/849"}],"wp:attachment":[{"href":"https:\/\/uniquehandsnaturespa.com\/fr\/wp-json\/wp\/v2\/media?parent=882"}],"curies":[{"name":"wp","href":"https:\/\/api.w.org\/{rel}","templated":true}]}}