{"id":888,"date":"2022-05-03T19:54:53","date_gmt":"2022-05-03T19:54:53","guid":{"rendered":"https:\/\/uniquehandsnaturespa.com\/true-love-momento-a-dois\/"},"modified":"2024-03-06T13:16:28","modified_gmt":"2024-03-06T13:16:28","slug":"true-love-momento-a-dois","status":"publish","type":"page","link":"https:\/\/uniquehandsnaturespa.com\/fr\/true-love-momento-a-dois\/","title":{"rendered":"True Love | Momento a Dois"},"content":{"rendered":"\n<p><\/p>\n\n<h2 class=\"wp-block-heading\">AIMER, C&rsquo;EST PARTAGER<\/h2>\n\n<h3 class=\"wp-block-heading\"><strong>Massage unique de l&rsquo;\u00e2me &#8211; 60min.\/90min.<\/strong><\/h3>\n\n<p>Passez du temps avec des personnes qui vous sont ch\u00e8res&#8230;<br\/>Un massage pour des moments uniques et pour les gens de c\u0153ur. Le massage Unique Soul est la pratique de relaxation embl\u00e9matique de Unique Hands qui promet de vous inspirer pour vous lancer dans un voyage romantique ou une amiti\u00e9 sinc\u00e8re. Dans une ambiance feutr\u00e9e, vous pourrez profiter d&rsquo;une exp\u00e9rience unique qui combine les meilleures techniques de relaxation avec des huiles essentielles sp\u00e9cialement s\u00e9lectionn\u00e9es pour ce moment. Avec Unique Soul, nous vous promettons d&rsquo;arr\u00eater votre temps, de vous plonger dans un profond \u00e9tat de tranquillit\u00e9 et de partage en couple.<\/p>\n","protected":false},"excerpt":{"rendered":"<p>AIMER, C&rsquo;EST PARTAGER Massage unique de l&rsquo;\u00e2me &#8211; 60min.\/90min. Passez du temps avec des personnes qui vous sont ch\u00e8res&#8230;Un massage pour des moments uniques et pour les gens de c\u0153ur. Le massage Unique Soul est la pratique de relaxation embl\u00e9matique de Unique Hands qui promet de vous inspirer pour vous lancer dans un voyage romantique [&hellip;]<\/p>\n","protected":false},"author":1,"featured_media":846,"parent":0,"menu_order":0,"comment_status":"open","ping_status":"open","template":"","meta":{"_et_pb_use_builder":"off","_et_pb_old_content":"","_et_gb_content_width":"","footnotes":""},"class_list":["post-888","page","type-page","status-publish","has-post-thumbnail","hentry"],"yoast_head":"<!-- This site is optimized with the Yoast SEO plugin v27.1.1 - https:\/\/yoast.com\/product\/yoast-seo-wordpress\/ -->\n<title>True Love | Momento a Dois - Unique Hands Nature Spa<\/title>\n<meta name=\"robots\" content=\"index, follow, max-snippet:-1, max-image-preview:large, max-video-preview:-1\" \/>\n<link rel=\"canonical\" href=\"https:\/\/uniquehandsnaturespa.com\/fr\/true-love-momento-a-dois\/\" \/>\n<meta property=\"og:locale\" content=\"fr_FR\" \/>\n<meta property=\"og:type\" content=\"article\" \/>\n<meta property=\"og:title\" content=\"True Love | Momento a Dois - Unique Hands Nature Spa\" \/>\n<meta property=\"og:description\" content=\"AIMER, C&rsquo;EST PARTAGER Massage unique de l&rsquo;\u00e2me &#8211; 60min.\/90min. Passez du temps avec des personnes qui vous sont ch\u00e8res&#8230;Un massage pour des moments uniques et pour les gens de c\u0153ur. Le massage Unique Soul est la pratique de relaxation embl\u00e9matique de Unique Hands qui promet de vous inspirer pour vous lancer dans un voyage romantique [&hellip;]\" \/>\n<meta property=\"og:url\" content=\"https:\/\/uniquehandsnaturespa.com\/fr\/true-love-momento-a-dois\/\" \/>\n<meta property=\"og:site_name\" content=\"Unique Hands Nature Spa\" \/>\n<meta property=\"article:publisher\" content=\"https:\/\/www.facebook.com\/uniquehandsurbanspa\/\" \/>\n<meta property=\"article:modified_time\" content=\"2024-03-06T13:16:28+00:00\" \/>\n<meta property=\"og:image\" content=\"https:\/\/uniquehandsnaturespa.com\/wp-content\/uploads\/2022\/05\/true-love-momento-dois-unique.jpeg\" \/>\n\t<meta property=\"og:image:width\" content=\"1180\" \/>\n\t<meta property=\"og:image:height\" content=\"435\" \/>\n\t<meta property=\"og:image:type\" content=\"image\/jpeg\" \/>\n<meta name=\"twitter:card\" content=\"summary_large_image\" \/>\n<meta name=\"twitter:label1\" content=\"Dur\u00e9e de lecture estim\u00e9e\" \/>\n\t<meta name=\"twitter:data1\" content=\"1 minute\" \/>\n<script type=\"application\/ld+json\" class=\"yoast-schema-graph\">{\"@context\":\"https:\/\/schema.org\",\"@graph\":[{\"@type\":\"WebPage\",\"@id\":\"https:\/\/uniquehandsnaturespa.com\/fr\/true-love-momento-a-dois\/\",\"url\":\"https:\/\/uniquehandsnaturespa.com\/fr\/true-love-momento-a-dois\/\",\"name\":\"True Love | Momento a Dois - Unique Hands Nature Spa\",\"isPartOf\":{\"@id\":\"https:\/\/uniquehandsnaturespa.com\/#website\"},\"primaryImageOfPage\":{\"@id\":\"https:\/\/uniquehandsnaturespa.com\/fr\/true-love-momento-a-dois\/#primaryimage\"},\"image\":{\"@id\":\"https:\/\/uniquehandsnaturespa.com\/fr\/true-love-momento-a-dois\/#primaryimage\"},\"thumbnailUrl\":\"https:\/\/uniquehandsnaturespa.com\/wp-content\/uploads\/2022\/05\/true-love-momento-dois-unique.jpeg\",\"datePublished\":\"2022-05-03T19:54:53+00:00\",\"dateModified\":\"2024-03-06T13:16:28+00:00\",\"breadcrumb\":{\"@id\":\"https:\/\/uniquehandsnaturespa.com\/fr\/true-love-momento-a-dois\/#breadcrumb\"},\"inLanguage\":\"fr-FR\",\"potentialAction\":[{\"@type\":\"ReadAction\",\"target\":[\"https:\/\/uniquehandsnaturespa.com\/fr\/true-love-momento-a-dois\/\"]}]},{\"@type\":\"ImageObject\",\"inLanguage\":\"fr-FR\",\"@id\":\"https:\/\/uniquehandsnaturespa.com\/fr\/true-love-momento-a-dois\/#primaryimage\",\"url\":\"https:\/\/uniquehandsnaturespa.com\/wp-content\/uploads\/2022\/05\/true-love-momento-dois-unique.jpeg\",\"contentUrl\":\"https:\/\/uniquehandsnaturespa.com\/wp-content\/uploads\/2022\/05\/true-love-momento-dois-unique.jpeg\",\"width\":1180,\"height\":435},{\"@type\":\"BreadcrumbList\",\"@id\":\"https:\/\/uniquehandsnaturespa.com\/fr\/true-love-momento-a-dois\/#breadcrumb\",\"itemListElement\":[{\"@type\":\"ListItem\",\"position\":1,\"name\":\"Home\",\"item\":\"https:\/\/uniquehandsnaturespa.com\/fr\/\"},{\"@type\":\"ListItem\",\"position\":2,\"name\":\"True Love | Momento a Dois\"}]},{\"@type\":\"WebSite\",\"@id\":\"https:\/\/uniquehandsnaturespa.com\/#website\",\"url\":\"https:\/\/uniquehandsnaturespa.com\/\",\"name\":\"Unique Hands Nature Spa\",\"description\":\"Massages et Wellness Spa \u00e0 Cascais\",\"publisher\":{\"@id\":\"https:\/\/uniquehandsnaturespa.com\/#organization\"},\"potentialAction\":[{\"@type\":\"SearchAction\",\"target\":{\"@type\":\"EntryPoint\",\"urlTemplate\":\"https:\/\/uniquehandsnaturespa.com\/?s={search_term_string}\"},\"query-input\":{\"@type\":\"PropertyValueSpecification\",\"valueRequired\":true,\"valueName\":\"search_term_string\"}}],\"inLanguage\":\"fr-FR\"},{\"@type\":\"Organization\",\"@id\":\"https:\/\/uniquehandsnaturespa.com\/#organization\",\"name\":\"Unique Hands Nature Spa\",\"url\":\"https:\/\/uniquehandsnaturespa.com\/\",\"logo\":{\"@type\":\"ImageObject\",\"inLanguage\":\"fr-FR\",\"@id\":\"https:\/\/uniquehandsnaturespa.com\/#\/schema\/logo\/image\/\",\"url\":\"https:\/\/uniquehandsnaturespa.com\/wp-content\/uploads\/2022\/05\/L_Dourado-1.png\",\"contentUrl\":\"https:\/\/uniquehandsnaturespa.com\/wp-content\/uploads\/2022\/05\/L_Dourado-1.png\",\"width\":491,\"height\":187,\"caption\":\"Unique Hands Nature Spa\"},\"image\":{\"@id\":\"https:\/\/uniquehandsnaturespa.com\/#\/schema\/logo\/image\/\"},\"sameAs\":[\"https:\/\/www.facebook.com\/uniquehandsurbanspa\/\",\"https:\/\/www.instagram.com\/unique_hands_._urban_spa\/\"]}]}<\/script>\n<!-- \/ Yoast SEO plugin. -->","yoast_head_json":{"title":"True Love | Momento a Dois - Unique Hands Nature Spa","robots":{"index":"index","follow":"follow","max-snippet":"max-snippet:-1","max-image-preview":"max-image-preview:large","max-video-preview":"max-video-preview:-1"},"canonical":"https:\/\/uniquehandsnaturespa.com\/fr\/true-love-momento-a-dois\/","og_locale":"fr_FR","og_type":"article","og_title":"True Love | Momento a Dois - Unique Hands Nature Spa","og_description":"AIMER, C&rsquo;EST PARTAGER Massage unique de l&rsquo;\u00e2me &#8211; 60min.\/90min. Passez du temps avec des personnes qui vous sont ch\u00e8res&#8230;Un massage pour des moments uniques et pour les gens de c\u0153ur. Le massage Unique Soul est la pratique de relaxation embl\u00e9matique de Unique Hands qui promet de vous inspirer pour vous lancer dans un voyage romantique [&hellip;]","og_url":"https:\/\/uniquehandsnaturespa.com\/fr\/true-love-momento-a-dois\/","og_site_name":"Unique Hands Nature Spa","article_publisher":"https:\/\/www.facebook.com\/uniquehandsurbanspa\/","article_modified_time":"2024-03-06T13:16:28+00:00","og_image":[{"width":1180,"height":435,"url":"https:\/\/uniquehandsnaturespa.com\/wp-content\/uploads\/2022\/05\/true-love-momento-dois-unique.jpeg","type":"image\/jpeg"}],"twitter_card":"summary_large_image","twitter_misc":{"Dur\u00e9e de lecture estim\u00e9e":"1 minute"},"schema":{"@context":"https:\/\/schema.org","@graph":[{"@type":"WebPage","@id":"https:\/\/uniquehandsnaturespa.com\/fr\/true-love-momento-a-dois\/","url":"https:\/\/uniquehandsnaturespa.com\/fr\/true-love-momento-a-dois\/","name":"True Love | Momento a Dois - Unique Hands Nature Spa","isPartOf":{"@id":"https:\/\/uniquehandsnaturespa.com\/#website"},"primaryImageOfPage":{"@id":"https:\/\/uniquehandsnaturespa.com\/fr\/true-love-momento-a-dois\/#primaryimage"},"image":{"@id":"https:\/\/uniquehandsnaturespa.com\/fr\/true-love-momento-a-dois\/#primaryimage"},"thumbnailUrl":"https:\/\/uniquehandsnaturespa.com\/wp-content\/uploads\/2022\/05\/true-love-momento-dois-unique.jpeg","datePublished":"2022-05-03T19:54:53+00:00","dateModified":"2024-03-06T13:16:28+00:00","breadcrumb":{"@id":"https:\/\/uniquehandsnaturespa.com\/fr\/true-love-momento-a-dois\/#breadcrumb"},"inLanguage":"fr-FR","potentialAction":[{"@type":"ReadAction","target":["https:\/\/uniquehandsnaturespa.com\/fr\/true-love-momento-a-dois\/"]}]},{"@type":"ImageObject","inLanguage":"fr-FR","@id":"https:\/\/uniquehandsnaturespa.com\/fr\/true-love-momento-a-dois\/#primaryimage","url":"https:\/\/uniquehandsnaturespa.com\/wp-content\/uploads\/2022\/05\/true-love-momento-dois-unique.jpeg","contentUrl":"https:\/\/uniquehandsnaturespa.com\/wp-content\/uploads\/2022\/05\/true-love-momento-dois-unique.jpeg","width":1180,"height":435},{"@type":"BreadcrumbList","@id":"https:\/\/uniquehandsnaturespa.com\/fr\/true-love-momento-a-dois\/#breadcrumb","itemListElement":[{"@type":"ListItem","position":1,"name":"Home","item":"https:\/\/uniquehandsnaturespa.com\/fr\/"},{"@type":"ListItem","position":2,"name":"True Love | Momento a Dois"}]},{"@type":"WebSite","@id":"https:\/\/uniquehandsnaturespa.com\/#website","url":"https:\/\/uniquehandsnaturespa.com\/","name":"Unique Hands Nature Spa","description":"Massages et Wellness Spa \u00e0 Cascais","publisher":{"@id":"https:\/\/uniquehandsnaturespa.com\/#organization"},"potentialAction":[{"@type":"SearchAction","target":{"@type":"EntryPoint","urlTemplate":"https:\/\/uniquehandsnaturespa.com\/?s={search_term_string}"},"query-input":{"@type":"PropertyValueSpecification","valueRequired":true,"valueName":"search_term_string"}}],"inLanguage":"fr-FR"},{"@type":"Organization","@id":"https:\/\/uniquehandsnaturespa.com\/#organization","name":"Unique Hands Nature Spa","url":"https:\/\/uniquehandsnaturespa.com\/","logo":{"@type":"ImageObject","inLanguage":"fr-FR","@id":"https:\/\/uniquehandsnaturespa.com\/#\/schema\/logo\/image\/","url":"https:\/\/uniquehandsnaturespa.com\/wp-content\/uploads\/2022\/05\/L_Dourado-1.png","contentUrl":"https:\/\/uniquehandsnaturespa.com\/wp-content\/uploads\/2022\/05\/L_Dourado-1.png","width":491,"height":187,"caption":"Unique Hands Nature Spa"},"image":{"@id":"https:\/\/uniquehandsnaturespa.com\/#\/schema\/logo\/image\/"},"sameAs":["https:\/\/www.facebook.com\/uniquehandsurbanspa\/","https:\/\/www.instagram.com\/unique_hands_._urban_spa\/"]}]}},"_links":{"self":[{"href":"https:\/\/uniquehandsnaturespa.com\/fr\/wp-json\/wp\/v2\/pages\/888","targetHints":{"allow":["GET"]}}],"collection":[{"href":"https:\/\/uniquehandsnaturespa.com\/fr\/wp-json\/wp\/v2\/pages"}],"about":[{"href":"https:\/\/uniquehandsnaturespa.com\/fr\/wp-json\/wp\/v2\/types\/page"}],"author":[{"embeddable":true,"href":"https:\/\/uniquehandsnaturespa.com\/fr\/wp-json\/wp\/v2\/users\/1"}],"replies":[{"embeddable":true,"href":"https:\/\/uniquehandsnaturespa.com\/fr\/wp-json\/wp\/v2\/comments?post=888"}],"version-history":[{"count":6,"href":"https:\/\/uniquehandsnaturespa.com\/fr\/wp-json\/wp\/v2\/pages\/888\/revisions"}],"predecessor-version":[{"id":1843,"href":"https:\/\/uniquehandsnaturespa.com\/fr\/wp-json\/wp\/v2\/pages\/888\/revisions\/1843"}],"wp:featuredmedia":[{"embeddable":true,"href":"https:\/\/uniquehandsnaturespa.com\/fr\/wp-json\/wp\/v2\/media\/846"}],"wp:attachment":[{"href":"https:\/\/uniquehandsnaturespa.com\/fr\/wp-json\/wp\/v2\/media?parent=888"}],"curies":[{"name":"wp","href":"https:\/\/api.w.org\/{rel}","templated":true}]}}