{"id":896,"date":"2022-05-03T22:11:04","date_gmt":"2022-05-03T22:11:04","guid":{"rendered":"https:\/\/uniquehandsnaturespa.com\/rituais\/"},"modified":"2022-07-18T15:16:34","modified_gmt":"2022-07-18T15:16:34","slug":"rituais","status":"publish","type":"page","link":"https:\/\/uniquehandsnaturespa.com\/fr\/rituais\/","title":{"rendered":"Rituels"},"content":{"rendered":"\n<p><\/p>\n\n<h2 class=\"wp-block-heading\">VOYAGEZ DANS LES 5 SENS<\/h2>\n\n<p><\/p>\n\n<h3 class=\"wp-block-heading\"><strong>Rituel unique de respiration \u2022 1h50<\/strong><\/h3>\n\n<p>Massage th\u00e9rapeutique sp\u00e9cial + Soin du visage + Rituel du th\u00e9<br\/>Un rituel unique qui promet de vous faire arr\u00eater \u00e0 temps&#8230; Un temps pr\u00e9cieux qui laissera place aux plus merveilleuses sensations de relaxation, promues par un massage th\u00e9rapeutique et un <a href=\"http:\/\/uniquehandsurbanspa.com\/tratamentos\/pure-beauty-tratamentos-de-rosto\/\">soin de beaut\u00e9 au visage<\/a> qui redonnera de la brillance et de la sant\u00e9 \u00e0 votre peau. Terminez cette exp\u00e9rience captivante en vous d\u00e9lectant de notre rituel de th\u00e9 aux mains uniques.<\/p>\n\n<h3 class=\"wp-block-heading\"><strong>Rituel de d\u00e9sintoxication de l\u2019Himalaya \u2022 1h20<\/strong><\/h3>\n\n<p>Gommage D\u00e9tox de l\u2019Himalaya + Enveloppement Detox + Rituel du Th\u00e9 D\u00e9tox<br\/>Himalayan Detox Ritual est la combinaison parfaite pour purifier et d\u00e9toxifier votre corps. Ce rituel commence par une <a href=\"http:\/\/uniquehandsurbanspa.com\/tratamentos\/pure-beauty-tratamentos-de-corpo\/\">exfoliation d\u00e9tox<\/a> au sel de l\u2019Himalaya, un \u00e9l\u00e9ment reconnu pour ses propri\u00e9t\u00e9s r\u00e9g\u00e9n\u00e9ratrices et d\u00e9toxifiantes. Terminez ce rituel avec un Detox Wrap riche en sels min\u00e9raux et d\u00e9gustez notre th\u00e9 d\u00e9tox rituel avec un fort pouvoir antioxydant qui vous apportera une merveilleuse sensation de fra\u00eecheur \u00e0 votre journ\u00e9e.<\/p>\n\n<h3 class=\"wp-block-heading\" id=\"lady-moment-ritual\"><strong>Rituel Lady Moment \u2022 2h35<\/strong><\/h3>\n\n<p>Gommage corporel + Massage de relaxation + Rituel du th\u00e9 + Toucher d\u2019\u00e9quilibre facial<br\/>Un rituel amoureux de la beaut\u00e9 f\u00e9minine. Chez Unique Hands, nous voulons donner des \u00ab ailes \u00bb \u00e0 l\u2019\u00e9motion et au c\u00f4t\u00e9 plus f\u00e9minin d\u2019\u00eatre une femme. Dans un Univers o\u00f9 nous voulons arr\u00eater votre temps, nous avons mis en place un <a href=\"http:\/\/uniquehandsurbanspa.com\/tratamentos\/pure-beauty-tratamentos-de-corpo\/\">soin d\u2019exfoliation corporelle<\/a> pour un moment de <a href=\"http:\/\/uniquehandsurbanspa.com\/tratamentos\/time-massagens-de-relaxamento\/\">relaxation profonde<\/a>. Afin de donner une plus grande pl\u00e9nitude \u00e0 votre exp\u00e9rience, nous vous proposons un rituel du th\u00e9 compos\u00e9 d\u2019\u00e9l\u00e9ments relaxants afin que vous puissiez continuer ce voyage amoureux de vous et qui vous fera vous d\u00e9connecter du monde ext\u00e9rieur. Nous terminons ce rituel par un soin qui donnera une touche de diamant \u00e0 votre visage.<\/p>\n\n<h3 class=\"wp-block-heading\"><strong>Gentleman Time Ritual \u2022 2 h 35<\/strong><\/h3>\n\n<p>Gommage corporel + Massage relaxant + Rituel du th\u00e9 + Man Power du visage<br\/>Gentleman Time est un rituel con\u00e7u pour les hommes qui aiment prendre soin d\u2019eux-m\u00eames, de leur corps et de leur esprit. Un rituel d\u00e9toxifiant et relaxant qui restaure votre bien-\u00eatre gr\u00e2ce \u00e0 la jonction parfaite entre <a href=\"http:\/\/uniquehandsurbanspa.com\/tratamentos\/pure-beauty-tratamentos-de-corpo\/\">exfoliation<\/a>, <a href=\"http:\/\/uniquehandsurbanspa.com\/tratamentos\/time-massagens-de-relaxamento\/\">massage de relaxation<\/a> et <a href=\"http:\/\/uniquehandsurbanspa.com\/tratamentos\/pure-beauty-tratamentos-de-rosto\/\">soin du visage<\/a>. Une exp\u00e9rience qui vous permettra de prendre du temps pour vous dans un voyage d\u00e9di\u00e9 \u00e0 \u00eatre un homme. D\u00e9tendez-vous et laissez-vous inspirer par Unique Hands.<\/p>\n\n<h3 class=\"wp-block-heading\"><strong>Rituel de paix <strong>\u2022<\/strong> 3h<\/strong><\/h3>\n\n<p>Rituel du th\u00e9 + Yoga \/ M\u00e9ditation respiratoire + Massage + Soin du visage<br\/>C\u2019est l\u2019un de nos rituels les plus complets o\u00f9 nous exp\u00e9rimentons les sensations les plus pures de bien-\u00eatre, de sant\u00e9 et de connexion, soutenues par les avantages de la pratique du yoga \/ m\u00e9ditation, inspirant massage th\u00e9rapeutique et facial.<br\/>Red\u00e9couvrez le bien, le bien et la beaut\u00e9 de votre v\u00e9ritable \u00catre et laissez-vous inspirer par cette merveilleuse exp\u00e9rience !<\/p>\n\n<h3 class=\"wp-block-heading\"><strong>Rituel Inspire <strong>\u2022<\/strong> 2h<\/strong><\/h3>\n\n<p>Rituel du th\u00e9 + Yoga \/ M\u00e9ditation + Massage<br\/>Le rituel Inspire est comme un baume pour l\u2019\u00e2me.<br\/>Nous sommes renouvel\u00e9s sur le plan physique, mental et \u00e9motionnel, soutenant ainsi notre v\u00e9ritable essence.<br\/>L\u2019union entre le yoga, la m\u00e9ditation et la massoth\u00e9rapie apportera \u00e0 votre c\u0153ur plus d\u2019espace pour respirer, sourire et aimer.<\/p>\n","protected":false},"excerpt":{"rendered":"<p>VOYAGEZ DANS LES 5 SENS Rituel unique de respiration \u2022 1h50 Massage th\u00e9rapeutique sp\u00e9cial + Soin du visage + Rituel du th\u00e9Un rituel unique qui promet de vous faire arr\u00eater \u00e0 temps&#8230; Un temps pr\u00e9cieux qui laissera place aux plus merveilleuses sensations de relaxation, promues par un massage th\u00e9rapeutique et un soin de beaut\u00e9 au [&hellip;]<\/p>\n","protected":false},"author":1,"featured_media":797,"parent":0,"menu_order":0,"comment_status":"open","ping_status":"open","template":"","meta":{"_et_pb_use_builder":"off","_et_pb_old_content":"","_et_gb_content_width":"","footnotes":""},"class_list":["post-896","page","type-page","status-publish","has-post-thumbnail","hentry"],"yoast_head":"<!-- This site is optimized with the Yoast SEO plugin v27.1.1 - https:\/\/yoast.com\/product\/yoast-seo-wordpress\/ -->\n<title>Rituels - Unique Hands Nature Spa<\/title>\n<meta name=\"robots\" content=\"index, follow, max-snippet:-1, max-image-preview:large, max-video-preview:-1\" \/>\n<link rel=\"canonical\" href=\"https:\/\/uniquehandsnaturespa.com\/rituais\/\" \/>\n<meta property=\"og:locale\" content=\"fr_FR\" \/>\n<meta property=\"og:type\" content=\"article\" \/>\n<meta property=\"og:title\" content=\"Rituels - Unique Hands Nature Spa\" \/>\n<meta property=\"og:description\" content=\"VOYAGEZ DANS LES 5 SENS Rituel unique de respiration \u2022 1h50 Massage th\u00e9rapeutique sp\u00e9cial + Soin du visage + Rituel du th\u00e9Un rituel unique qui promet de vous faire arr\u00eater \u00e0 temps&#8230; Un temps pr\u00e9cieux qui laissera place aux plus merveilleuses sensations de relaxation, promues par un massage th\u00e9rapeutique et un soin de beaut\u00e9 au [&hellip;]\" \/>\n<meta property=\"og:url\" content=\"https:\/\/uniquehandsnaturespa.com\/rituais\/\" \/>\n<meta property=\"og:site_name\" content=\"Unique Hands Nature Spa\" \/>\n<meta property=\"article:publisher\" content=\"https:\/\/www.facebook.com\/uniquehandsurbanspa\/\" \/>\n<meta property=\"article:modified_time\" content=\"2022-07-18T15:16:34+00:00\" \/>\n<meta property=\"og:image\" content=\"https:\/\/uniquehandsnaturespa.com\/wp-content\/uploads\/2022\/05\/rituais-unique.jpeg\" \/>\n\t<meta property=\"og:image:width\" content=\"1180\" \/>\n\t<meta property=\"og:image:height\" content=\"435\" \/>\n\t<meta property=\"og:image:type\" content=\"image\/jpeg\" \/>\n<meta name=\"twitter:card\" content=\"summary_large_image\" \/>\n<meta name=\"twitter:label1\" content=\"Dur\u00e9e de lecture estim\u00e9e\" \/>\n\t<meta name=\"twitter:data1\" content=\"3 minutes\" \/>\n<script type=\"application\/ld+json\" class=\"yoast-schema-graph\">{\"@context\":\"https:\/\/schema.org\",\"@graph\":[{\"@type\":\"WebPage\",\"@id\":\"https:\/\/uniquehandsnaturespa.com\/rituais\/\",\"url\":\"https:\/\/uniquehandsnaturespa.com\/rituais\/\",\"name\":\"Rituels - Unique Hands Nature Spa\",\"isPartOf\":{\"@id\":\"https:\/\/uniquehandsnaturespa.com\/#website\"},\"primaryImageOfPage\":{\"@id\":\"https:\/\/uniquehandsnaturespa.com\/rituais\/#primaryimage\"},\"image\":{\"@id\":\"https:\/\/uniquehandsnaturespa.com\/rituais\/#primaryimage\"},\"thumbnailUrl\":\"https:\/\/uniquehandsnaturespa.com\/wp-content\/uploads\/2022\/05\/rituais-unique.jpeg\",\"datePublished\":\"2022-05-03T22:11:04+00:00\",\"dateModified\":\"2022-07-18T15:16:34+00:00\",\"breadcrumb\":{\"@id\":\"https:\/\/uniquehandsnaturespa.com\/rituais\/#breadcrumb\"},\"inLanguage\":\"fr-FR\",\"potentialAction\":[{\"@type\":\"ReadAction\",\"target\":[\"https:\/\/uniquehandsnaturespa.com\/rituais\/\"]}]},{\"@type\":\"ImageObject\",\"inLanguage\":\"fr-FR\",\"@id\":\"https:\/\/uniquehandsnaturespa.com\/rituais\/#primaryimage\",\"url\":\"https:\/\/uniquehandsnaturespa.com\/wp-content\/uploads\/2022\/05\/rituais-unique.jpeg\",\"contentUrl\":\"https:\/\/uniquehandsnaturespa.com\/wp-content\/uploads\/2022\/05\/rituais-unique.jpeg\",\"width\":1180,\"height\":435},{\"@type\":\"BreadcrumbList\",\"@id\":\"https:\/\/uniquehandsnaturespa.com\/rituais\/#breadcrumb\",\"itemListElement\":[{\"@type\":\"ListItem\",\"position\":1,\"name\":\"Home\",\"item\":\"https:\/\/uniquehandsnaturespa.com\/fr\/\"},{\"@type\":\"ListItem\",\"position\":2,\"name\":\"Rituels\"}]},{\"@type\":\"WebSite\",\"@id\":\"https:\/\/uniquehandsnaturespa.com\/#website\",\"url\":\"https:\/\/uniquehandsnaturespa.com\/\",\"name\":\"Unique Hands Nature Spa\",\"description\":\"Massages et Wellness Spa \u00e0 Cascais\",\"publisher\":{\"@id\":\"https:\/\/uniquehandsnaturespa.com\/#organization\"},\"potentialAction\":[{\"@type\":\"SearchAction\",\"target\":{\"@type\":\"EntryPoint\",\"urlTemplate\":\"https:\/\/uniquehandsnaturespa.com\/?s={search_term_string}\"},\"query-input\":{\"@type\":\"PropertyValueSpecification\",\"valueRequired\":true,\"valueName\":\"search_term_string\"}}],\"inLanguage\":\"fr-FR\"},{\"@type\":\"Organization\",\"@id\":\"https:\/\/uniquehandsnaturespa.com\/#organization\",\"name\":\"Unique Hands Nature Spa\",\"url\":\"https:\/\/uniquehandsnaturespa.com\/\",\"logo\":{\"@type\":\"ImageObject\",\"inLanguage\":\"fr-FR\",\"@id\":\"https:\/\/uniquehandsnaturespa.com\/#\/schema\/logo\/image\/\",\"url\":\"https:\/\/uniquehandsnaturespa.com\/wp-content\/uploads\/2022\/05\/L_Dourado-1.png\",\"contentUrl\":\"https:\/\/uniquehandsnaturespa.com\/wp-content\/uploads\/2022\/05\/L_Dourado-1.png\",\"width\":491,\"height\":187,\"caption\":\"Unique Hands Nature Spa\"},\"image\":{\"@id\":\"https:\/\/uniquehandsnaturespa.com\/#\/schema\/logo\/image\/\"},\"sameAs\":[\"https:\/\/www.facebook.com\/uniquehandsurbanspa\/\",\"https:\/\/www.instagram.com\/unique_hands_._urban_spa\/\"]}]}<\/script>\n<!-- \/ Yoast SEO plugin. -->","yoast_head_json":{"title":"Rituels - Unique Hands Nature Spa","robots":{"index":"index","follow":"follow","max-snippet":"max-snippet:-1","max-image-preview":"max-image-preview:large","max-video-preview":"max-video-preview:-1"},"canonical":"https:\/\/uniquehandsnaturespa.com\/rituais\/","og_locale":"fr_FR","og_type":"article","og_title":"Rituels - Unique Hands Nature Spa","og_description":"VOYAGEZ DANS LES 5 SENS Rituel unique de respiration \u2022 1h50 Massage th\u00e9rapeutique sp\u00e9cial + Soin du visage + Rituel du th\u00e9Un rituel unique qui promet de vous faire arr\u00eater \u00e0 temps&#8230; Un temps pr\u00e9cieux qui laissera place aux plus merveilleuses sensations de relaxation, promues par un massage th\u00e9rapeutique et un soin de beaut\u00e9 au [&hellip;]","og_url":"https:\/\/uniquehandsnaturespa.com\/rituais\/","og_site_name":"Unique Hands Nature Spa","article_publisher":"https:\/\/www.facebook.com\/uniquehandsurbanspa\/","article_modified_time":"2022-07-18T15:16:34+00:00","og_image":[{"width":1180,"height":435,"url":"https:\/\/uniquehandsnaturespa.com\/wp-content\/uploads\/2022\/05\/rituais-unique.jpeg","type":"image\/jpeg"}],"twitter_card":"summary_large_image","twitter_misc":{"Dur\u00e9e de lecture estim\u00e9e":"3 minutes"},"schema":{"@context":"https:\/\/schema.org","@graph":[{"@type":"WebPage","@id":"https:\/\/uniquehandsnaturespa.com\/rituais\/","url":"https:\/\/uniquehandsnaturespa.com\/rituais\/","name":"Rituels - Unique Hands Nature Spa","isPartOf":{"@id":"https:\/\/uniquehandsnaturespa.com\/#website"},"primaryImageOfPage":{"@id":"https:\/\/uniquehandsnaturespa.com\/rituais\/#primaryimage"},"image":{"@id":"https:\/\/uniquehandsnaturespa.com\/rituais\/#primaryimage"},"thumbnailUrl":"https:\/\/uniquehandsnaturespa.com\/wp-content\/uploads\/2022\/05\/rituais-unique.jpeg","datePublished":"2022-05-03T22:11:04+00:00","dateModified":"2022-07-18T15:16:34+00:00","breadcrumb":{"@id":"https:\/\/uniquehandsnaturespa.com\/rituais\/#breadcrumb"},"inLanguage":"fr-FR","potentialAction":[{"@type":"ReadAction","target":["https:\/\/uniquehandsnaturespa.com\/rituais\/"]}]},{"@type":"ImageObject","inLanguage":"fr-FR","@id":"https:\/\/uniquehandsnaturespa.com\/rituais\/#primaryimage","url":"https:\/\/uniquehandsnaturespa.com\/wp-content\/uploads\/2022\/05\/rituais-unique.jpeg","contentUrl":"https:\/\/uniquehandsnaturespa.com\/wp-content\/uploads\/2022\/05\/rituais-unique.jpeg","width":1180,"height":435},{"@type":"BreadcrumbList","@id":"https:\/\/uniquehandsnaturespa.com\/rituais\/#breadcrumb","itemListElement":[{"@type":"ListItem","position":1,"name":"Home","item":"https:\/\/uniquehandsnaturespa.com\/fr\/"},{"@type":"ListItem","position":2,"name":"Rituels"}]},{"@type":"WebSite","@id":"https:\/\/uniquehandsnaturespa.com\/#website","url":"https:\/\/uniquehandsnaturespa.com\/","name":"Unique Hands Nature Spa","description":"Massages et Wellness Spa \u00e0 Cascais","publisher":{"@id":"https:\/\/uniquehandsnaturespa.com\/#organization"},"potentialAction":[{"@type":"SearchAction","target":{"@type":"EntryPoint","urlTemplate":"https:\/\/uniquehandsnaturespa.com\/?s={search_term_string}"},"query-input":{"@type":"PropertyValueSpecification","valueRequired":true,"valueName":"search_term_string"}}],"inLanguage":"fr-FR"},{"@type":"Organization","@id":"https:\/\/uniquehandsnaturespa.com\/#organization","name":"Unique Hands Nature Spa","url":"https:\/\/uniquehandsnaturespa.com\/","logo":{"@type":"ImageObject","inLanguage":"fr-FR","@id":"https:\/\/uniquehandsnaturespa.com\/#\/schema\/logo\/image\/","url":"https:\/\/uniquehandsnaturespa.com\/wp-content\/uploads\/2022\/05\/L_Dourado-1.png","contentUrl":"https:\/\/uniquehandsnaturespa.com\/wp-content\/uploads\/2022\/05\/L_Dourado-1.png","width":491,"height":187,"caption":"Unique Hands Nature Spa"},"image":{"@id":"https:\/\/uniquehandsnaturespa.com\/#\/schema\/logo\/image\/"},"sameAs":["https:\/\/www.facebook.com\/uniquehandsurbanspa\/","https:\/\/www.instagram.com\/unique_hands_._urban_spa\/"]}]}},"_links":{"self":[{"href":"https:\/\/uniquehandsnaturespa.com\/fr\/wp-json\/wp\/v2\/pages\/896","targetHints":{"allow":["GET"]}}],"collection":[{"href":"https:\/\/uniquehandsnaturespa.com\/fr\/wp-json\/wp\/v2\/pages"}],"about":[{"href":"https:\/\/uniquehandsnaturespa.com\/fr\/wp-json\/wp\/v2\/types\/page"}],"author":[{"embeddable":true,"href":"https:\/\/uniquehandsnaturespa.com\/fr\/wp-json\/wp\/v2\/users\/1"}],"replies":[{"embeddable":true,"href":"https:\/\/uniquehandsnaturespa.com\/fr\/wp-json\/wp\/v2\/comments?post=896"}],"version-history":[{"count":2,"href":"https:\/\/uniquehandsnaturespa.com\/fr\/wp-json\/wp\/v2\/pages\/896\/revisions"}],"predecessor-version":[{"id":900,"href":"https:\/\/uniquehandsnaturespa.com\/fr\/wp-json\/wp\/v2\/pages\/896\/revisions\/900"}],"wp:featuredmedia":[{"embeddable":true,"href":"https:\/\/uniquehandsnaturespa.com\/fr\/wp-json\/wp\/v2\/media\/797"}],"wp:attachment":[{"href":"https:\/\/uniquehandsnaturespa.com\/fr\/wp-json\/wp\/v2\/media?parent=896"}],"curies":[{"name":"wp","href":"https:\/\/api.w.org\/{rel}","templated":true}]}}