{"id":1201,"date":"2022-06-05T16:16:23","date_gmt":"2022-06-05T16:16:23","guid":{"rendered":"https:\/\/uniquehandsnaturespa.com\/vouchers\/rituel-dinspiration\/"},"modified":"2022-08-22T15:26:12","modified_gmt":"2022-08-22T15:26:12","slug":"inspirer-rituel","status":"publish","type":"product","link":"https:\/\/uniquehandsnaturespa.com\/fr\/vouchers\/inspirer-rituel\/","title":{"rendered":"Rituel d&rsquo;inspiration"},"content":{"rendered":"","protected":false},"excerpt":{"rendered":"<p>Rituel du th\u00e9 + Yoga \/ M\u00e9ditation + Massage<\/p>\n<p>Le rituel Inspire est comme un baume pour l\u2019\u00e2me.<br \/>\nNous sommes renouvel\u00e9s sur le plan physique, mental et \u00e9motionnel, soutenant ainsi notre v\u00e9ritable essence.<br \/>\nL\u2019union entre le yoga, la m\u00e9ditation et la massoth\u00e9rapie apportera \u00e0 votre c\u0153ur plus d\u2019espace pour respirer, sourire et aimer.<\/p>\n<p><strong>Dur\u00e9e : 2 heures<\/strong><\/p>\n","protected":false},"featured_media":1204,"comment_status":"open","ping_status":"closed","template":"","meta":{"_et_pb_use_builder":"","_et_pb_old_content":"","_et_gb_content_width":""},"product_brand":[],"product_cat":[57,59],"product_tag":[],"class_list":{"0":"post-1201","1":"product","2":"type-product","3":"status-publish","4":"has-post-thumbnail","6":"product_cat-simple","7":"product_cat-vouchers-fr","9":"first","10":"instock","11":"virtual","12":"purchasable","13":"product-type-simple"},"yoast_head":"<!-- This site is optimized with the Yoast SEO plugin v27.1.1 - https:\/\/yoast.com\/product\/yoast-seo-wordpress\/ -->\n<title>Rituel d&#039;inspiration - Unique Hands Nature Spa<\/title>\n<meta name=\"robots\" content=\"index, follow, max-snippet:-1, max-image-preview:large, max-video-preview:-1\" \/>\n<link rel=\"canonical\" href=\"https:\/\/uniquehandsnaturespa.com\/vouchers\/inspirer-rituel\/\" \/>\n<meta property=\"og:locale\" content=\"fr_FR\" \/>\n<meta property=\"og:type\" content=\"article\" \/>\n<meta property=\"og:title\" content=\"Rituel d&#039;inspiration - Unique Hands Nature Spa\" \/>\n<meta property=\"og:description\" content=\"Rituel du th\u00e9 + Yoga \/ M\u00e9ditation + Massage Le rituel Inspire est comme un baume pour l\u2019\u00e2me. Nous sommes renouvel\u00e9s sur le plan physique, mental et \u00e9motionnel, soutenant ainsi notre v\u00e9ritable essence. L\u2019union entre le yoga, la m\u00e9ditation et la massoth\u00e9rapie apportera \u00e0 votre c\u0153ur plus d\u2019espace pour respirer, sourire et aimer. Dur\u00e9e : 2 heures\" \/>\n<meta property=\"og:url\" content=\"https:\/\/uniquehandsnaturespa.com\/vouchers\/inspirer-rituel\/\" \/>\n<meta property=\"og:site_name\" content=\"Unique Hands Nature Spa\" \/>\n<meta property=\"article:publisher\" content=\"https:\/\/www.facebook.com\/uniquehandsurbanspa\/\" \/>\n<meta property=\"article:modified_time\" content=\"2022-08-22T15:26:12+00:00\" \/>\n<meta property=\"og:image\" content=\"https:\/\/uniquehandsnaturespa.com\/wp-content\/uploads\/2022\/05\/inspiree280a2-massagens-orientais.jpeg\" \/>\n\t<meta property=\"og:image:width\" content=\"1236\" \/>\n\t<meta property=\"og:image:height\" content=\"756\" \/>\n\t<meta property=\"og:image:type\" content=\"image\/jpeg\" \/>\n<meta name=\"twitter:card\" content=\"summary_large_image\" \/>\n<script type=\"application\/ld+json\" class=\"yoast-schema-graph\">{\"@context\":\"https:\/\/schema.org\",\"@graph\":[{\"@type\":\"WebPage\",\"@id\":\"https:\/\/uniquehandsnaturespa.com\/vouchers\/inspirer-rituel\/\",\"url\":\"https:\/\/uniquehandsnaturespa.com\/vouchers\/inspirer-rituel\/\",\"name\":\"Rituel d'inspiration - Unique Hands Nature Spa\",\"isPartOf\":{\"@id\":\"https:\/\/uniquehandsnaturespa.com\/#website\"},\"primaryImageOfPage\":{\"@id\":\"https:\/\/uniquehandsnaturespa.com\/vouchers\/inspirer-rituel\/#primaryimage\"},\"image\":{\"@id\":\"https:\/\/uniquehandsnaturespa.com\/vouchers\/inspirer-rituel\/#primaryimage\"},\"thumbnailUrl\":\"https:\/\/uniquehandsnaturespa.com\/wp-content\/uploads\/2022\/05\/inspiree280a2-massagens-orientais.jpeg\",\"datePublished\":\"2022-06-05T16:16:23+00:00\",\"dateModified\":\"2022-08-22T15:26:12+00:00\",\"breadcrumb\":{\"@id\":\"https:\/\/uniquehandsnaturespa.com\/vouchers\/inspirer-rituel\/#breadcrumb\"},\"inLanguage\":\"fr-FR\",\"potentialAction\":[{\"@type\":\"ReadAction\",\"target\":[\"https:\/\/uniquehandsnaturespa.com\/vouchers\/inspirer-rituel\/\"]}]},{\"@type\":\"ImageObject\",\"inLanguage\":\"fr-FR\",\"@id\":\"https:\/\/uniquehandsnaturespa.com\/vouchers\/inspirer-rituel\/#primaryimage\",\"url\":\"https:\/\/uniquehandsnaturespa.com\/wp-content\/uploads\/2022\/05\/inspiree280a2-massagens-orientais.jpeg\",\"contentUrl\":\"https:\/\/uniquehandsnaturespa.com\/wp-content\/uploads\/2022\/05\/inspiree280a2-massagens-orientais.jpeg\",\"width\":1236,\"height\":756},{\"@type\":\"BreadcrumbList\",\"@id\":\"https:\/\/uniquehandsnaturespa.com\/vouchers\/inspirer-rituel\/#breadcrumb\",\"itemListElement\":[{\"@type\":\"ListItem\",\"position\":1,\"name\":\"Home\",\"item\":\"https:\/\/uniquehandsnaturespa.com\/fr\/\"},{\"@type\":\"ListItem\",\"position\":2,\"name\":\"Shop\",\"item\":\"https:\/\/uniquehandsnaturespa.com\/shop\/\"},{\"@type\":\"ListItem\",\"position\":3,\"name\":\"Rituel d&#8217;inspiration\"}]},{\"@type\":\"WebSite\",\"@id\":\"https:\/\/uniquehandsnaturespa.com\/#website\",\"url\":\"https:\/\/uniquehandsnaturespa.com\/\",\"name\":\"Unique Hands Nature Spa\",\"description\":\"Massages et Wellness Spa \u00e0 Cascais\",\"publisher\":{\"@id\":\"https:\/\/uniquehandsnaturespa.com\/#organization\"},\"potentialAction\":[{\"@type\":\"SearchAction\",\"target\":{\"@type\":\"EntryPoint\",\"urlTemplate\":\"https:\/\/uniquehandsnaturespa.com\/?s={search_term_string}\"},\"query-input\":{\"@type\":\"PropertyValueSpecification\",\"valueRequired\":true,\"valueName\":\"search_term_string\"}}],\"inLanguage\":\"fr-FR\"},{\"@type\":\"Organization\",\"@id\":\"https:\/\/uniquehandsnaturespa.com\/#organization\",\"name\":\"Unique Hands Nature Spa\",\"url\":\"https:\/\/uniquehandsnaturespa.com\/\",\"logo\":{\"@type\":\"ImageObject\",\"inLanguage\":\"fr-FR\",\"@id\":\"https:\/\/uniquehandsnaturespa.com\/#\/schema\/logo\/image\/\",\"url\":\"https:\/\/uniquehandsnaturespa.com\/wp-content\/uploads\/2022\/05\/L_Dourado-1.png\",\"contentUrl\":\"https:\/\/uniquehandsnaturespa.com\/wp-content\/uploads\/2022\/05\/L_Dourado-1.png\",\"width\":491,\"height\":187,\"caption\":\"Unique Hands Nature Spa\"},\"image\":{\"@id\":\"https:\/\/uniquehandsnaturespa.com\/#\/schema\/logo\/image\/\"},\"sameAs\":[\"https:\/\/www.facebook.com\/uniquehandsurbanspa\/\",\"https:\/\/www.instagram.com\/unique_hands_._urban_spa\/\"]}]}<\/script>\n<!-- \/ Yoast SEO plugin. -->","yoast_head_json":{"title":"Rituel d'inspiration - Unique Hands Nature Spa","robots":{"index":"index","follow":"follow","max-snippet":"max-snippet:-1","max-image-preview":"max-image-preview:large","max-video-preview":"max-video-preview:-1"},"canonical":"https:\/\/uniquehandsnaturespa.com\/vouchers\/inspirer-rituel\/","og_locale":"fr_FR","og_type":"article","og_title":"Rituel d'inspiration - Unique Hands Nature Spa","og_description":"Rituel du th\u00e9 + Yoga \/ M\u00e9ditation + Massage Le rituel Inspire est comme un baume pour l\u2019\u00e2me. Nous sommes renouvel\u00e9s sur le plan physique, mental et \u00e9motionnel, soutenant ainsi notre v\u00e9ritable essence. L\u2019union entre le yoga, la m\u00e9ditation et la massoth\u00e9rapie apportera \u00e0 votre c\u0153ur plus d\u2019espace pour respirer, sourire et aimer. Dur\u00e9e : 2 heures","og_url":"https:\/\/uniquehandsnaturespa.com\/vouchers\/inspirer-rituel\/","og_site_name":"Unique Hands Nature Spa","article_publisher":"https:\/\/www.facebook.com\/uniquehandsurbanspa\/","article_modified_time":"2022-08-22T15:26:12+00:00","og_image":[{"width":1236,"height":756,"url":"https:\/\/uniquehandsnaturespa.com\/wp-content\/uploads\/2022\/05\/inspiree280a2-massagens-orientais.jpeg","type":"image\/jpeg"}],"twitter_card":"summary_large_image","schema":{"@context":"https:\/\/schema.org","@graph":[{"@type":"WebPage","@id":"https:\/\/uniquehandsnaturespa.com\/vouchers\/inspirer-rituel\/","url":"https:\/\/uniquehandsnaturespa.com\/vouchers\/inspirer-rituel\/","name":"Rituel d'inspiration - Unique Hands Nature Spa","isPartOf":{"@id":"https:\/\/uniquehandsnaturespa.com\/#website"},"primaryImageOfPage":{"@id":"https:\/\/uniquehandsnaturespa.com\/vouchers\/inspirer-rituel\/#primaryimage"},"image":{"@id":"https:\/\/uniquehandsnaturespa.com\/vouchers\/inspirer-rituel\/#primaryimage"},"thumbnailUrl":"https:\/\/uniquehandsnaturespa.com\/wp-content\/uploads\/2022\/05\/inspiree280a2-massagens-orientais.jpeg","datePublished":"2022-06-05T16:16:23+00:00","dateModified":"2022-08-22T15:26:12+00:00","breadcrumb":{"@id":"https:\/\/uniquehandsnaturespa.com\/vouchers\/inspirer-rituel\/#breadcrumb"},"inLanguage":"fr-FR","potentialAction":[{"@type":"ReadAction","target":["https:\/\/uniquehandsnaturespa.com\/vouchers\/inspirer-rituel\/"]}]},{"@type":"ImageObject","inLanguage":"fr-FR","@id":"https:\/\/uniquehandsnaturespa.com\/vouchers\/inspirer-rituel\/#primaryimage","url":"https:\/\/uniquehandsnaturespa.com\/wp-content\/uploads\/2022\/05\/inspiree280a2-massagens-orientais.jpeg","contentUrl":"https:\/\/uniquehandsnaturespa.com\/wp-content\/uploads\/2022\/05\/inspiree280a2-massagens-orientais.jpeg","width":1236,"height":756},{"@type":"BreadcrumbList","@id":"https:\/\/uniquehandsnaturespa.com\/vouchers\/inspirer-rituel\/#breadcrumb","itemListElement":[{"@type":"ListItem","position":1,"name":"Home","item":"https:\/\/uniquehandsnaturespa.com\/fr\/"},{"@type":"ListItem","position":2,"name":"Shop","item":"https:\/\/uniquehandsnaturespa.com\/shop\/"},{"@type":"ListItem","position":3,"name":"Rituel d&#8217;inspiration"}]},{"@type":"WebSite","@id":"https:\/\/uniquehandsnaturespa.com\/#website","url":"https:\/\/uniquehandsnaturespa.com\/","name":"Unique Hands Nature Spa","description":"Massages et Wellness Spa \u00e0 Cascais","publisher":{"@id":"https:\/\/uniquehandsnaturespa.com\/#organization"},"potentialAction":[{"@type":"SearchAction","target":{"@type":"EntryPoint","urlTemplate":"https:\/\/uniquehandsnaturespa.com\/?s={search_term_string}"},"query-input":{"@type":"PropertyValueSpecification","valueRequired":true,"valueName":"search_term_string"}}],"inLanguage":"fr-FR"},{"@type":"Organization","@id":"https:\/\/uniquehandsnaturespa.com\/#organization","name":"Unique Hands Nature Spa","url":"https:\/\/uniquehandsnaturespa.com\/","logo":{"@type":"ImageObject","inLanguage":"fr-FR","@id":"https:\/\/uniquehandsnaturespa.com\/#\/schema\/logo\/image\/","url":"https:\/\/uniquehandsnaturespa.com\/wp-content\/uploads\/2022\/05\/L_Dourado-1.png","contentUrl":"https:\/\/uniquehandsnaturespa.com\/wp-content\/uploads\/2022\/05\/L_Dourado-1.png","width":491,"height":187,"caption":"Unique Hands Nature Spa"},"image":{"@id":"https:\/\/uniquehandsnaturespa.com\/#\/schema\/logo\/image\/"},"sameAs":["https:\/\/www.facebook.com\/uniquehandsurbanspa\/","https:\/\/www.instagram.com\/unique_hands_._urban_spa\/"]}]}},"_links":{"self":[{"href":"https:\/\/uniquehandsnaturespa.com\/fr\/wp-json\/wp\/v2\/product\/1201","targetHints":{"allow":["GET"]}}],"collection":[{"href":"https:\/\/uniquehandsnaturespa.com\/fr\/wp-json\/wp\/v2\/product"}],"about":[{"href":"https:\/\/uniquehandsnaturespa.com\/fr\/wp-json\/wp\/v2\/types\/product"}],"replies":[{"embeddable":true,"href":"https:\/\/uniquehandsnaturespa.com\/fr\/wp-json\/wp\/v2\/comments?post=1201"}],"wp:featuredmedia":[{"embeddable":true,"href":"https:\/\/uniquehandsnaturespa.com\/fr\/wp-json\/wp\/v2\/media\/1204"}],"wp:attachment":[{"href":"https:\/\/uniquehandsnaturespa.com\/fr\/wp-json\/wp\/v2\/media?parent=1201"}],"wp:term":[{"taxonomy":"product_brand","embeddable":true,"href":"https:\/\/uniquehandsnaturespa.com\/fr\/wp-json\/wp\/v2\/product_brand?post=1201"},{"taxonomy":"product_cat","embeddable":true,"href":"https:\/\/uniquehandsnaturespa.com\/fr\/wp-json\/wp\/v2\/product_cat?post=1201"},{"taxonomy":"product_tag","embeddable":true,"href":"https:\/\/uniquehandsnaturespa.com\/fr\/wp-json\/wp\/v2\/product_tag?post=1201"}],"curies":[{"name":"wp","href":"https:\/\/api.w.org\/{rel}","templated":true}]}}