{"id":1202,"date":"2022-06-05T16:14:50","date_gmt":"2022-06-05T16:14:50","guid":{"rendered":"https:\/\/uniquehandsnaturespa.com\/vouchers\/rituel-unique-de-respiration\/"},"modified":"2022-08-22T15:26:44","modified_gmt":"2022-08-22T15:26:44","slug":"rituel-unique-de-respiration","status":"publish","type":"product","link":"https:\/\/uniquehandsnaturespa.com\/fr\/vouchers\/rituel-unique-de-respiration\/","title":{"rendered":"Rituel unique de respiration"},"content":{"rendered":"","protected":false},"excerpt":{"rendered":"<p>Massage th\u00e9rapeutique sp\u00e9cial + Soin du visage + Rituel du th\u00e9<\/p>\n<p>Un rituel unique qui promet de vous faire arr\u00eater dans le temps&#8230; Un temps pr\u00e9cieux qui laissera place aux plus merveilleuses sensations de relaxation, favoris\u00e9es par un massage th\u00e9rapeutique et un traitement de beaut\u00e9 du visage qui redonnera \u00e0 votre peau son \u00e9clat et sa sant\u00e9. Terminez cette exp\u00e9rience captivante en vous d\u00e9lectant de notre rituel de th\u00e9 aux mains uniques.<\/p>\n<p><strong>Dur\u00e9e : 1h50<\/strong><\/p>\n","protected":false},"featured_media":1206,"comment_status":"open","ping_status":"closed","template":"","meta":{"_et_pb_use_builder":"","_et_pb_old_content":"","_et_gb_content_width":""},"product_brand":[],"product_cat":[57,59],"product_tag":[],"class_list":{"0":"post-1202","1":"product","2":"type-product","3":"status-publish","4":"has-post-thumbnail","6":"product_cat-simple","7":"product_cat-vouchers-fr","9":"first","10":"instock","11":"virtual","12":"purchasable","13":"product-type-simple"},"yoast_head":"<!-- This site is optimized with the Yoast SEO plugin v27.1.1 - https:\/\/yoast.com\/product\/yoast-seo-wordpress\/ -->\n<title>Rituel unique de respiration - Unique Hands Nature Spa<\/title>\n<meta name=\"robots\" content=\"index, follow, max-snippet:-1, max-image-preview:large, max-video-preview:-1\" \/>\n<link rel=\"canonical\" href=\"https:\/\/uniquehandsnaturespa.com\/vouchers\/rituel-unique-de-respiration\/\" \/>\n<meta property=\"og:locale\" content=\"fr_FR\" \/>\n<meta property=\"og:type\" content=\"article\" \/>\n<meta property=\"og:title\" content=\"Rituel unique de respiration - Unique Hands Nature Spa\" \/>\n<meta property=\"og:description\" content=\"Massage th\u00e9rapeutique sp\u00e9cial + Soin du visage + Rituel du th\u00e9 Un rituel unique qui promet de vous faire arr\u00eater dans le temps... Un temps pr\u00e9cieux qui laissera place aux plus merveilleuses sensations de relaxation, favoris\u00e9es par un massage th\u00e9rapeutique et un traitement de beaut\u00e9 du visage qui redonnera \u00e0 votre peau son \u00e9clat et sa sant\u00e9. Terminez cette exp\u00e9rience captivante en vous d\u00e9lectant de notre rituel de th\u00e9 aux mains uniques. Dur\u00e9e : 1h50\" \/>\n<meta property=\"og:url\" content=\"https:\/\/uniquehandsnaturespa.com\/vouchers\/rituel-unique-de-respiration\/\" \/>\n<meta property=\"og:site_name\" content=\"Unique Hands Nature Spa\" \/>\n<meta property=\"article:publisher\" content=\"https:\/\/www.facebook.com\/uniquehandsurbanspa\/\" \/>\n<meta property=\"article:modified_time\" content=\"2022-08-22T15:26:44+00:00\" \/>\n<meta property=\"og:image\" content=\"https:\/\/uniquehandsnaturespa.com\/wp-content\/uploads\/2022\/06\/Aprender-a-Respirar.jpg\" \/>\n\t<meta property=\"og:image:width\" content=\"700\" \/>\n\t<meta property=\"og:image:height\" content=\"700\" \/>\n\t<meta property=\"og:image:type\" content=\"image\/jpeg\" \/>\n<meta name=\"twitter:card\" content=\"summary_large_image\" \/>\n<script type=\"application\/ld+json\" class=\"yoast-schema-graph\">{\"@context\":\"https:\/\/schema.org\",\"@graph\":[{\"@type\":\"WebPage\",\"@id\":\"https:\/\/uniquehandsnaturespa.com\/vouchers\/rituel-unique-de-respiration\/\",\"url\":\"https:\/\/uniquehandsnaturespa.com\/vouchers\/rituel-unique-de-respiration\/\",\"name\":\"Rituel unique de respiration - Unique Hands Nature Spa\",\"isPartOf\":{\"@id\":\"https:\/\/uniquehandsnaturespa.com\/#website\"},\"primaryImageOfPage\":{\"@id\":\"https:\/\/uniquehandsnaturespa.com\/vouchers\/rituel-unique-de-respiration\/#primaryimage\"},\"image\":{\"@id\":\"https:\/\/uniquehandsnaturespa.com\/vouchers\/rituel-unique-de-respiration\/#primaryimage\"},\"thumbnailUrl\":\"https:\/\/uniquehandsnaturespa.com\/wp-content\/uploads\/2022\/06\/Aprender-a-Respirar.jpg\",\"datePublished\":\"2022-06-05T16:14:50+00:00\",\"dateModified\":\"2022-08-22T15:26:44+00:00\",\"breadcrumb\":{\"@id\":\"https:\/\/uniquehandsnaturespa.com\/vouchers\/rituel-unique-de-respiration\/#breadcrumb\"},\"inLanguage\":\"fr-FR\",\"potentialAction\":[{\"@type\":\"ReadAction\",\"target\":[\"https:\/\/uniquehandsnaturespa.com\/vouchers\/rituel-unique-de-respiration\/\"]}]},{\"@type\":\"ImageObject\",\"inLanguage\":\"fr-FR\",\"@id\":\"https:\/\/uniquehandsnaturespa.com\/vouchers\/rituel-unique-de-respiration\/#primaryimage\",\"url\":\"https:\/\/uniquehandsnaturespa.com\/wp-content\/uploads\/2022\/06\/Aprender-a-Respirar.jpg\",\"contentUrl\":\"https:\/\/uniquehandsnaturespa.com\/wp-content\/uploads\/2022\/06\/Aprender-a-Respirar.jpg\",\"width\":700,\"height\":700},{\"@type\":\"BreadcrumbList\",\"@id\":\"https:\/\/uniquehandsnaturespa.com\/vouchers\/rituel-unique-de-respiration\/#breadcrumb\",\"itemListElement\":[{\"@type\":\"ListItem\",\"position\":1,\"name\":\"Home\",\"item\":\"https:\/\/uniquehandsnaturespa.com\/fr\/\"},{\"@type\":\"ListItem\",\"position\":2,\"name\":\"Shop\",\"item\":\"https:\/\/uniquehandsnaturespa.com\/shop\/\"},{\"@type\":\"ListItem\",\"position\":3,\"name\":\"Rituel unique de respiration\"}]},{\"@type\":\"WebSite\",\"@id\":\"https:\/\/uniquehandsnaturespa.com\/#website\",\"url\":\"https:\/\/uniquehandsnaturespa.com\/\",\"name\":\"Unique Hands Nature Spa\",\"description\":\"Massages et Wellness Spa \u00e0 Cascais\",\"publisher\":{\"@id\":\"https:\/\/uniquehandsnaturespa.com\/#organization\"},\"potentialAction\":[{\"@type\":\"SearchAction\",\"target\":{\"@type\":\"EntryPoint\",\"urlTemplate\":\"https:\/\/uniquehandsnaturespa.com\/?s={search_term_string}\"},\"query-input\":{\"@type\":\"PropertyValueSpecification\",\"valueRequired\":true,\"valueName\":\"search_term_string\"}}],\"inLanguage\":\"fr-FR\"},{\"@type\":\"Organization\",\"@id\":\"https:\/\/uniquehandsnaturespa.com\/#organization\",\"name\":\"Unique Hands Nature Spa\",\"url\":\"https:\/\/uniquehandsnaturespa.com\/\",\"logo\":{\"@type\":\"ImageObject\",\"inLanguage\":\"fr-FR\",\"@id\":\"https:\/\/uniquehandsnaturespa.com\/#\/schema\/logo\/image\/\",\"url\":\"https:\/\/uniquehandsnaturespa.com\/wp-content\/uploads\/2022\/05\/L_Dourado-1.png\",\"contentUrl\":\"https:\/\/uniquehandsnaturespa.com\/wp-content\/uploads\/2022\/05\/L_Dourado-1.png\",\"width\":491,\"height\":187,\"caption\":\"Unique Hands Nature Spa\"},\"image\":{\"@id\":\"https:\/\/uniquehandsnaturespa.com\/#\/schema\/logo\/image\/\"},\"sameAs\":[\"https:\/\/www.facebook.com\/uniquehandsurbanspa\/\",\"https:\/\/www.instagram.com\/unique_hands_._urban_spa\/\"]}]}<\/script>\n<!-- \/ Yoast SEO plugin. -->","yoast_head_json":{"title":"Rituel unique de respiration - Unique Hands Nature Spa","robots":{"index":"index","follow":"follow","max-snippet":"max-snippet:-1","max-image-preview":"max-image-preview:large","max-video-preview":"max-video-preview:-1"},"canonical":"https:\/\/uniquehandsnaturespa.com\/vouchers\/rituel-unique-de-respiration\/","og_locale":"fr_FR","og_type":"article","og_title":"Rituel unique de respiration - Unique Hands Nature Spa","og_description":"Massage th\u00e9rapeutique sp\u00e9cial + Soin du visage + Rituel du th\u00e9 Un rituel unique qui promet de vous faire arr\u00eater dans le temps... Un temps pr\u00e9cieux qui laissera place aux plus merveilleuses sensations de relaxation, favoris\u00e9es par un massage th\u00e9rapeutique et un traitement de beaut\u00e9 du visage qui redonnera \u00e0 votre peau son \u00e9clat et sa sant\u00e9. Terminez cette exp\u00e9rience captivante en vous d\u00e9lectant de notre rituel de th\u00e9 aux mains uniques. Dur\u00e9e : 1h50","og_url":"https:\/\/uniquehandsnaturespa.com\/vouchers\/rituel-unique-de-respiration\/","og_site_name":"Unique Hands Nature Spa","article_publisher":"https:\/\/www.facebook.com\/uniquehandsurbanspa\/","article_modified_time":"2022-08-22T15:26:44+00:00","og_image":[{"width":700,"height":700,"url":"https:\/\/uniquehandsnaturespa.com\/wp-content\/uploads\/2022\/06\/Aprender-a-Respirar.jpg","type":"image\/jpeg"}],"twitter_card":"summary_large_image","schema":{"@context":"https:\/\/schema.org","@graph":[{"@type":"WebPage","@id":"https:\/\/uniquehandsnaturespa.com\/vouchers\/rituel-unique-de-respiration\/","url":"https:\/\/uniquehandsnaturespa.com\/vouchers\/rituel-unique-de-respiration\/","name":"Rituel unique de respiration - Unique Hands Nature Spa","isPartOf":{"@id":"https:\/\/uniquehandsnaturespa.com\/#website"},"primaryImageOfPage":{"@id":"https:\/\/uniquehandsnaturespa.com\/vouchers\/rituel-unique-de-respiration\/#primaryimage"},"image":{"@id":"https:\/\/uniquehandsnaturespa.com\/vouchers\/rituel-unique-de-respiration\/#primaryimage"},"thumbnailUrl":"https:\/\/uniquehandsnaturespa.com\/wp-content\/uploads\/2022\/06\/Aprender-a-Respirar.jpg","datePublished":"2022-06-05T16:14:50+00:00","dateModified":"2022-08-22T15:26:44+00:00","breadcrumb":{"@id":"https:\/\/uniquehandsnaturespa.com\/vouchers\/rituel-unique-de-respiration\/#breadcrumb"},"inLanguage":"fr-FR","potentialAction":[{"@type":"ReadAction","target":["https:\/\/uniquehandsnaturespa.com\/vouchers\/rituel-unique-de-respiration\/"]}]},{"@type":"ImageObject","inLanguage":"fr-FR","@id":"https:\/\/uniquehandsnaturespa.com\/vouchers\/rituel-unique-de-respiration\/#primaryimage","url":"https:\/\/uniquehandsnaturespa.com\/wp-content\/uploads\/2022\/06\/Aprender-a-Respirar.jpg","contentUrl":"https:\/\/uniquehandsnaturespa.com\/wp-content\/uploads\/2022\/06\/Aprender-a-Respirar.jpg","width":700,"height":700},{"@type":"BreadcrumbList","@id":"https:\/\/uniquehandsnaturespa.com\/vouchers\/rituel-unique-de-respiration\/#breadcrumb","itemListElement":[{"@type":"ListItem","position":1,"name":"Home","item":"https:\/\/uniquehandsnaturespa.com\/fr\/"},{"@type":"ListItem","position":2,"name":"Shop","item":"https:\/\/uniquehandsnaturespa.com\/shop\/"},{"@type":"ListItem","position":3,"name":"Rituel unique de respiration"}]},{"@type":"WebSite","@id":"https:\/\/uniquehandsnaturespa.com\/#website","url":"https:\/\/uniquehandsnaturespa.com\/","name":"Unique Hands Nature Spa","description":"Massages et Wellness Spa \u00e0 Cascais","publisher":{"@id":"https:\/\/uniquehandsnaturespa.com\/#organization"},"potentialAction":[{"@type":"SearchAction","target":{"@type":"EntryPoint","urlTemplate":"https:\/\/uniquehandsnaturespa.com\/?s={search_term_string}"},"query-input":{"@type":"PropertyValueSpecification","valueRequired":true,"valueName":"search_term_string"}}],"inLanguage":"fr-FR"},{"@type":"Organization","@id":"https:\/\/uniquehandsnaturespa.com\/#organization","name":"Unique Hands Nature Spa","url":"https:\/\/uniquehandsnaturespa.com\/","logo":{"@type":"ImageObject","inLanguage":"fr-FR","@id":"https:\/\/uniquehandsnaturespa.com\/#\/schema\/logo\/image\/","url":"https:\/\/uniquehandsnaturespa.com\/wp-content\/uploads\/2022\/05\/L_Dourado-1.png","contentUrl":"https:\/\/uniquehandsnaturespa.com\/wp-content\/uploads\/2022\/05\/L_Dourado-1.png","width":491,"height":187,"caption":"Unique Hands Nature Spa"},"image":{"@id":"https:\/\/uniquehandsnaturespa.com\/#\/schema\/logo\/image\/"},"sameAs":["https:\/\/www.facebook.com\/uniquehandsurbanspa\/","https:\/\/www.instagram.com\/unique_hands_._urban_spa\/"]}]}},"_links":{"self":[{"href":"https:\/\/uniquehandsnaturespa.com\/fr\/wp-json\/wp\/v2\/product\/1202","targetHints":{"allow":["GET"]}}],"collection":[{"href":"https:\/\/uniquehandsnaturespa.com\/fr\/wp-json\/wp\/v2\/product"}],"about":[{"href":"https:\/\/uniquehandsnaturespa.com\/fr\/wp-json\/wp\/v2\/types\/product"}],"replies":[{"embeddable":true,"href":"https:\/\/uniquehandsnaturespa.com\/fr\/wp-json\/wp\/v2\/comments?post=1202"}],"wp:featuredmedia":[{"embeddable":true,"href":"https:\/\/uniquehandsnaturespa.com\/fr\/wp-json\/wp\/v2\/media\/1206"}],"wp:attachment":[{"href":"https:\/\/uniquehandsnaturespa.com\/fr\/wp-json\/wp\/v2\/media?parent=1202"}],"wp:term":[{"taxonomy":"product_brand","embeddable":true,"href":"https:\/\/uniquehandsnaturespa.com\/fr\/wp-json\/wp\/v2\/product_brand?post=1202"},{"taxonomy":"product_cat","embeddable":true,"href":"https:\/\/uniquehandsnaturespa.com\/fr\/wp-json\/wp\/v2\/product_cat?post=1202"},{"taxonomy":"product_tag","embeddable":true,"href":"https:\/\/uniquehandsnaturespa.com\/fr\/wp-json\/wp\/v2\/product_tag?post=1202"}],"curies":[{"name":"wp","href":"https:\/\/api.w.org\/{rel}","templated":true}]}}