{"id":1205,"date":"2022-06-05T16:10:57","date_gmt":"2022-06-05T16:10:57","guid":{"rendered":"https:\/\/uniquehandsnaturespa.com\/vouchers\/massotherapie\/"},"modified":"2022-08-15T11:38:36","modified_gmt":"2022-08-15T11:38:36","slug":"massage-therapeutique","status":"publish","type":"product","link":"https:\/\/uniquehandsnaturespa.com\/fr\/vouchers\/massage-therapeutique\/","title":{"rendered":"Massoth\u00e9rapie"},"content":{"rendered":"","protected":false},"excerpt":{"rendered":"<p>Inspirer&#8230; Expirer&#8230;<br \/>\nLe massage th\u00e9rapeutique est d\u00e9di\u00e9 \u00e0 la r\u00e9cup\u00e9ration des blessures, \u00e0 l\u2019\u00e9limination des douleurs musculaires et des tensions localis\u00e9es. Cette pratique th\u00e9rapeutique combin\u00e9e \u00e0 l\u2019aromoth\u00e9rapie favorise la production de s\u00e9rotonine et d\u2019endorphine, d\u2019hormones du plaisir et de bien-\u00eatre, tout en r\u00e9duisant l\u2019anxi\u00e9t\u00e9 et le stress accumul\u00e9s. Inspirer&#8230; expirer&#8230; apr\u00e8s une heure, votre corps se sentira rafra\u00eechi et plein d\u2019\u00e9nergie positive!<\/p>\n<p><strong>Dur\u00e9e : 60 minutes<\/strong><\/p>\n","protected":false},"featured_media":1211,"comment_status":"open","ping_status":"closed","template":"","meta":{"_et_pb_use_builder":"","_et_pb_old_content":"","_et_gb_content_width":""},"product_brand":[],"product_cat":[58,59],"product_tag":[],"class_list":{"0":"post-1205","1":"product","2":"type-product","3":"status-publish","4":"has-post-thumbnail","6":"product_cat-variable-fr","7":"product_cat-vouchers-fr","9":"first","10":"instock","11":"shipping-taxable","12":"purchasable","13":"product-type-variable","14":"has-default-attributes"},"yoast_head":"<!-- This site is optimized with the Yoast SEO plugin v27.1.1 - https:\/\/yoast.com\/product\/yoast-seo-wordpress\/ -->\n<title>Massoth\u00e9rapie - Unique Hands Nature Spa<\/title>\n<meta name=\"robots\" content=\"index, follow, max-snippet:-1, max-image-preview:large, max-video-preview:-1\" \/>\n<link rel=\"canonical\" href=\"https:\/\/uniquehandsnaturespa.com\/vouchers\/massage-therapeutique\/\" \/>\n<meta property=\"og:locale\" content=\"fr_FR\" \/>\n<meta property=\"og:type\" content=\"article\" \/>\n<meta property=\"og:title\" content=\"Massoth\u00e9rapie - Unique Hands Nature Spa\" \/>\n<meta property=\"og:description\" content=\"Inspirer... Expirer... Le massage th\u00e9rapeutique est d\u00e9di\u00e9 \u00e0 la r\u00e9cup\u00e9ration des blessures, \u00e0 l\u2019\u00e9limination des douleurs musculaires et des tensions localis\u00e9es. Cette pratique th\u00e9rapeutique combin\u00e9e \u00e0 l\u2019aromoth\u00e9rapie favorise la production de s\u00e9rotonine et d\u2019endorphine, d\u2019hormones du plaisir et de bien-\u00eatre, tout en r\u00e9duisant l\u2019anxi\u00e9t\u00e9 et le stress accumul\u00e9s. Inspirer... expirer... apr\u00e8s une heure, votre corps se sentira rafra\u00eechi et plein d\u2019\u00e9nergie positive! Dur\u00e9e : 60 minutes\" \/>\n<meta property=\"og:url\" content=\"https:\/\/uniquehandsnaturespa.com\/vouchers\/massage-therapeutique\/\" \/>\n<meta property=\"og:site_name\" content=\"Unique Hands Nature Spa\" \/>\n<meta property=\"article:publisher\" content=\"https:\/\/www.facebook.com\/uniquehandsurbanspa\/\" \/>\n<meta property=\"article:modified_time\" content=\"2022-08-15T11:38:36+00:00\" \/>\n<meta property=\"og:image\" content=\"https:\/\/uniquehandsnaturespa.com\/wp-content\/uploads\/2022\/06\/massagem-terapeutica.jpg\" \/>\n\t<meta property=\"og:image:width\" content=\"700\" \/>\n\t<meta property=\"og:image:height\" content=\"700\" \/>\n\t<meta property=\"og:image:type\" content=\"image\/jpeg\" \/>\n<meta name=\"twitter:card\" content=\"summary_large_image\" \/>\n<script type=\"application\/ld+json\" class=\"yoast-schema-graph\">{\"@context\":\"https:\/\/schema.org\",\"@graph\":[{\"@type\":\"WebPage\",\"@id\":\"https:\/\/uniquehandsnaturespa.com\/vouchers\/massage-therapeutique\/\",\"url\":\"https:\/\/uniquehandsnaturespa.com\/vouchers\/massage-therapeutique\/\",\"name\":\"Massoth\u00e9rapie - Unique Hands Nature Spa\",\"isPartOf\":{\"@id\":\"https:\/\/uniquehandsnaturespa.com\/#website\"},\"primaryImageOfPage\":{\"@id\":\"https:\/\/uniquehandsnaturespa.com\/vouchers\/massage-therapeutique\/#primaryimage\"},\"image\":{\"@id\":\"https:\/\/uniquehandsnaturespa.com\/vouchers\/massage-therapeutique\/#primaryimage\"},\"thumbnailUrl\":\"https:\/\/uniquehandsnaturespa.com\/wp-content\/uploads\/2022\/06\/massagem-terapeutica.jpg\",\"datePublished\":\"2022-06-05T16:10:57+00:00\",\"dateModified\":\"2022-08-15T11:38:36+00:00\",\"breadcrumb\":{\"@id\":\"https:\/\/uniquehandsnaturespa.com\/vouchers\/massage-therapeutique\/#breadcrumb\"},\"inLanguage\":\"fr-FR\",\"potentialAction\":[{\"@type\":\"ReadAction\",\"target\":[\"https:\/\/uniquehandsnaturespa.com\/vouchers\/massage-therapeutique\/\"]}]},{\"@type\":\"ImageObject\",\"inLanguage\":\"fr-FR\",\"@id\":\"https:\/\/uniquehandsnaturespa.com\/vouchers\/massage-therapeutique\/#primaryimage\",\"url\":\"https:\/\/uniquehandsnaturespa.com\/wp-content\/uploads\/2022\/06\/massagem-terapeutica.jpg\",\"contentUrl\":\"https:\/\/uniquehandsnaturespa.com\/wp-content\/uploads\/2022\/06\/massagem-terapeutica.jpg\",\"width\":700,\"height\":700},{\"@type\":\"BreadcrumbList\",\"@id\":\"https:\/\/uniquehandsnaturespa.com\/vouchers\/massage-therapeutique\/#breadcrumb\",\"itemListElement\":[{\"@type\":\"ListItem\",\"position\":1,\"name\":\"Home\",\"item\":\"https:\/\/uniquehandsnaturespa.com\/fr\/\"},{\"@type\":\"ListItem\",\"position\":2,\"name\":\"Shop\",\"item\":\"https:\/\/uniquehandsnaturespa.com\/shop\/\"},{\"@type\":\"ListItem\",\"position\":3,\"name\":\"Massoth\u00e9rapie\"}]},{\"@type\":\"WebSite\",\"@id\":\"https:\/\/uniquehandsnaturespa.com\/#website\",\"url\":\"https:\/\/uniquehandsnaturespa.com\/\",\"name\":\"Unique Hands Nature Spa\",\"description\":\"Massages et Wellness Spa \u00e0 Cascais\",\"publisher\":{\"@id\":\"https:\/\/uniquehandsnaturespa.com\/#organization\"},\"potentialAction\":[{\"@type\":\"SearchAction\",\"target\":{\"@type\":\"EntryPoint\",\"urlTemplate\":\"https:\/\/uniquehandsnaturespa.com\/?s={search_term_string}\"},\"query-input\":{\"@type\":\"PropertyValueSpecification\",\"valueRequired\":true,\"valueName\":\"search_term_string\"}}],\"inLanguage\":\"fr-FR\"},{\"@type\":\"Organization\",\"@id\":\"https:\/\/uniquehandsnaturespa.com\/#organization\",\"name\":\"Unique Hands Nature Spa\",\"url\":\"https:\/\/uniquehandsnaturespa.com\/\",\"logo\":{\"@type\":\"ImageObject\",\"inLanguage\":\"fr-FR\",\"@id\":\"https:\/\/uniquehandsnaturespa.com\/#\/schema\/logo\/image\/\",\"url\":\"https:\/\/uniquehandsnaturespa.com\/wp-content\/uploads\/2022\/05\/L_Dourado-1.png\",\"contentUrl\":\"https:\/\/uniquehandsnaturespa.com\/wp-content\/uploads\/2022\/05\/L_Dourado-1.png\",\"width\":491,\"height\":187,\"caption\":\"Unique Hands Nature Spa\"},\"image\":{\"@id\":\"https:\/\/uniquehandsnaturespa.com\/#\/schema\/logo\/image\/\"},\"sameAs\":[\"https:\/\/www.facebook.com\/uniquehandsurbanspa\/\",\"https:\/\/www.instagram.com\/unique_hands_._urban_spa\/\"]}]}<\/script>\n<!-- \/ Yoast SEO plugin. -->","yoast_head_json":{"title":"Massoth\u00e9rapie - Unique Hands Nature Spa","robots":{"index":"index","follow":"follow","max-snippet":"max-snippet:-1","max-image-preview":"max-image-preview:large","max-video-preview":"max-video-preview:-1"},"canonical":"https:\/\/uniquehandsnaturespa.com\/vouchers\/massage-therapeutique\/","og_locale":"fr_FR","og_type":"article","og_title":"Massoth\u00e9rapie - Unique Hands Nature Spa","og_description":"Inspirer... Expirer... Le massage th\u00e9rapeutique est d\u00e9di\u00e9 \u00e0 la r\u00e9cup\u00e9ration des blessures, \u00e0 l\u2019\u00e9limination des douleurs musculaires et des tensions localis\u00e9es. Cette pratique th\u00e9rapeutique combin\u00e9e \u00e0 l\u2019aromoth\u00e9rapie favorise la production de s\u00e9rotonine et d\u2019endorphine, d\u2019hormones du plaisir et de bien-\u00eatre, tout en r\u00e9duisant l\u2019anxi\u00e9t\u00e9 et le stress accumul\u00e9s. Inspirer... expirer... apr\u00e8s une heure, votre corps se sentira rafra\u00eechi et plein d\u2019\u00e9nergie positive! Dur\u00e9e : 60 minutes","og_url":"https:\/\/uniquehandsnaturespa.com\/vouchers\/massage-therapeutique\/","og_site_name":"Unique Hands Nature Spa","article_publisher":"https:\/\/www.facebook.com\/uniquehandsurbanspa\/","article_modified_time":"2022-08-15T11:38:36+00:00","og_image":[{"width":700,"height":700,"url":"https:\/\/uniquehandsnaturespa.com\/wp-content\/uploads\/2022\/06\/massagem-terapeutica.jpg","type":"image\/jpeg"}],"twitter_card":"summary_large_image","schema":{"@context":"https:\/\/schema.org","@graph":[{"@type":"WebPage","@id":"https:\/\/uniquehandsnaturespa.com\/vouchers\/massage-therapeutique\/","url":"https:\/\/uniquehandsnaturespa.com\/vouchers\/massage-therapeutique\/","name":"Massoth\u00e9rapie - Unique Hands Nature Spa","isPartOf":{"@id":"https:\/\/uniquehandsnaturespa.com\/#website"},"primaryImageOfPage":{"@id":"https:\/\/uniquehandsnaturespa.com\/vouchers\/massage-therapeutique\/#primaryimage"},"image":{"@id":"https:\/\/uniquehandsnaturespa.com\/vouchers\/massage-therapeutique\/#primaryimage"},"thumbnailUrl":"https:\/\/uniquehandsnaturespa.com\/wp-content\/uploads\/2022\/06\/massagem-terapeutica.jpg","datePublished":"2022-06-05T16:10:57+00:00","dateModified":"2022-08-15T11:38:36+00:00","breadcrumb":{"@id":"https:\/\/uniquehandsnaturespa.com\/vouchers\/massage-therapeutique\/#breadcrumb"},"inLanguage":"fr-FR","potentialAction":[{"@type":"ReadAction","target":["https:\/\/uniquehandsnaturespa.com\/vouchers\/massage-therapeutique\/"]}]},{"@type":"ImageObject","inLanguage":"fr-FR","@id":"https:\/\/uniquehandsnaturespa.com\/vouchers\/massage-therapeutique\/#primaryimage","url":"https:\/\/uniquehandsnaturespa.com\/wp-content\/uploads\/2022\/06\/massagem-terapeutica.jpg","contentUrl":"https:\/\/uniquehandsnaturespa.com\/wp-content\/uploads\/2022\/06\/massagem-terapeutica.jpg","width":700,"height":700},{"@type":"BreadcrumbList","@id":"https:\/\/uniquehandsnaturespa.com\/vouchers\/massage-therapeutique\/#breadcrumb","itemListElement":[{"@type":"ListItem","position":1,"name":"Home","item":"https:\/\/uniquehandsnaturespa.com\/fr\/"},{"@type":"ListItem","position":2,"name":"Shop","item":"https:\/\/uniquehandsnaturespa.com\/shop\/"},{"@type":"ListItem","position":3,"name":"Massoth\u00e9rapie"}]},{"@type":"WebSite","@id":"https:\/\/uniquehandsnaturespa.com\/#website","url":"https:\/\/uniquehandsnaturespa.com\/","name":"Unique Hands Nature Spa","description":"Massages et Wellness Spa \u00e0 Cascais","publisher":{"@id":"https:\/\/uniquehandsnaturespa.com\/#organization"},"potentialAction":[{"@type":"SearchAction","target":{"@type":"EntryPoint","urlTemplate":"https:\/\/uniquehandsnaturespa.com\/?s={search_term_string}"},"query-input":{"@type":"PropertyValueSpecification","valueRequired":true,"valueName":"search_term_string"}}],"inLanguage":"fr-FR"},{"@type":"Organization","@id":"https:\/\/uniquehandsnaturespa.com\/#organization","name":"Unique Hands Nature Spa","url":"https:\/\/uniquehandsnaturespa.com\/","logo":{"@type":"ImageObject","inLanguage":"fr-FR","@id":"https:\/\/uniquehandsnaturespa.com\/#\/schema\/logo\/image\/","url":"https:\/\/uniquehandsnaturespa.com\/wp-content\/uploads\/2022\/05\/L_Dourado-1.png","contentUrl":"https:\/\/uniquehandsnaturespa.com\/wp-content\/uploads\/2022\/05\/L_Dourado-1.png","width":491,"height":187,"caption":"Unique Hands Nature Spa"},"image":{"@id":"https:\/\/uniquehandsnaturespa.com\/#\/schema\/logo\/image\/"},"sameAs":["https:\/\/www.facebook.com\/uniquehandsurbanspa\/","https:\/\/www.instagram.com\/unique_hands_._urban_spa\/"]}]}},"_links":{"self":[{"href":"https:\/\/uniquehandsnaturespa.com\/fr\/wp-json\/wp\/v2\/product\/1205","targetHints":{"allow":["GET"]}}],"collection":[{"href":"https:\/\/uniquehandsnaturespa.com\/fr\/wp-json\/wp\/v2\/product"}],"about":[{"href":"https:\/\/uniquehandsnaturespa.com\/fr\/wp-json\/wp\/v2\/types\/product"}],"replies":[{"embeddable":true,"href":"https:\/\/uniquehandsnaturespa.com\/fr\/wp-json\/wp\/v2\/comments?post=1205"}],"wp:featuredmedia":[{"embeddable":true,"href":"https:\/\/uniquehandsnaturespa.com\/fr\/wp-json\/wp\/v2\/media\/1211"}],"wp:attachment":[{"href":"https:\/\/uniquehandsnaturespa.com\/fr\/wp-json\/wp\/v2\/media?parent=1205"}],"wp:term":[{"taxonomy":"product_brand","embeddable":true,"href":"https:\/\/uniquehandsnaturespa.com\/fr\/wp-json\/wp\/v2\/product_brand?post=1205"},{"taxonomy":"product_cat","embeddable":true,"href":"https:\/\/uniquehandsnaturespa.com\/fr\/wp-json\/wp\/v2\/product_cat?post=1205"},{"taxonomy":"product_tag","embeddable":true,"href":"https:\/\/uniquehandsnaturespa.com\/fr\/wp-json\/wp\/v2\/product_tag?post=1205"}],"curies":[{"name":"wp","href":"https:\/\/api.w.org\/{rel}","templated":true}]}}