{"id":1229,"date":"2022-06-08T17:22:01","date_gmt":"2022-06-08T17:22:01","guid":{"rendered":"https:\/\/uniquehandsnaturespa.com\/vouchers\/soin-du-visage-age-diamond\/"},"modified":"2022-08-22T15:25:30","modified_gmt":"2022-08-22T15:25:30","slug":"visage-age-diamant","status":"publish","type":"product","link":"https:\/\/uniquehandsnaturespa.com\/fr\/vouchers\/visage-age-diamant\/","title":{"rendered":"Soin du visage Age Diamond"},"content":{"rendered":"","protected":false},"excerpt":{"rendered":"<p>Un diamant pour votre peau !<br \/>\nUn traitement <em>anti-\u00e2ge <\/em>liftant et redensibilisant pour le visage et le cou. Le massage liftant <em>effectu\u00e9<\/em> sur votre visage restaure la pl\u00e9nitude de la peau et red\u00e9finit le volume du visage.<\/p>\n<p><strong>Avantages<\/strong> :<br \/>\nStimule <em>un lifting imm\u00e9diat<\/em> et rensifie l\u2019ovale du visage.<br \/>\nNourrit, \u00e9claircit et tonifie.<br \/>\nLes rides profondes et les ridules deviennent plus lisses et att\u00e9nu\u00e9es.<\/p>\n<p><strong>Dur\u00e9e :<\/strong> 60 minutes<\/p>\n","protected":false},"featured_media":1230,"comment_status":"open","ping_status":"closed","template":"","meta":{"_et_pb_use_builder":"","_et_pb_old_content":"","_et_gb_content_width":""},"product_brand":[],"product_cat":[57,59],"product_tag":[],"class_list":{"0":"post-1229","1":"product","2":"type-product","3":"status-publish","4":"has-post-thumbnail","6":"product_cat-simple","7":"product_cat-vouchers-fr","9":"first","10":"instock","11":"virtual","12":"purchasable","13":"product-type-simple"},"yoast_head":"<!-- This site is optimized with the Yoast SEO plugin v27.1.1 - https:\/\/yoast.com\/product\/yoast-seo-wordpress\/ -->\n<title>Soin du visage Age Diamond - Unique Hands Nature Spa<\/title>\n<meta name=\"robots\" content=\"index, follow, max-snippet:-1, max-image-preview:large, max-video-preview:-1\" \/>\n<link rel=\"canonical\" href=\"https:\/\/uniquehandsnaturespa.com\/vouchers\/visage-age-diamant\/\" \/>\n<meta property=\"og:locale\" content=\"fr_FR\" \/>\n<meta property=\"og:type\" content=\"article\" \/>\n<meta property=\"og:title\" content=\"Soin du visage Age Diamond - Unique Hands Nature Spa\" \/>\n<meta property=\"og:description\" content=\"Un diamant pour votre peau ! Un traitement anti-\u00e2ge liftant et redensibilisant pour le visage et le cou. Le massage liftant effectu\u00e9 sur votre visage restaure la pl\u00e9nitude de la peau et red\u00e9finit le volume du visage. Avantages : Stimule un lifting imm\u00e9diat et rensifie l\u2019ovale du visage. Nourrit, \u00e9claircit et tonifie. Les rides profondes et les ridules deviennent plus lisses et att\u00e9nu\u00e9es. Dur\u00e9e : 60 minutes\" \/>\n<meta property=\"og:url\" content=\"https:\/\/uniquehandsnaturespa.com\/vouchers\/visage-age-diamant\/\" \/>\n<meta property=\"og:site_name\" content=\"Unique Hands Nature Spa\" \/>\n<meta property=\"article:publisher\" content=\"https:\/\/www.facebook.com\/uniquehandsurbanspa\/\" \/>\n<meta property=\"article:modified_time\" content=\"2022-08-22T15:25:30+00:00\" \/>\n<meta property=\"og:image\" content=\"https:\/\/uniquehandsnaturespa.com\/wp-content\/uploads\/2022\/06\/peles-2947556.jpeg\" \/>\n\t<meta property=\"og:image:width\" content=\"1261\" \/>\n\t<meta property=\"og:image:height\" content=\"1261\" \/>\n\t<meta property=\"og:image:type\" content=\"image\/jpeg\" \/>\n<meta name=\"twitter:card\" content=\"summary_large_image\" \/>\n<script type=\"application\/ld+json\" class=\"yoast-schema-graph\">{\"@context\":\"https:\/\/schema.org\",\"@graph\":[{\"@type\":\"WebPage\",\"@id\":\"https:\/\/uniquehandsnaturespa.com\/vouchers\/visage-age-diamant\/\",\"url\":\"https:\/\/uniquehandsnaturespa.com\/vouchers\/visage-age-diamant\/\",\"name\":\"Soin du visage Age Diamond - Unique Hands Nature Spa\",\"isPartOf\":{\"@id\":\"https:\/\/uniquehandsnaturespa.com\/#website\"},\"primaryImageOfPage\":{\"@id\":\"https:\/\/uniquehandsnaturespa.com\/vouchers\/visage-age-diamant\/#primaryimage\"},\"image\":{\"@id\":\"https:\/\/uniquehandsnaturespa.com\/vouchers\/visage-age-diamant\/#primaryimage\"},\"thumbnailUrl\":\"https:\/\/uniquehandsnaturespa.com\/wp-content\/uploads\/2022\/06\/peles-2947556.jpeg\",\"datePublished\":\"2022-06-08T17:22:01+00:00\",\"dateModified\":\"2022-08-22T15:25:30+00:00\",\"breadcrumb\":{\"@id\":\"https:\/\/uniquehandsnaturespa.com\/vouchers\/visage-age-diamant\/#breadcrumb\"},\"inLanguage\":\"fr-FR\",\"potentialAction\":[{\"@type\":\"ReadAction\",\"target\":[\"https:\/\/uniquehandsnaturespa.com\/vouchers\/visage-age-diamant\/\"]}]},{\"@type\":\"ImageObject\",\"inLanguage\":\"fr-FR\",\"@id\":\"https:\/\/uniquehandsnaturespa.com\/vouchers\/visage-age-diamant\/#primaryimage\",\"url\":\"https:\/\/uniquehandsnaturespa.com\/wp-content\/uploads\/2022\/06\/peles-2947556.jpeg\",\"contentUrl\":\"https:\/\/uniquehandsnaturespa.com\/wp-content\/uploads\/2022\/06\/peles-2947556.jpeg\",\"width\":1261,\"height\":1261},{\"@type\":\"BreadcrumbList\",\"@id\":\"https:\/\/uniquehandsnaturespa.com\/vouchers\/visage-age-diamant\/#breadcrumb\",\"itemListElement\":[{\"@type\":\"ListItem\",\"position\":1,\"name\":\"Home\",\"item\":\"https:\/\/uniquehandsnaturespa.com\/fr\/\"},{\"@type\":\"ListItem\",\"position\":2,\"name\":\"Shop\",\"item\":\"https:\/\/uniquehandsnaturespa.com\/shop\/\"},{\"@type\":\"ListItem\",\"position\":3,\"name\":\"Soin du visage Age Diamond\"}]},{\"@type\":\"WebSite\",\"@id\":\"https:\/\/uniquehandsnaturespa.com\/#website\",\"url\":\"https:\/\/uniquehandsnaturespa.com\/\",\"name\":\"Unique Hands Nature Spa\",\"description\":\"Massages et Wellness Spa \u00e0 Cascais\",\"publisher\":{\"@id\":\"https:\/\/uniquehandsnaturespa.com\/#organization\"},\"potentialAction\":[{\"@type\":\"SearchAction\",\"target\":{\"@type\":\"EntryPoint\",\"urlTemplate\":\"https:\/\/uniquehandsnaturespa.com\/?s={search_term_string}\"},\"query-input\":{\"@type\":\"PropertyValueSpecification\",\"valueRequired\":true,\"valueName\":\"search_term_string\"}}],\"inLanguage\":\"fr-FR\"},{\"@type\":\"Organization\",\"@id\":\"https:\/\/uniquehandsnaturespa.com\/#organization\",\"name\":\"Unique Hands Nature Spa\",\"url\":\"https:\/\/uniquehandsnaturespa.com\/\",\"logo\":{\"@type\":\"ImageObject\",\"inLanguage\":\"fr-FR\",\"@id\":\"https:\/\/uniquehandsnaturespa.com\/#\/schema\/logo\/image\/\",\"url\":\"https:\/\/uniquehandsnaturespa.com\/wp-content\/uploads\/2022\/05\/L_Dourado-1.png\",\"contentUrl\":\"https:\/\/uniquehandsnaturespa.com\/wp-content\/uploads\/2022\/05\/L_Dourado-1.png\",\"width\":491,\"height\":187,\"caption\":\"Unique Hands Nature Spa\"},\"image\":{\"@id\":\"https:\/\/uniquehandsnaturespa.com\/#\/schema\/logo\/image\/\"},\"sameAs\":[\"https:\/\/www.facebook.com\/uniquehandsurbanspa\/\",\"https:\/\/www.instagram.com\/unique_hands_._urban_spa\/\"]}]}<\/script>\n<!-- \/ Yoast SEO plugin. -->","yoast_head_json":{"title":"Soin du visage Age Diamond - Unique Hands Nature Spa","robots":{"index":"index","follow":"follow","max-snippet":"max-snippet:-1","max-image-preview":"max-image-preview:large","max-video-preview":"max-video-preview:-1"},"canonical":"https:\/\/uniquehandsnaturespa.com\/vouchers\/visage-age-diamant\/","og_locale":"fr_FR","og_type":"article","og_title":"Soin du visage Age Diamond - Unique Hands Nature Spa","og_description":"Un diamant pour votre peau ! Un traitement anti-\u00e2ge liftant et redensibilisant pour le visage et le cou. Le massage liftant effectu\u00e9 sur votre visage restaure la pl\u00e9nitude de la peau et red\u00e9finit le volume du visage. Avantages : Stimule un lifting imm\u00e9diat et rensifie l\u2019ovale du visage. Nourrit, \u00e9claircit et tonifie. Les rides profondes et les ridules deviennent plus lisses et att\u00e9nu\u00e9es. Dur\u00e9e : 60 minutes","og_url":"https:\/\/uniquehandsnaturespa.com\/vouchers\/visage-age-diamant\/","og_site_name":"Unique Hands Nature Spa","article_publisher":"https:\/\/www.facebook.com\/uniquehandsurbanspa\/","article_modified_time":"2022-08-22T15:25:30+00:00","og_image":[{"width":1261,"height":1261,"url":"https:\/\/uniquehandsnaturespa.com\/wp-content\/uploads\/2022\/06\/peles-2947556.jpeg","type":"image\/jpeg"}],"twitter_card":"summary_large_image","schema":{"@context":"https:\/\/schema.org","@graph":[{"@type":"WebPage","@id":"https:\/\/uniquehandsnaturespa.com\/vouchers\/visage-age-diamant\/","url":"https:\/\/uniquehandsnaturespa.com\/vouchers\/visage-age-diamant\/","name":"Soin du visage Age Diamond - Unique Hands Nature Spa","isPartOf":{"@id":"https:\/\/uniquehandsnaturespa.com\/#website"},"primaryImageOfPage":{"@id":"https:\/\/uniquehandsnaturespa.com\/vouchers\/visage-age-diamant\/#primaryimage"},"image":{"@id":"https:\/\/uniquehandsnaturespa.com\/vouchers\/visage-age-diamant\/#primaryimage"},"thumbnailUrl":"https:\/\/uniquehandsnaturespa.com\/wp-content\/uploads\/2022\/06\/peles-2947556.jpeg","datePublished":"2022-06-08T17:22:01+00:00","dateModified":"2022-08-22T15:25:30+00:00","breadcrumb":{"@id":"https:\/\/uniquehandsnaturespa.com\/vouchers\/visage-age-diamant\/#breadcrumb"},"inLanguage":"fr-FR","potentialAction":[{"@type":"ReadAction","target":["https:\/\/uniquehandsnaturespa.com\/vouchers\/visage-age-diamant\/"]}]},{"@type":"ImageObject","inLanguage":"fr-FR","@id":"https:\/\/uniquehandsnaturespa.com\/vouchers\/visage-age-diamant\/#primaryimage","url":"https:\/\/uniquehandsnaturespa.com\/wp-content\/uploads\/2022\/06\/peles-2947556.jpeg","contentUrl":"https:\/\/uniquehandsnaturespa.com\/wp-content\/uploads\/2022\/06\/peles-2947556.jpeg","width":1261,"height":1261},{"@type":"BreadcrumbList","@id":"https:\/\/uniquehandsnaturespa.com\/vouchers\/visage-age-diamant\/#breadcrumb","itemListElement":[{"@type":"ListItem","position":1,"name":"Home","item":"https:\/\/uniquehandsnaturespa.com\/fr\/"},{"@type":"ListItem","position":2,"name":"Shop","item":"https:\/\/uniquehandsnaturespa.com\/shop\/"},{"@type":"ListItem","position":3,"name":"Soin du visage Age Diamond"}]},{"@type":"WebSite","@id":"https:\/\/uniquehandsnaturespa.com\/#website","url":"https:\/\/uniquehandsnaturespa.com\/","name":"Unique Hands Nature Spa","description":"Massages et Wellness Spa \u00e0 Cascais","publisher":{"@id":"https:\/\/uniquehandsnaturespa.com\/#organization"},"potentialAction":[{"@type":"SearchAction","target":{"@type":"EntryPoint","urlTemplate":"https:\/\/uniquehandsnaturespa.com\/?s={search_term_string}"},"query-input":{"@type":"PropertyValueSpecification","valueRequired":true,"valueName":"search_term_string"}}],"inLanguage":"fr-FR"},{"@type":"Organization","@id":"https:\/\/uniquehandsnaturespa.com\/#organization","name":"Unique Hands Nature Spa","url":"https:\/\/uniquehandsnaturespa.com\/","logo":{"@type":"ImageObject","inLanguage":"fr-FR","@id":"https:\/\/uniquehandsnaturespa.com\/#\/schema\/logo\/image\/","url":"https:\/\/uniquehandsnaturespa.com\/wp-content\/uploads\/2022\/05\/L_Dourado-1.png","contentUrl":"https:\/\/uniquehandsnaturespa.com\/wp-content\/uploads\/2022\/05\/L_Dourado-1.png","width":491,"height":187,"caption":"Unique Hands Nature Spa"},"image":{"@id":"https:\/\/uniquehandsnaturespa.com\/#\/schema\/logo\/image\/"},"sameAs":["https:\/\/www.facebook.com\/uniquehandsurbanspa\/","https:\/\/www.instagram.com\/unique_hands_._urban_spa\/"]}]}},"_links":{"self":[{"href":"https:\/\/uniquehandsnaturespa.com\/fr\/wp-json\/wp\/v2\/product\/1229","targetHints":{"allow":["GET"]}}],"collection":[{"href":"https:\/\/uniquehandsnaturespa.com\/fr\/wp-json\/wp\/v2\/product"}],"about":[{"href":"https:\/\/uniquehandsnaturespa.com\/fr\/wp-json\/wp\/v2\/types\/product"}],"replies":[{"embeddable":true,"href":"https:\/\/uniquehandsnaturespa.com\/fr\/wp-json\/wp\/v2\/comments?post=1229"}],"wp:featuredmedia":[{"embeddable":true,"href":"https:\/\/uniquehandsnaturespa.com\/fr\/wp-json\/wp\/v2\/media\/1230"}],"wp:attachment":[{"href":"https:\/\/uniquehandsnaturespa.com\/fr\/wp-json\/wp\/v2\/media?parent=1229"}],"wp:term":[{"taxonomy":"product_brand","embeddable":true,"href":"https:\/\/uniquehandsnaturespa.com\/fr\/wp-json\/wp\/v2\/product_brand?post=1229"},{"taxonomy":"product_cat","embeddable":true,"href":"https:\/\/uniquehandsnaturespa.com\/fr\/wp-json\/wp\/v2\/product_cat?post=1229"},{"taxonomy":"product_tag","embeddable":true,"href":"https:\/\/uniquehandsnaturespa.com\/fr\/wp-json\/wp\/v2\/product_tag?post=1229"}],"curies":[{"name":"wp","href":"https:\/\/api.w.org\/{rel}","templated":true}]}}