{"id":1242,"date":"2022-06-08T17:24:46","date_gmt":"2022-06-08T17:24:46","guid":{"rendered":"https:\/\/uniquehandsnaturespa.com\/vouchers\/rituel-detox-de-lhimalaya\/"},"modified":"2022-08-22T15:19:52","modified_gmt":"2022-08-22T15:19:52","slug":"rituel-detox-de-lhimalaya","status":"publish","type":"product","link":"https:\/\/uniquehandsnaturespa.com\/fr\/vouchers\/rituel-detox-de-lhimalaya\/","title":{"rendered":"Rituel d\u00e9tox de l&rsquo;Himalaya"},"content":{"rendered":"","protected":false},"excerpt":{"rendered":"<p>Gommage D\u00e9tox de l\u2019Himalaya + Enveloppement Detox + Rituel du Th\u00e9 D\u00e9tox<br \/>\nHimalayan Detox Ritual est la combinaison parfaite pour purifier et d\u00e9toxifier votre corps. Ce rituel commence par une exfoliation d\u00e9tox au sel de l&rsquo;Himalaya, un \u00e9l\u00e9ment reconnu pour ses propri\u00e9t\u00e9s r\u00e9g\u00e9n\u00e9ratrices et d\u00e9toxifiantes. Terminez ce rituel avec un Detox Wrap riche en sels min\u00e9raux et d\u00e9gustez notre th\u00e9 d\u00e9tox rituel avec un fort pouvoir antioxydant qui vous apportera une merveilleuse sensation de fra\u00eecheur \u00e0 votre journ\u00e9e.<\/p>\n<p><strong>Dur\u00e9e : 1h10min<\/strong><\/p>\n","protected":false},"featured_media":1249,"comment_status":"open","ping_status":"closed","template":"","meta":{"_et_pb_use_builder":"","_et_pb_old_content":"","_et_gb_content_width":""},"product_brand":[],"product_cat":[57,59],"product_tag":[],"class_list":{"0":"post-1242","1":"product","2":"type-product","3":"status-publish","4":"has-post-thumbnail","6":"product_cat-simple","7":"product_cat-vouchers-fr","9":"first","10":"instock","11":"virtual","12":"purchasable","13":"product-type-simple"},"yoast_head":"<!-- This site is optimized with the Yoast SEO plugin v27.1.1 - https:\/\/yoast.com\/product\/yoast-seo-wordpress\/ -->\n<title>Rituel d\u00e9tox de l&#039;Himalaya - Unique Hands Nature Spa<\/title>\n<meta name=\"robots\" content=\"index, follow, max-snippet:-1, max-image-preview:large, max-video-preview:-1\" \/>\n<link rel=\"canonical\" href=\"https:\/\/uniquehandsnaturespa.com\/vouchers\/rituel-detox-de-lhimalaya\/\" \/>\n<meta property=\"og:locale\" content=\"fr_FR\" \/>\n<meta property=\"og:type\" content=\"article\" \/>\n<meta property=\"og:title\" content=\"Rituel d\u00e9tox de l&#039;Himalaya - Unique Hands Nature Spa\" \/>\n<meta property=\"og:description\" content=\"Gommage D\u00e9tox de l\u2019Himalaya + Enveloppement Detox + Rituel du Th\u00e9 D\u00e9tox Himalayan Detox Ritual est la combinaison parfaite pour purifier et d\u00e9toxifier votre corps. Ce rituel commence par une exfoliation d\u00e9tox au sel de l&#039;Himalaya, un \u00e9l\u00e9ment reconnu pour ses propri\u00e9t\u00e9s r\u00e9g\u00e9n\u00e9ratrices et d\u00e9toxifiantes. Terminez ce rituel avec un Detox Wrap riche en sels min\u00e9raux et d\u00e9gustez notre th\u00e9 d\u00e9tox rituel avec un fort pouvoir antioxydant qui vous apportera une merveilleuse sensation de fra\u00eecheur \u00e0 votre journ\u00e9e. Dur\u00e9e : 1h10min\" \/>\n<meta property=\"og:url\" content=\"https:\/\/uniquehandsnaturespa.com\/vouchers\/rituel-detox-de-lhimalaya\/\" \/>\n<meta property=\"og:site_name\" content=\"Unique Hands Nature Spa\" \/>\n<meta property=\"article:publisher\" content=\"https:\/\/www.facebook.com\/uniquehandsurbanspa\/\" \/>\n<meta property=\"article:modified_time\" content=\"2022-08-22T15:19:52+00:00\" \/>\n<meta property=\"og:image\" content=\"https:\/\/uniquehandsnaturespa.com\/wp-content\/uploads\/2022\/06\/pexels-arina-krasnikova-6663368.jpeg\" \/>\n\t<meta property=\"og:image:width\" content=\"1280\" \/>\n\t<meta property=\"og:image:height\" content=\"854\" \/>\n\t<meta property=\"og:image:type\" content=\"image\/jpeg\" \/>\n<meta name=\"twitter:card\" content=\"summary_large_image\" \/>\n<script type=\"application\/ld+json\" class=\"yoast-schema-graph\">{\"@context\":\"https:\/\/schema.org\",\"@graph\":[{\"@type\":\"WebPage\",\"@id\":\"https:\/\/uniquehandsnaturespa.com\/vouchers\/rituel-detox-de-lhimalaya\/\",\"url\":\"https:\/\/uniquehandsnaturespa.com\/vouchers\/rituel-detox-de-lhimalaya\/\",\"name\":\"Rituel d\u00e9tox de l'Himalaya - Unique Hands Nature Spa\",\"isPartOf\":{\"@id\":\"https:\/\/uniquehandsnaturespa.com\/#website\"},\"primaryImageOfPage\":{\"@id\":\"https:\/\/uniquehandsnaturespa.com\/vouchers\/rituel-detox-de-lhimalaya\/#primaryimage\"},\"image\":{\"@id\":\"https:\/\/uniquehandsnaturespa.com\/vouchers\/rituel-detox-de-lhimalaya\/#primaryimage\"},\"thumbnailUrl\":\"https:\/\/uniquehandsnaturespa.com\/wp-content\/uploads\/2022\/06\/pexels-arina-krasnikova-6663368.jpeg\",\"datePublished\":\"2022-06-08T17:24:46+00:00\",\"dateModified\":\"2022-08-22T15:19:52+00:00\",\"breadcrumb\":{\"@id\":\"https:\/\/uniquehandsnaturespa.com\/vouchers\/rituel-detox-de-lhimalaya\/#breadcrumb\"},\"inLanguage\":\"fr-FR\",\"potentialAction\":[{\"@type\":\"ReadAction\",\"target\":[\"https:\/\/uniquehandsnaturespa.com\/vouchers\/rituel-detox-de-lhimalaya\/\"]}]},{\"@type\":\"ImageObject\",\"inLanguage\":\"fr-FR\",\"@id\":\"https:\/\/uniquehandsnaturespa.com\/vouchers\/rituel-detox-de-lhimalaya\/#primaryimage\",\"url\":\"https:\/\/uniquehandsnaturespa.com\/wp-content\/uploads\/2022\/06\/pexels-arina-krasnikova-6663368.jpeg\",\"contentUrl\":\"https:\/\/uniquehandsnaturespa.com\/wp-content\/uploads\/2022\/06\/pexels-arina-krasnikova-6663368.jpeg\",\"width\":1280,\"height\":854},{\"@type\":\"BreadcrumbList\",\"@id\":\"https:\/\/uniquehandsnaturespa.com\/vouchers\/rituel-detox-de-lhimalaya\/#breadcrumb\",\"itemListElement\":[{\"@type\":\"ListItem\",\"position\":1,\"name\":\"Home\",\"item\":\"https:\/\/uniquehandsnaturespa.com\/fr\/\"},{\"@type\":\"ListItem\",\"position\":2,\"name\":\"Shop\",\"item\":\"https:\/\/uniquehandsnaturespa.com\/shop\/\"},{\"@type\":\"ListItem\",\"position\":3,\"name\":\"Rituel d\u00e9tox de l&#8217;Himalaya\"}]},{\"@type\":\"WebSite\",\"@id\":\"https:\/\/uniquehandsnaturespa.com\/#website\",\"url\":\"https:\/\/uniquehandsnaturespa.com\/\",\"name\":\"Unique Hands Nature Spa\",\"description\":\"Massages et Wellness Spa \u00e0 Cascais\",\"publisher\":{\"@id\":\"https:\/\/uniquehandsnaturespa.com\/#organization\"},\"potentialAction\":[{\"@type\":\"SearchAction\",\"target\":{\"@type\":\"EntryPoint\",\"urlTemplate\":\"https:\/\/uniquehandsnaturespa.com\/?s={search_term_string}\"},\"query-input\":{\"@type\":\"PropertyValueSpecification\",\"valueRequired\":true,\"valueName\":\"search_term_string\"}}],\"inLanguage\":\"fr-FR\"},{\"@type\":\"Organization\",\"@id\":\"https:\/\/uniquehandsnaturespa.com\/#organization\",\"name\":\"Unique Hands Nature Spa\",\"url\":\"https:\/\/uniquehandsnaturespa.com\/\",\"logo\":{\"@type\":\"ImageObject\",\"inLanguage\":\"fr-FR\",\"@id\":\"https:\/\/uniquehandsnaturespa.com\/#\/schema\/logo\/image\/\",\"url\":\"https:\/\/uniquehandsnaturespa.com\/wp-content\/uploads\/2022\/05\/L_Dourado-1.png\",\"contentUrl\":\"https:\/\/uniquehandsnaturespa.com\/wp-content\/uploads\/2022\/05\/L_Dourado-1.png\",\"width\":491,\"height\":187,\"caption\":\"Unique Hands Nature Spa\"},\"image\":{\"@id\":\"https:\/\/uniquehandsnaturespa.com\/#\/schema\/logo\/image\/\"},\"sameAs\":[\"https:\/\/www.facebook.com\/uniquehandsurbanspa\/\",\"https:\/\/www.instagram.com\/unique_hands_._urban_spa\/\"]}]}<\/script>\n<!-- \/ Yoast SEO plugin. -->","yoast_head_json":{"title":"Rituel d\u00e9tox de l'Himalaya - Unique Hands Nature Spa","robots":{"index":"index","follow":"follow","max-snippet":"max-snippet:-1","max-image-preview":"max-image-preview:large","max-video-preview":"max-video-preview:-1"},"canonical":"https:\/\/uniquehandsnaturespa.com\/vouchers\/rituel-detox-de-lhimalaya\/","og_locale":"fr_FR","og_type":"article","og_title":"Rituel d\u00e9tox de l'Himalaya - Unique Hands Nature Spa","og_description":"Gommage D\u00e9tox de l\u2019Himalaya + Enveloppement Detox + Rituel du Th\u00e9 D\u00e9tox Himalayan Detox Ritual est la combinaison parfaite pour purifier et d\u00e9toxifier votre corps. Ce rituel commence par une exfoliation d\u00e9tox au sel de l'Himalaya, un \u00e9l\u00e9ment reconnu pour ses propri\u00e9t\u00e9s r\u00e9g\u00e9n\u00e9ratrices et d\u00e9toxifiantes. Terminez ce rituel avec un Detox Wrap riche en sels min\u00e9raux et d\u00e9gustez notre th\u00e9 d\u00e9tox rituel avec un fort pouvoir antioxydant qui vous apportera une merveilleuse sensation de fra\u00eecheur \u00e0 votre journ\u00e9e. Dur\u00e9e : 1h10min","og_url":"https:\/\/uniquehandsnaturespa.com\/vouchers\/rituel-detox-de-lhimalaya\/","og_site_name":"Unique Hands Nature Spa","article_publisher":"https:\/\/www.facebook.com\/uniquehandsurbanspa\/","article_modified_time":"2022-08-22T15:19:52+00:00","og_image":[{"width":1280,"height":854,"url":"https:\/\/uniquehandsnaturespa.com\/wp-content\/uploads\/2022\/06\/pexels-arina-krasnikova-6663368.jpeg","type":"image\/jpeg"}],"twitter_card":"summary_large_image","schema":{"@context":"https:\/\/schema.org","@graph":[{"@type":"WebPage","@id":"https:\/\/uniquehandsnaturespa.com\/vouchers\/rituel-detox-de-lhimalaya\/","url":"https:\/\/uniquehandsnaturespa.com\/vouchers\/rituel-detox-de-lhimalaya\/","name":"Rituel d\u00e9tox de l'Himalaya - Unique Hands Nature Spa","isPartOf":{"@id":"https:\/\/uniquehandsnaturespa.com\/#website"},"primaryImageOfPage":{"@id":"https:\/\/uniquehandsnaturespa.com\/vouchers\/rituel-detox-de-lhimalaya\/#primaryimage"},"image":{"@id":"https:\/\/uniquehandsnaturespa.com\/vouchers\/rituel-detox-de-lhimalaya\/#primaryimage"},"thumbnailUrl":"https:\/\/uniquehandsnaturespa.com\/wp-content\/uploads\/2022\/06\/pexels-arina-krasnikova-6663368.jpeg","datePublished":"2022-06-08T17:24:46+00:00","dateModified":"2022-08-22T15:19:52+00:00","breadcrumb":{"@id":"https:\/\/uniquehandsnaturespa.com\/vouchers\/rituel-detox-de-lhimalaya\/#breadcrumb"},"inLanguage":"fr-FR","potentialAction":[{"@type":"ReadAction","target":["https:\/\/uniquehandsnaturespa.com\/vouchers\/rituel-detox-de-lhimalaya\/"]}]},{"@type":"ImageObject","inLanguage":"fr-FR","@id":"https:\/\/uniquehandsnaturespa.com\/vouchers\/rituel-detox-de-lhimalaya\/#primaryimage","url":"https:\/\/uniquehandsnaturespa.com\/wp-content\/uploads\/2022\/06\/pexels-arina-krasnikova-6663368.jpeg","contentUrl":"https:\/\/uniquehandsnaturespa.com\/wp-content\/uploads\/2022\/06\/pexels-arina-krasnikova-6663368.jpeg","width":1280,"height":854},{"@type":"BreadcrumbList","@id":"https:\/\/uniquehandsnaturespa.com\/vouchers\/rituel-detox-de-lhimalaya\/#breadcrumb","itemListElement":[{"@type":"ListItem","position":1,"name":"Home","item":"https:\/\/uniquehandsnaturespa.com\/fr\/"},{"@type":"ListItem","position":2,"name":"Shop","item":"https:\/\/uniquehandsnaturespa.com\/shop\/"},{"@type":"ListItem","position":3,"name":"Rituel d\u00e9tox de l&#8217;Himalaya"}]},{"@type":"WebSite","@id":"https:\/\/uniquehandsnaturespa.com\/#website","url":"https:\/\/uniquehandsnaturespa.com\/","name":"Unique Hands Nature Spa","description":"Massages et Wellness Spa \u00e0 Cascais","publisher":{"@id":"https:\/\/uniquehandsnaturespa.com\/#organization"},"potentialAction":[{"@type":"SearchAction","target":{"@type":"EntryPoint","urlTemplate":"https:\/\/uniquehandsnaturespa.com\/?s={search_term_string}"},"query-input":{"@type":"PropertyValueSpecification","valueRequired":true,"valueName":"search_term_string"}}],"inLanguage":"fr-FR"},{"@type":"Organization","@id":"https:\/\/uniquehandsnaturespa.com\/#organization","name":"Unique Hands Nature Spa","url":"https:\/\/uniquehandsnaturespa.com\/","logo":{"@type":"ImageObject","inLanguage":"fr-FR","@id":"https:\/\/uniquehandsnaturespa.com\/#\/schema\/logo\/image\/","url":"https:\/\/uniquehandsnaturespa.com\/wp-content\/uploads\/2022\/05\/L_Dourado-1.png","contentUrl":"https:\/\/uniquehandsnaturespa.com\/wp-content\/uploads\/2022\/05\/L_Dourado-1.png","width":491,"height":187,"caption":"Unique Hands Nature Spa"},"image":{"@id":"https:\/\/uniquehandsnaturespa.com\/#\/schema\/logo\/image\/"},"sameAs":["https:\/\/www.facebook.com\/uniquehandsurbanspa\/","https:\/\/www.instagram.com\/unique_hands_._urban_spa\/"]}]}},"_links":{"self":[{"href":"https:\/\/uniquehandsnaturespa.com\/fr\/wp-json\/wp\/v2\/product\/1242","targetHints":{"allow":["GET"]}}],"collection":[{"href":"https:\/\/uniquehandsnaturespa.com\/fr\/wp-json\/wp\/v2\/product"}],"about":[{"href":"https:\/\/uniquehandsnaturespa.com\/fr\/wp-json\/wp\/v2\/types\/product"}],"replies":[{"embeddable":true,"href":"https:\/\/uniquehandsnaturespa.com\/fr\/wp-json\/wp\/v2\/comments?post=1242"}],"wp:featuredmedia":[{"embeddable":true,"href":"https:\/\/uniquehandsnaturespa.com\/fr\/wp-json\/wp\/v2\/media\/1249"}],"wp:attachment":[{"href":"https:\/\/uniquehandsnaturespa.com\/fr\/wp-json\/wp\/v2\/media?parent=1242"}],"wp:term":[{"taxonomy":"product_brand","embeddable":true,"href":"https:\/\/uniquehandsnaturespa.com\/fr\/wp-json\/wp\/v2\/product_brand?post=1242"},{"taxonomy":"product_cat","embeddable":true,"href":"https:\/\/uniquehandsnaturespa.com\/fr\/wp-json\/wp\/v2\/product_cat?post=1242"},{"taxonomy":"product_tag","embeddable":true,"href":"https:\/\/uniquehandsnaturespa.com\/fr\/wp-json\/wp\/v2\/product_tag?post=1242"}],"curies":[{"name":"wp","href":"https:\/\/api.w.org\/{rel}","templated":true}]}}